{"id":126474,"date":"2021-03-01T00:00:00","date_gmt":"2021-03-01T05:00:00","guid":{"rendered":"https:\/\/gpl-love.com\/es\/producto\/whatsapp-food-saas-whatsapp-ordering\/"},"modified":"2026-04-10T11:30:49","modified_gmt":"2026-04-10T16:30:49","slug":"whatsapp-food-saas-whatsapp-ordering","status":"publish","type":"product","link":"https:\/\/gpl-love.com\/es\/producto\/whatsapp-food-saas-whatsapp-ordering\/","title":{"rendered":"WhatsApp Food SaaS WhatsApp Ordering 2.1.1"},"content":{"rendered":"<h3>WhatsApp Food SaaS WhatsApp Ordering Caracteristicas<\/h3>\n<p>WhatsApp Food SaaS presenta una soluci\u00f3n eficaz que atiende a restaurantes y empresas de alimentos que desean optimizar su proceso de pedido. Esta herramienta de vanguardia facilita a los clientes a realizar sus pedidos sin esfuerzo a trav\u00e9s de WhatsApp, obviando la necesidad de navegar f\u00edsicamente de los sitios web o participar en conversaciones telef\u00f3nicas. El sistema opera a trav\u00e9s de la automatizaci\u00f3n completa y cuenta con una interfaz f\u00e1cil de usar, la administraci\u00f3n de pedidos, el seguimiento de inventario y el procesamiento de pagos son un br\u00edo para las empresas. Esta soluci\u00f3n SaaS ha sido meticulosamente dise\u00f1ada para aumentar la eficiencia, reducir los errores y elevar la experiencia general del cliente. Al capitalizar el potencial de WhatsApp, las empresas pueden forjar conexiones m\u00e1s \u00edntimas con su clientela, reforzando simult\u00e1neamente las cifras de ventas y la generaci\u00f3n de ingresos. Ya sea que un establecimiento sea un caf\u00e9 diminuto o una cadena de restaurantes expansivo, WhatsApp Food SaaS est\u00e1 listo para racionalizar las operaciones y fomentar la expansi\u00f3n de su empresa.<\/p>\n<ul>\n<li>Un poderoso sistema de pedidos de alimentos que funciona a trav\u00e9s de la aplicaci\u00f3n de mensajer\u00eda popular, WhatsApp<\/li>\n<li>Permite que los restaurantes reciban y rastrean los pedidos directamente a trav\u00e9s de WhatsApp, simplificando el proceso de pedido<\/li>\n<li>Cuenta con una interfaz f\u00e1cil de usar que facilita a los clientes navegar y realizar pedidos<\/li>\n<li>Ofrece men\u00fas personalizables y la capacidad de establecer opciones de precios y entrega<\/li>\n<li>Incluye confirmaci\u00f3n autom\u00e1tica de pedidos y actualizaciones para mantener informados tanto a los clientes como a los restaurantes durante todo el proceso.<\/li>\n<li>Admite m\u00faltiples idiomas y monedas para la accesibilidad global<\/li>\n<li>Proporciona an\u00e1lisis detallados e informes para ayudar a los restaurantes a rastrear las ventas y mejorar el rendimiento<\/li>\n<li>Se puede integrar f\u00e1cilmente con otro software de gesti\u00f3n de restaurantes para una soluci\u00f3n integral<\/li>\n<li>Ofrece atenci\u00f3n al cliente confiable y asistencia t\u00e9cnica para garantizar una implementaci\u00f3n y uso efectivos.<\/li>\n<\/ul>\n","protected":false},"excerpt":{"rendered":"<p>WhatsApp Food SaaS Whatsapp Ordening es un software excepcional y altamente intuitivo que ha sido meticulosamente elaborado para impulsar su negocio de alimentos hacia alturas de \u00e9xito sin precedentes. Aprovechando el poder de esta soluci\u00f3n de vanguardia, su estimada clientela podr\u00e1 enviar sin esfuerzo sus pedidos y realizar pagos r\u00e1pidos, todo sin tener que recurrir a los m\u00e9todos tradicionales y que llevan mucho tiempo de conversaciones telef\u00f3nicas o visitar f\u00edsicamente su establecimiento. Al integrar perfectamente este notable software en sus operaciones, podr\u00e1 optimizar y optimizar la totalidad de sus procesos culinarios, asegurando as\u00ed la conveniencia y satisfacci\u00f3n incomparables tanto para sus clientes estimados como para su estimado. Independientemente de si preside un caf\u00e9 modesto y acogedor o un imperio de restaurantes expansivo y prestigioso, WhatsApp Food SaaS WhatsApp WhatsApp representa la elecci\u00f3n por excelencia para amplificar la eficiencia, la conveniencia y la rentabilidad de su estimado establecimiento.<\/p>\n","protected":false},"featured_media":167995,"comment_status":"open","ping_status":"open","template":"","meta":[],"product_brand":[2339],"product_cat":[1214,1206,1211],"product_tag":[1256],"class_list":{"0":"post-126474","1":"product","2":"type-product","3":"status-publish","4":"has-post-thumbnail","6":"product_brand-codecanyon","7":"product_cat-personalizacion","8":"product_cat-plugins","9":"product_cat-wordpress-plugins","10":"product_tag-codecanyon","11":"member-discount","12":"discount-restricted","14":"first","15":"instock","16":"sale","17":"downloadable","18":"virtual","19":"sold-individually","20":"purchasable","21":"product-type-simple"},"_links":{"self":[{"href":"https:\/\/gpl-love.com\/es\/wp-json\/wp\/v2\/product\/126474","targetHints":{"allow":["GET"]}}],"collection":[{"href":"https:\/\/gpl-love.com\/es\/wp-json\/wp\/v2\/product"}],"about":[{"href":"https:\/\/gpl-love.com\/es\/wp-json\/wp\/v2\/types\/product"}],"replies":[{"embeddable":true,"href":"https:\/\/gpl-love.com\/es\/wp-json\/wp\/v2\/comments?post=126474"}],"wp:featuredmedia":[{"embeddable":true,"href":"https:\/\/gpl-love.com\/es\/wp-json\/wp\/v2\/media\/167995"}],"wp:attachment":[{"href":"https:\/\/gpl-love.com\/es\/wp-json\/wp\/v2\/media?parent=126474"}],"wp:term":[{"taxonomy":"product_brand","embeddable":true,"href":"https:\/\/gpl-love.com\/es\/wp-json\/wp\/v2\/product_brand?post=126474"},{"taxonomy":"product_cat","embeddable":true,"href":"https:\/\/gpl-love.com\/es\/wp-json\/wp\/v2\/product_cat?post=126474"},{"taxonomy":"product_tag","embeddable":true,"href":"https:\/\/gpl-love.com\/es\/wp-json\/wp\/v2\/product_tag?post=126474"}],"curies":[{"name":"wp","href":"https:\/\/api.w.org\/{rel}","templated":true}]}}