{"id":126473,"date":"2026-04-22T00:00:00","date_gmt":"2026-04-22T05:00:00","guid":{"rendered":"https:\/\/gpl-love.com\/es\/producto\/whatsapp-chat-wordpress\/"},"modified":"2026-04-22T17:16:27","modified_gmt":"2026-04-22T22:16:27","slug":"whatsapp-chat-wordpress","status":"publish","type":"product","link":"https:\/\/gpl-love.com\/es\/producto\/whatsapp-chat-wordpress\/","title":{"rendered":"WhatsApp Chat WordPress 3.7.4"},"content":{"rendered":"<h3>WhatsApp Chat WordPress Caracteristicas<\/h3>\n<p>WhatsApp Chat WordPress es un complemento notablemente robusto y din\u00e1mico, que facilita expertos la integraci\u00f3n perfecta de la funcionalidad de chat de WhatsApp en los sitios de WordPress. A trav\u00e9s de la utilizaci\u00f3n de este complemento, los propietarios de sitios web pueden establecer sin esfuerzo una l\u00ednea directa de comunicaci\u00f3n entre ellos y sus estimados visitantes, as\u00ed como sus estimados equipos de atenci\u00f3n al cliente, lo que aumenta la experiencia general del usuario de una manera incomparable. Adem\u00e1s, este complemento exhibe un grado extraordinariamente alto de configurabilidad, lo que brinda a los usuarios la oportunidad de adaptar la est\u00e9tica visual y las tendencias operativas de la ventana de chat para alinearse inequ\u00edvocamente con el dise\u00f1o \u00fanico y los requisitos previos idiosincr\u00e1ticos de sus sitios web individuales. Con la invaluable asistencia de WhatsApp Chat WordPress, los propietarios de sitios web pueden amplificar indiscutiblemente la participaci\u00f3n y reforzar las conversiones al proporcionar un medio de comunicaci\u00f3n conveniente, f\u00e1cil de usar y convenientemente accesible para sus visitantes altamente valorados.<\/p>\n<ul>\n<li>Integra el chat de whatsapp sin problemas en su sitio web de WordPress<\/li>\n<li>Permite a los visitantes charlar con usted directamente a trav\u00e9s de WhatsApp<\/li>\n<li>Proceso de instalaci\u00f3n simple, no se requiere codificaci\u00f3n<\/li>\n<li>Dise\u00f1o de botones de chat personalizable para que coincida con el tema de su sitio web<\/li>\n<li>Admite m\u00faltiples n\u00fameros de WhatsApp, perfecto para empresas con m\u00faltiples departamentos<\/li>\n<li>La capacidad de respuesta m\u00f3vil garantiza una experiencia de chat sin problemas en todos los dispositivos<\/li>\n<li>An\u00e1lisis detallado para rastrear el rendimiento del chat y el comportamiento de los visitantes<\/li>\n<li>Notificaciones instant\u00e1neas para nuevos mensajes a trav\u00e9s de WhatsApp<\/li>\n<li>Guarda historias de chat para futuras referencias y an\u00e1lisis<\/li>\n<li>Compatible con todos los temas y complementos de WordPress.<\/li>\n<\/ul>\n","protected":false},"excerpt":{"rendered":"<p>Si es un negocio en busca de formas de mejorar su atenci\u00f3n al cliente y su compromiso, el complemento de WordPress de WhatsApp es una excelente soluci\u00f3n. Ofrece la capacidad de integrar sin problemas un widget de chat de WhatsApp en su sitio web de WordPress, facilitando as\u00ed la comunicaci\u00f3n en tiempo real con los visitantes a trav\u00e9s de WhatsApp. El proceso de instalaci\u00f3n y personalizaci\u00f3n de este complemento es sencillo, y es compatible con todos los dispositivos, lo que garantiza una experiencia de usuario suave. Al aprovechar este complemento, puede conectarse sin esfuerzo con sus clientes, abordar r\u00e1pidamente sus consultas y ofrecer la asistencia que requieren. Eleve su atenci\u00f3n al cliente a nuevas alturas incorporando el complemento de WordPress de WhatsApp en su tablero de WordPress.<\/p>\n","protected":false},"featured_media":167994,"comment_status":"open","ping_status":"open","template":"","meta":[],"product_brand":[2339],"product_cat":[1232,1206,1211],"product_tag":[1256],"class_list":{"0":"post-126473","1":"product","2":"type-product","3":"status-publish","4":"has-post-thumbnail","6":"product_brand-codecanyon","7":"product_cat-marketing-wordpress-plugins","8":"product_cat-plugins","9":"product_cat-wordpress-plugins","10":"product_tag-codecanyon","11":"member-discount","12":"discount-restricted","14":"first","15":"instock","16":"sale","17":"downloadable","18":"virtual","19":"sold-individually","20":"purchasable","21":"product-type-simple"},"_links":{"self":[{"href":"https:\/\/gpl-love.com\/es\/wp-json\/wp\/v2\/product\/126473","targetHints":{"allow":["GET"]}}],"collection":[{"href":"https:\/\/gpl-love.com\/es\/wp-json\/wp\/v2\/product"}],"about":[{"href":"https:\/\/gpl-love.com\/es\/wp-json\/wp\/v2\/types\/product"}],"replies":[{"embeddable":true,"href":"https:\/\/gpl-love.com\/es\/wp-json\/wp\/v2\/comments?post=126473"}],"wp:featuredmedia":[{"embeddable":true,"href":"https:\/\/gpl-love.com\/es\/wp-json\/wp\/v2\/media\/167994"}],"wp:attachment":[{"href":"https:\/\/gpl-love.com\/es\/wp-json\/wp\/v2\/media?parent=126473"}],"wp:term":[{"taxonomy":"product_brand","embeddable":true,"href":"https:\/\/gpl-love.com\/es\/wp-json\/wp\/v2\/product_brand?post=126473"},{"taxonomy":"product_cat","embeddable":true,"href":"https:\/\/gpl-love.com\/es\/wp-json\/wp\/v2\/product_cat?post=126473"},{"taxonomy":"product_tag","embeddable":true,"href":"https:\/\/gpl-love.com\/es\/wp-json\/wp\/v2\/product_tag?post=126473"}],"curies":[{"name":"wp","href":"https:\/\/api.w.org\/{rel}","templated":true}]}}