{"id":126472,"date":"2026-01-24T00:00:00","date_gmt":"2026-01-24T05:00:00","guid":{"rendered":"https:\/\/gpl-love.com\/es\/producto\/whatsapp-chat-pro-wp-social-chat-para-wordpress\/"},"modified":"2026-03-09T08:18:56","modified_gmt":"2026-03-09T13:18:56","slug":"whatsapp-chat-pro-wp-social-chat-para-wordpress","status":"publish","type":"product","link":"https:\/\/gpl-love.com\/es\/producto\/whatsapp-chat-pro-wp-social-chat-para-wordpress\/","title":{"rendered":"Social Chat Pro para WordPress 8.0.6"},"content":{"rendered":"<h3>Social Chat Pro para WordPress Caracteristicas<\/h3>\n<p>WhatsApp Chat Pro (WP Social Chat) es un complemento de WordPress extremadamente robusto que permite a los propietarios de sitios web incorporar a la perfecci\u00f3n la funcionalidad de chat de WhatsApp en sus sitios web. Este notable complemento permite a los visitantes establecer sin esfuerzo conexiones con los propietarios de sitios a trav\u00e9s de WhatsApp, adquiriendo as\u00ed soluciones r\u00e1pidas a sus consultas. Notablemente f\u00e1cil de usar, el complemento cuenta con una extensa gama de opciones de personalizaci\u00f3n que se alinean armoniosamente con el estilo y la marca individuales del sitio web. Al aprovechar el complemento WhatsApp Chat Pro, las empresas pueden reforzar sustancialmente la comunicaci\u00f3n del cliente, fortaleciendo el v\u00ednculo entre ellos y su valiosa clientela. Sin lugar a dudas, esta herramienta esencial es una necesidad absoluta para cualquier propietario del sitio web comprometido a mejorar su servicio al cliente y optimizar la experiencia general del usuario.<\/p>\n<ul>\n<li>Un complemento premium que integra perfectamente la funci\u00f3n de chat de WhatsApp con su sitio web de WordPress<\/li>\n<li>Permite a los visitantes del sitio web chatear directamente con usted en WhatsApp sin salir de su sitio<\/li>\n<li>Altamente personalizable y flexible, con m\u00faltiples opciones de visualizaci\u00f3n y colores para que coincidan con su marca<\/li>\n<li>Dise\u00f1o receptivo que funciona sin problemas en todos los dispositivos, incluidos los dispositivos m\u00f3viles y de escritorio<\/li>\n<li>F\u00e1cil de instalar y usar, sin necesidad de codificaci\u00f3n ni conocimiento t\u00e9cnico<\/li>\n<li>Le permite agregar m\u00faltiples n\u00fameros de WhatsApp, d\u00e1ndole m\u00e1s flexibilidad en la gesti\u00f3n de chats entrantes<\/li>\n<li>Viene con documentaci\u00f3n y apoyo integrales, asegurando que est\u00e9 en funcionamiento en poco tiempo<\/li>\n<li>Mejora la participaci\u00f3n del usuario y la experiencia del cliente, lo que lleva a mayores conversiones y ventas<\/li>\n<li>Actualizado regularmente con nuevas caracter\u00edsticas y mejoras para garantizar que se mantenga a la vanguardia de la competencia.<\/li>\n<\/ul>\n","protected":false},"excerpt":{"rendered":"<p>WhatsApp Chat Pro es un complemento excepcionalmente robusto y rico en funciones dise\u00f1ado espec\u00edficamente para WordPress, que integra sin problemas y sin problemas la funcionalidad de mensajer\u00eda de WhatsApp muy popular en su sitio web existente. Con su proceso de configuraci\u00f3n notablemente f\u00e1cil de usar y una amplia gama de opciones personalizables a su disposici\u00f3n, este complemento excepcional le permite aumentar y elevar significativamente sus capacidades de atenci\u00f3n al cliente autorizando y facilitando mensajes directos entre sus estimados visitantes y usted mismo a trav\u00e9s del medio de WhatsApp . Adem\u00e1s, este complemento fenomenal tambi\u00e9n le confiere la invaluable ventaja de experimentar notificaciones de chat en tiempo real, asegurando as\u00ed respuestas r\u00e1pidas y oportunas a las consultas y preocupaciones de sus visitantes. Adem\u00e1s, la versatilidad incomparable de WhatsApp Chat Pro se demuestra a\u00fan m\u00e1s por su capacidad innata de apoyar sin esfuerzo y eficientemente m\u00faltiples cuentas, lo que lo convierte en una opci\u00f3n ideal para empresas caracterizadas por numerosos departamentos o diversos agentes. En consecuencia, al incorporar este complemento incomparable en su sitio web, puede mejorar de manera efectiva y sustancial la experiencia general del usuario de sus estimados visitantes, al tiempo que fomenta y fomenta simult\u00e1neamente niveles elevados de compromiso con ellos.<\/p>\n","protected":false},"featured_media":167993,"comment_status":"open","ping_status":"open","template":"","meta":[],"product_brand":[2594],"product_cat":[1214,1206,1211],"product_tag":[2140],"class_list":{"0":"post-126472","1":"product","2":"type-product","3":"status-publish","4":"has-post-thumbnail","6":"product_brand-quadlayers","7":"product_cat-personalizacion","8":"product_cat-plugins","9":"product_cat-wordpress-plugins","10":"product_tag-quadlayers","11":"member-discount","12":"discount-restricted","14":"first","15":"instock","16":"sale","17":"downloadable","18":"virtual","19":"sold-individually","20":"purchasable","21":"product-type-simple"},"_links":{"self":[{"href":"https:\/\/gpl-love.com\/es\/wp-json\/wp\/v2\/product\/126472","targetHints":{"allow":["GET"]}}],"collection":[{"href":"https:\/\/gpl-love.com\/es\/wp-json\/wp\/v2\/product"}],"about":[{"href":"https:\/\/gpl-love.com\/es\/wp-json\/wp\/v2\/types\/product"}],"replies":[{"embeddable":true,"href":"https:\/\/gpl-love.com\/es\/wp-json\/wp\/v2\/comments?post=126472"}],"wp:featuredmedia":[{"embeddable":true,"href":"https:\/\/gpl-love.com\/es\/wp-json\/wp\/v2\/media\/167993"}],"wp:attachment":[{"href":"https:\/\/gpl-love.com\/es\/wp-json\/wp\/v2\/media?parent=126472"}],"wp:term":[{"taxonomy":"product_brand","embeddable":true,"href":"https:\/\/gpl-love.com\/es\/wp-json\/wp\/v2\/product_brand?post=126472"},{"taxonomy":"product_cat","embeddable":true,"href":"https:\/\/gpl-love.com\/es\/wp-json\/wp\/v2\/product_cat?post=126472"},{"taxonomy":"product_tag","embeddable":true,"href":"https:\/\/gpl-love.com\/es\/wp-json\/wp\/v2\/product_tag?post=126472"}],"curies":[{"name":"wp","href":"https:\/\/api.w.org\/{rel}","templated":true}]}}