{"id":126471,"date":"2021-12-09T00:00:00","date_gmt":"2021-12-09T05:00:00","guid":{"rendered":"https:\/\/gpl-love.com\/es\/producto\/whatsapp-chat-para-wordpress-y-woocommerce\/"},"modified":"2026-04-10T11:30:46","modified_gmt":"2026-04-10T16:30:46","slug":"whatsapp-chat-para-wordpress-y-woocommerce","status":"publish","type":"product","link":"https:\/\/gpl-love.com\/es\/producto\/whatsapp-chat-para-wordpress-y-woocommerce\/","title":{"rendered":"WhatsApp Chat para WordPress y WooCommerce 1.1.1"},"content":{"rendered":"<h3>WhatsApp Chat para WordPress y WooCommerce Caracteristicas<\/h3>\n<p>WhatsApp Chat para WordPress y WooCommerce es una herramienta incre\u00edblemente potente que le permite establecer una conexi\u00f3n directa con sus valiosos clientes a trav\u00e9s de la utilizaci\u00f3n de la aplicaci\u00f3n de mensajer\u00eda m\u00e1s utilizada del mundo. Este complemento extraordinario facilita la adici\u00f3n perfecta de un bot\u00f3n de chat de WhatsApp a su sitio web, facilitando as\u00ed la comunicaci\u00f3n sin esfuerzo y sin complicaciones entre usted y sus estimados clientes, lo que les permite comunicarse con sus consultas, dudas y preocupaciones. La magnificencia de este complemento radica en su capacidad de brindarle la oportunidad de personalizar su bot\u00f3n de chat, armoniz\u00e1ndolo sin problemas con el lenguaje de dise\u00f1o de su sitio web. No solo eso, sino que tambi\u00e9n posee la capacidad de elegir selectivamente las p\u00e1ginas en las que se exhibir\u00e1 el bot\u00f3n de chat, asegurando as\u00ed una visibilidad \u00f3ptima. Adem\u00e1s, el complemento ofrece la comodidad de configurar mensajes y saludos automatizados, asegurando el tiempo ahorrado y una mayor eficiencia. La integraci\u00f3n de este complemento con la aclamada plataforma WooCommerce es otra caracter\u00edstica encomiable, lo que hace que sea muy f\u00e1cil difundir las actualizaciones de pedidos, la informaci\u00f3n de env\u00edo y cualquier otro datos relevantes para sus estimados clientes. En general, la naturaleza indispensable del chat de WhatsApp para WordPress y WooCommerce no puede ser exagerada, ya que sirve como una herramienta indispensable para cualquier emprendedor visionario o propietario de negocios interesados \u200b\u200ben aumentar sus capacidades de atenci\u00f3n al cliente y racionalizar sus canales de comunicaci\u00f3n con su estado estimado.<\/p>\n<ul>\n<li>Integre sin problemas el chat de whatsapp en sus sitios web de WordPress y WooCommerce<\/li>\n<li>Intermacerse con los clientes a trav\u00e9s de mensajes en tiempo real para tiempos de respuesta m\u00e1s r\u00e1pidos<\/li>\n<li>Instalaci\u00f3n f\u00e1cil y proceso de configuraci\u00f3n con instrucciones paso a paso<\/li>\n<li>Widget de chat personalizable para que coincida con la marca de su sitio web<\/li>\n<li>Rastrear el comportamiento del usuario y las tendencias para mejorar la experiencia del cliente<\/li>\n<li>Aumentar las ventas y reducir el abandono del carrito al proporcionar atenci\u00f3n al cliente instant\u00e1nea<\/li>\n<li>Historial de chat de acceso para futuras referencias y seguimientos<\/li>\n<li>Compatible con todos los dispositivos, incluidos los dispositivos m\u00f3viles y el escritorio<\/li>\n<li>No se necesitan habilidades de codificaci\u00f3n para instalar y administrar el complemento<\/li>\n<li>Actualizaciones frecuentes y soporte del equipo de desarrolladores.<\/li>\n<\/ul>\n","protected":false},"excerpt":{"rendered":"<p>La funcionalidad proporcionada por el chat de WhatsApp para WordPress y el complemento de WooCommerce presenta a los usuarios la conveniente capacidad de incorporar sin esfuerzo un bot\u00f3n de chat de WhatsApp en su sitio web, facilitando as\u00ed la comunicaci\u00f3n perfecta entre clientes y negocios, en el que los clientes pueden abordar f\u00e1cilmente las empresas con cualquier consulta, dudas, dudas, dudas, dudas, dudas, dudas, dudas, dudas, dudas, dudas, dudas, dudas, dudas, dudas, dudas, dudas, dudas, dudas, dudas, dudas, o quejas que pueden albergar. Este complemento cuenta con un proceso de configuraci\u00f3n optimizado que requiere solo un solo clic y tambi\u00e9n ofrece a los usuarios la libertad de personalizar su bot\u00f3n de chat, lo que le hace una soluci\u00f3n de software ideal para empresas interesadas en elevar la satisfacci\u00f3n del cliente y fomentar la participaci\u00f3n activa del cliente. Adem\u00e1s, debido a su integraci\u00f3n con WooCommerce, este complemento permite a las empresas extender sus servicios de atenci\u00f3n al cliente directamente desde su escaparate virtual.<\/p>\n","protected":false},"featured_media":167992,"comment_status":"open","ping_status":"open","template":"","meta":[],"product_brand":[2339],"product_cat":[1214,1206,1211],"product_tag":[1256],"class_list":{"0":"post-126471","1":"product","2":"type-product","3":"status-publish","4":"has-post-thumbnail","6":"product_brand-codecanyon","7":"product_cat-personalizacion","8":"product_cat-plugins","9":"product_cat-wordpress-plugins","10":"product_tag-codecanyon","11":"member-discount","12":"discount-restricted","14":"first","15":"instock","16":"sale","17":"downloadable","18":"virtual","19":"sold-individually","20":"purchasable","21":"product-type-simple"},"_links":{"self":[{"href":"https:\/\/gpl-love.com\/es\/wp-json\/wp\/v2\/product\/126471","targetHints":{"allow":["GET"]}}],"collection":[{"href":"https:\/\/gpl-love.com\/es\/wp-json\/wp\/v2\/product"}],"about":[{"href":"https:\/\/gpl-love.com\/es\/wp-json\/wp\/v2\/types\/product"}],"replies":[{"embeddable":true,"href":"https:\/\/gpl-love.com\/es\/wp-json\/wp\/v2\/comments?post=126471"}],"wp:featuredmedia":[{"embeddable":true,"href":"https:\/\/gpl-love.com\/es\/wp-json\/wp\/v2\/media\/167992"}],"wp:attachment":[{"href":"https:\/\/gpl-love.com\/es\/wp-json\/wp\/v2\/media?parent=126471"}],"wp:term":[{"taxonomy":"product_brand","embeddable":true,"href":"https:\/\/gpl-love.com\/es\/wp-json\/wp\/v2\/product_brand?post=126471"},{"taxonomy":"product_cat","embeddable":true,"href":"https:\/\/gpl-love.com\/es\/wp-json\/wp\/v2\/product_cat?post=126471"},{"taxonomy":"product_tag","embeddable":true,"href":"https:\/\/gpl-love.com\/es\/wp-json\/wp\/v2\/product_tag?post=126471"}],"curies":[{"name":"wp","href":"https:\/\/api.w.org\/{rel}","templated":true}]}}