{"id":126470,"date":"2026-01-23T00:00:00","date_gmt":"2026-01-23T05:00:00","guid":{"rendered":"https:\/\/gpl-love.com\/es\/producto\/werkstatt-creative-portfolio-wordpress-theme\/"},"modified":"2026-04-10T11:30:46","modified_gmt":"2026-04-10T16:30:46","slug":"werkstatt-creative-portfolio-wordpress-theme","status":"publish","type":"product","link":"https:\/\/gpl-love.com\/es\/producto\/werkstatt-creative-portfolio-wordpress-theme\/","title":{"rendered":"Werkstatt Creative Portfolio WordPress Theme 4.8.7"},"content":{"rendered":"<h3>Werkstatt Creative Portfolio WordPress Theme Caracteristicas<\/h3>\n<p>El tema de WordPress de Werkstatt Creative Portfolio es un tema muy potente y vers\u00e1til que ha sido dise\u00f1ado espec\u00edficamente para profesionales creativos que est\u00e1n interesados \u200b\u200ben exhibir sus esfuerzos art\u00edsticos en Internet. Este tema proporciona a los usuarios una interfaz personalizable y f\u00e1cil de usar que les permite generar y manejar carteras impresionantes sin esfuerzo. Al aprovechar su multitud de dise\u00f1os, p\u00e1ginas de demostraci\u00f3n y widgets personalizados f\u00e1cilmente disponibles, los usuarios pueden establecer r\u00e1pidamente una persona en l\u00ednea distintiva y cautivadora que no solo es visualmente atractiva, sino tambi\u00e9n altamente funcional. Adem\u00e1s, este tema est\u00e1 equipado con una variedad de caracter\u00edsticas avanzadas como tipograf\u00eda personalizable, desplazamiento de paralaje, estilos de encabezado m\u00faltiples y opciones de fondo personalizables, otorgando as\u00ed a los usuarios la capacidad de crear un sitio web visualmente llamativo que sea un verdadero reflejo de su imagen de marca \u00fanica de su imagen de marca. . En esencia, el tema de WordPress de Werkstatt Creative Portfolio sirve como una opci\u00f3n excepcional para artistas, dise\u00f1adores, fot\u00f3grafos y otros profesionales creativos que buscan establecer una presencia formidable en el \u00e1mbito digital.<\/p>\n<ul>\n<li>Un tema de WordPress elegante y moderno dise\u00f1ado espec\u00edficamente para carteras creativas<\/li>\n<li>Totalmente receptivo y compatible con todos los dispositivos y tama\u00f1os de pantalla<\/li>\n<li>Incluye 6 dise\u00f1os de p\u00e1gina de inicio \u00fanicos para elegir<\/li>\n<li>Constructor de p\u00e1gina de arrastrar y soltar incorporado para una f\u00e1cil personalizaci\u00f3n<\/li>\n<li>Capacidad para mostrar diferentes tipos de medios, como im\u00e1genes, videos y audio.<\/li>\n<li>M\u00faltiples dise\u00f1os de cartera para mostrar su trabajo de diferentes maneras<\/li>\n<li>Opci\u00f3n para vender productos directamente desde su sitio web con WooCommerce Integration<\/li>\n<li>Integraci\u00f3n de redes sociales incorporadas para compartir f\u00e1cilmente su trabajo en diferentes plataformas<\/li>\n<li>F\u00e1cil de configurar y personalizar con documentaci\u00f3n integral y atenci\u00f3n al cliente<\/li>\n<li>Actualizado regularmente con nuevas funciones y correcciones de errores para garantizar un rendimiento \u00f3ptimo.<\/li>\n<\/ul>\n","protected":false},"excerpt":{"rendered":"<p>Perm\u00edteme presentarle el tema de WordPress de Werkstatt Creative Portfolio, una herramienta notable dise\u00f1ada para exhibir su trabajo creativo en el \u00e1mbito digital. Dise\u00f1ado meticulosamente con los profesionales en mente, este tema est\u00e1 dise\u00f1ado para satisfacer las necesidades de artistas, dise\u00f1adores, fot\u00f3grafos e individuos de inclinaci\u00f3n creativa. Su dise\u00f1o elegante y contempor\u00e1neo sirve como el lienzo perfecto para su cartera, mientras que las opciones de personalizaci\u00f3n avanzadas le brindan la oportunidad de dise\u00f1ar un sitio web que sea realmente distintivo, lo que refleja su esencia y estilo personal. Con una variedad de caracter\u00edsticas excepcionales, como diversos dise\u00f1os de cartera, widgets personalizables y un formidable constructor de p\u00e1ginas de arrastrar y soltar, el tema de WordPress creativo de Werkstatt WordPress se erige como la elecci\u00f3n por excelencia para aquellos que anhelan difundir su presencia en l\u00ednea con un impacto resuenando. \u00a1No dude en embarcarse en este viaje distintivo hoy y descubrir el inimitable poder de Werkstatt!<\/p>\n","protected":false},"featured_media":167991,"comment_status":"open","ping_status":"open","template":"","meta":[],"product_brand":[2337],"product_cat":[1263,1264,1237],"product_tag":[1391],"class_list":{"0":"post-126470","1":"product","2":"type-product","3":"status-publish","4":"has-post-thumbnail","6":"product_brand-themeforest","7":"product_cat-comercio-electronico-temas","8":"product_cat-negocio","9":"product_cat-temas","10":"product_tag-themeforest","11":"member-discount","12":"discount-restricted","14":"first","15":"instock","16":"sale","17":"downloadable","18":"virtual","19":"sold-individually","20":"purchasable","21":"product-type-simple"},"_links":{"self":[{"href":"https:\/\/gpl-love.com\/es\/wp-json\/wp\/v2\/product\/126470","targetHints":{"allow":["GET"]}}],"collection":[{"href":"https:\/\/gpl-love.com\/es\/wp-json\/wp\/v2\/product"}],"about":[{"href":"https:\/\/gpl-love.com\/es\/wp-json\/wp\/v2\/types\/product"}],"replies":[{"embeddable":true,"href":"https:\/\/gpl-love.com\/es\/wp-json\/wp\/v2\/comments?post=126470"}],"wp:featuredmedia":[{"embeddable":true,"href":"https:\/\/gpl-love.com\/es\/wp-json\/wp\/v2\/media\/167991"}],"wp:attachment":[{"href":"https:\/\/gpl-love.com\/es\/wp-json\/wp\/v2\/media?parent=126470"}],"wp:term":[{"taxonomy":"product_brand","embeddable":true,"href":"https:\/\/gpl-love.com\/es\/wp-json\/wp\/v2\/product_brand?post=126470"},{"taxonomy":"product_cat","embeddable":true,"href":"https:\/\/gpl-love.com\/es\/wp-json\/wp\/v2\/product_cat?post=126470"},{"taxonomy":"product_tag","embeddable":true,"href":"https:\/\/gpl-love.com\/es\/wp-json\/wp\/v2\/product_tag?post=126470"}],"curies":[{"name":"wp","href":"https:\/\/api.w.org\/{rel}","templated":true}]}}