{"id":126469,"date":"2021-02-24T00:00:00","date_gmt":"2021-02-24T05:00:00","guid":{"rendered":"https:\/\/gpl-love.com\/es\/producto\/wepos-pro-point-of-sales-plugin-para-woocommerce\/"},"modified":"2026-04-10T11:30:45","modified_gmt":"2026-04-10T16:30:45","slug":"wepos-pro-point-of-sales-plugin-para-woocommerce","status":"publish","type":"product","link":"https:\/\/gpl-love.com\/es\/producto\/wepos-pro-point-of-sales-plugin-para-woocommerce\/","title":{"rendered":"wePOS Pro Point of Sales Plugin para WooCommerce 1.11.1"},"content":{"rendered":"<h3>wePOS Pro Point of Sales Plugin para WooCommerce Caracteristicas<\/h3>\n<p>El complemento Wepos Pro Point of Sales para WooCommerce es una soluci\u00f3n incre\u00edblemente integral y robusta que ha sido espec\u00edficamente dise\u00f1ada para ayudar a las empresas en la optimizaci\u00f3n y la racionalizaci\u00f3n de sus operaciones de ventas. Este notable complemento puede lograr esto ofreciendo una multitud de caracter\u00edsticas y funcionalidades excepcionales. Al implementar este complemento, las empresas pueden administrar de manera efectiva y eficiente todas sus actividades de ventas desde una ubicaci\u00f3n centralizada, simplificando y mejorando todo el proceso. El complemento WEPOS Pro Point of Sales para WooCommerce cuenta con una interfaz incre\u00edblemente f\u00e1cil de usar, que permite al personal de ventas supervisar y regular las transacciones de ventas, el inventario, los clientes y los pagos. Adem\u00e1s, este notable complemento est\u00e1 equipado con una variedad de capacidades potentes, como escaneo de c\u00f3digos de barras, categorizaci\u00f3n de productos y gesti\u00f3n de acciones, lo que permite a las empresas monitorear con precisi\u00f3n su inventario y manejar los pedidos con expertos. Adem\u00e1s, este complemento se integra perfectamente con WooCommerce, lo que lo hace incre\u00edblemente accesible y conveniente para las empresas que ya poseen una tienda en l\u00ednea. Al implementar el complemento WEPOS Pro Point of Sales para WooCommerce, las empresas pueden acelerar el proceso de ventas y mejorar sus estrategias generales de gesti\u00f3n de ventas, lo que posteriormente resulta en una mayor productividad y rentabilidad amplificada.<\/p>\n<ul>\n<li>Permite la integraci\u00f3n perfecta de WooCommerce con sistemas de punto de venta (POS)<\/li>\n<li>Proporciona sincronizaci\u00f3n en tiempo real de las ventas, el inventario y los datos del cliente entre los canales en l\u00ednea y fuera de l\u00ednea<\/li>\n<li>Permite a los minoristas aceptar m\u00faltiples m\u00e9todos de pago, que incluyen efectivo, tarjetas de cr\u00e9dito y pagos m\u00f3viles<\/li>\n<li>La gesti\u00f3n de las tiendas de l\u00ednea de l\u00ednea consolidando los datos de ventas e inventario en un solo sistema<\/li>\n<li>Ofrece capacidades de informes avanzados que permiten a los minoristas rastrear las tendencias de ventas, medir el rendimiento y tomar decisiones basadas en datos<\/li>\n<li>Empodera a los minoristas para administrar m\u00faltiples dispositivos POS en diferentes ubicaciones desde un tablero central<\/li>\n<li>Facilita el procesamiento de pedidos m\u00e1s r\u00e1pido y preciso al reducir la entrada de datos manuales y eliminar la necesidad de la entrada de datos duplicados<\/li>\n<li>Mejora la experiencia del cliente al habilitar el pago m\u00e1s r\u00e1pido y el cumplimiento preciso del pedido<\/li>\n<li>Proporciona opciones de personalizaci\u00f3n flexibles para satisfacer las necesidades \u00fanicas de cada minorista<\/li>\n<li>Ofrece soporte t\u00e9cnico dedicado y documentaci\u00f3n f\u00e1cil de usar para ayudar a los minoristas a comenzar de manera r\u00e1pida y f\u00e1cil.<\/li>\n<\/ul>\n","protected":false},"excerpt":{"rendered":"<p>El complemento WEPOS Pro Point of Sales para WooCommerce es una herramienta esencial que ning\u00fan minorista en l\u00ednea debe estar sin si est\u00e1 buscando optimizar y optimizar su proceso de ventas. Este complemento fenomenal se integra perfectamente con su tienda WooCommerce existente, brind\u00e1ndole la invaluable oportunidad de supervisar y administrar efectivamente todas las facetas de sus operaciones de ventas, que abarca la gesti\u00f3n de inventario, los datos de los clientes y el procesamiento de pedidos, todo desde la conveniencia de una ubicaci\u00f3n centralizada. Notablemente f\u00e1cilmente f\u00e1cil de usar, excepcionalmente adaptable y meticulosamente elaborada con la m\u00e1xima dedicaci\u00f3n para facilitar el crecimiento acelerado de su negocio y una mayor eficiencia, el complemento Wepos Pro Point of Sales se destaca como un activo sin igual. \u00a1Emb\u00e1rcate en un viaje transformador hoy y da testimonio de la notable diferencia que har\u00e1 al reforzar tu resultado final!<\/p>\n","protected":false},"featured_media":167990,"comment_status":"open","ping_status":"open","template":"","meta":[],"product_brand":[2593],"product_cat":[1207,1248,1206],"product_tag":[1522],"class_list":{"0":"post-126469","1":"product","2":"type-product","3":"status-publish","4":"has-post-thumbnail","6":"product_brand-wedevs","7":"product_cat-comercio-electronico-plugins","8":"product_cat-personalizacion-comercio-electronico-plugins","9":"product_cat-plugins","10":"product_tag-wedevs","11":"member-discount","12":"discount-restricted","14":"first","15":"instock","16":"sale","17":"downloadable","18":"virtual","19":"sold-individually","20":"purchasable","21":"product-type-simple"},"_links":{"self":[{"href":"https:\/\/gpl-love.com\/es\/wp-json\/wp\/v2\/product\/126469","targetHints":{"allow":["GET"]}}],"collection":[{"href":"https:\/\/gpl-love.com\/es\/wp-json\/wp\/v2\/product"}],"about":[{"href":"https:\/\/gpl-love.com\/es\/wp-json\/wp\/v2\/types\/product"}],"replies":[{"embeddable":true,"href":"https:\/\/gpl-love.com\/es\/wp-json\/wp\/v2\/comments?post=126469"}],"wp:featuredmedia":[{"embeddable":true,"href":"https:\/\/gpl-love.com\/es\/wp-json\/wp\/v2\/media\/167990"}],"wp:attachment":[{"href":"https:\/\/gpl-love.com\/es\/wp-json\/wp\/v2\/media?parent=126469"}],"wp:term":[{"taxonomy":"product_brand","embeddable":true,"href":"https:\/\/gpl-love.com\/es\/wp-json\/wp\/v2\/product_brand?post=126469"},{"taxonomy":"product_cat","embeddable":true,"href":"https:\/\/gpl-love.com\/es\/wp-json\/wp\/v2\/product_cat?post=126469"},{"taxonomy":"product_tag","embeddable":true,"href":"https:\/\/gpl-love.com\/es\/wp-json\/wp\/v2\/product_tag?post=126469"}],"curies":[{"name":"wp","href":"https:\/\/api.w.org\/{rel}","templated":true}]}}