{"id":126468,"date":"2022-01-31T00:00:00","date_gmt":"2022-01-31T05:00:00","guid":{"rendered":"https:\/\/gpl-love.com\/es\/producto\/weforms-business-contact-forms-para-wordpress-plugin\/"},"modified":"2026-04-10T11:30:44","modified_gmt":"2026-04-10T16:30:44","slug":"weforms-business-contact-forms-para-wordpress-plugin","status":"publish","type":"product","link":"https:\/\/gpl-love.com\/es\/producto\/weforms-business-contact-forms-para-wordpress-plugin\/","title":{"rendered":"weForms Business Contact Forms para WordPress Plugin 1.3.7"},"content":{"rendered":"<h3>weForms Business Contact Forms para WordPress Plugin Caracteristicas<\/h3>\n<p>Los formularios de contacto de negocios Weforms para el complemento de WordPress son una herramienta altamente eficiente que brinda a las empresas la capacidad de generar sin esfuerzo formularios de contacto personalizados para sus sitios web. Este notable complemento cuenta con un constructor de formularios de arrastrar y soltar que permite a los usuarios formularios de contacto de moda que se adaptan perfectamente a sus requisitos comerciales individuales. En particular, los propietarios de sitios web pueden crear r\u00e1pidamente estas formas en cuesti\u00f3n de minutos, incluso si no tienen experiencia de codificaci\u00f3n previa, gracias a la interfaz incre\u00edblemente f\u00e1cil de usar del complemento. Adem\u00e1s, los formularios de contacto comerciales Weforms para WordPress Plugin otorgan a los usuarios acceso a una gran cantidad de opciones de personalizaci\u00f3n, incluidos campos de formulario, opciones de estilo y mensajes de confirmaci\u00f3n. Adem\u00e1s, este complemento extraordinario se integra perfectamente con los servicios de marketing por correo electr\u00f3nico ampliamente utilizado, lo que lo convierte en una soluci\u00f3n ideal para las empresas en busca de un medio para capturar clientes potenciales y expandir sus listas de correo electr\u00f3nico. Dada su variedad de caracter\u00edsticas avanzadas e interfaz intuitiva, es indiscutible que los formularios de contacto de negocios Weforms para el complemento de WordPress representan una opci\u00f3n verdaderamente excepcional para las empresas que se esfuerzan por optimizar su proceso de creaci\u00f3n de formulario de contacto.<\/p>\n<ul>\n<li>Plugin de formulario de contacto f\u00e1cil de usar dise\u00f1ado espec\u00edficamente para empresas utilizando WordPress<\/li>\n<li>Formularios de contacto personalizables para adaptarse a la marca y las necesidades de su negocio<\/li>\n<li>Arrastre y suelte el formulario de formulario con una variedad de opciones de campo que incluyen mensajes de texto, correo electr\u00f3nico, tel\u00e9fono y men\u00fas desplegables<\/li>\n<li>Integraci\u00f3n con servicios populares de marketing por correo electr\u00f3nico como MailChimp y Aweber<\/li>\n<li>Opciones de cumplimiento de GDPR para garantizar la privacidad y protecci\u00f3n de los datos para sus clientes<\/li>\n<li>L\u00f3gica condicional para mostrar campos o secciones espec\u00edficas basadas en la entrada del usuario<\/li>\n<li>M\u00faltiples plantillas de formularios para elegir y personalizar para que coincida con el dise\u00f1o de su sitio web<\/li>\n<li>Envi\u00f3 autom\u00e1ticamente correos electr\u00f3nicos de confirmaci\u00f3n a los usuarios que env\u00edan un formulario de contacto<\/li>\n<li>Ofrece planes gratuitos y premium con caracter\u00edsticas avanzadas y opciones de soporte<\/li>\n<li>Las caracter\u00edsticas adicionales incluyen carga de archivos, recaptcha y formularios de varias p\u00e1ginas.<\/li>\n<\/ul>\n","protected":false},"excerpt":{"rendered":"<p>Los formularios de contacto comerciales Weforms para el complemento de WordPress son una herramienta altamente eficiente que simplifica enormemente el proceso complejo de crear formularios de contacto comerciales en su sitio web de WordPress. Este complemento excepcional ofrece una interfaz notablemente f\u00e1cil de usar que le permite dise\u00f1ar formas visualmente atractivas sin esfuerzo, capturar de manera efectiva y administrar eficientemente los datos invaluables de los clientes. Adem\u00e1s, TI proporciona generosamente una extensa selecci\u00f3n de plantillas de formulario cuidadosamente elaboradas, que abarca una variedad de opciones como formularios de registro de boletines, formularios de solicitud de cotizaci\u00f3n y formularios de retroalimentaci\u00f3n, entre innumerables otros. Lo que establece el complemento de formularios de contacto de Weforms Business es su notable capacidad para ofrecer caracter\u00edsticas avanzadas, incluida la l\u00f3gica condicional, las integraciones de pago perfectas y las formas de m\u00faltiples pasos notablemente intuitivas, todas las cuales se combinan para hacer que la creaci\u00f3n y la gesti\u00f3n de las formas sean una brisa absoluta. Abrace esta herramienta excepcional no solo para ahorrar tiempo valioso sino tambi\u00e9n maximizar su productividad general, ya que atiende magistralmente todas las necesidades de formulario de contacto de su negocio.<\/p>\n","protected":false},"featured_media":167989,"comment_status":"open","ping_status":"open","template":"","meta":[],"product_brand":[2592],"product_cat":[1216,1206,1211],"product_tag":[1668],"class_list":{"0":"post-126468","1":"product","2":"type-product","3":"status-publish","4":"has-post-thumbnail","6":"product_brand-weforms","7":"product_cat-formas","8":"product_cat-plugins","9":"product_cat-wordpress-plugins","10":"product_tag-weforms","11":"member-discount","12":"discount-restricted","14":"first","15":"instock","16":"sale","17":"downloadable","18":"virtual","19":"sold-individually","20":"purchasable","21":"product-type-simple"},"_links":{"self":[{"href":"https:\/\/gpl-love.com\/es\/wp-json\/wp\/v2\/product\/126468","targetHints":{"allow":["GET"]}}],"collection":[{"href":"https:\/\/gpl-love.com\/es\/wp-json\/wp\/v2\/product"}],"about":[{"href":"https:\/\/gpl-love.com\/es\/wp-json\/wp\/v2\/types\/product"}],"replies":[{"embeddable":true,"href":"https:\/\/gpl-love.com\/es\/wp-json\/wp\/v2\/comments?post=126468"}],"wp:featuredmedia":[{"embeddable":true,"href":"https:\/\/gpl-love.com\/es\/wp-json\/wp\/v2\/media\/167989"}],"wp:attachment":[{"href":"https:\/\/gpl-love.com\/es\/wp-json\/wp\/v2\/media?parent=126468"}],"wp:term":[{"taxonomy":"product_brand","embeddable":true,"href":"https:\/\/gpl-love.com\/es\/wp-json\/wp\/v2\/product_brand?post=126468"},{"taxonomy":"product_cat","embeddable":true,"href":"https:\/\/gpl-love.com\/es\/wp-json\/wp\/v2\/product_cat?post=126468"},{"taxonomy":"product_tag","embeddable":true,"href":"https:\/\/gpl-love.com\/es\/wp-json\/wp\/v2\/product_tag?post=126468"}],"curies":[{"name":"wp","href":"https:\/\/api.w.org\/{rel}","templated":true}]}}