{"id":126467,"date":"2022-01-26T00:00:00","date_gmt":"2022-01-26T05:00:00","guid":{"rendered":"https:\/\/gpl-love.com\/es\/producto\/weepie-cookie-allow-gdpr-avg-ccpa-cookie-compliance\/"},"modified":"2026-04-10T11:30:43","modified_gmt":"2026-04-10T16:30:43","slug":"weepie-cookie-allow-gdpr-avg-ccpa-cookie-compliance","status":"publish","type":"product","link":"https:\/\/gpl-love.com\/es\/producto\/weepie-cookie-allow-gdpr-avg-ccpa-cookie-compliance\/","title":{"rendered":"WeePie Cookie Allow GDPR AVG CCPA Cookie Compliance 3.4.1"},"content":{"rendered":"<h3>WeePie Cookie Allow GDPR AVG CCPA Cookie Compliance Caracteristicas<\/h3>\n<p>Weepie Cookie Pater es una aplicaci\u00f3n de software robusta y altamente efectiva que se ha creado espec\u00edficamente para ayudar a las empresas a lograr el cumplimiento de las regulaciones de cookies establecidas por GDPR, AVG y CCPA. Con una interfaz incre\u00edblemente f\u00e1cil de usar y una mir\u00edada de funcionalidades avanzadas, esta soluci\u00f3n de software excepcional simplifica enormemente el proceso de obtener el consentimiento del usuario para las cookies y monitorear diligentemente las preferencias del usuario para garantizar una adherencia inal\u00e1mbrica a las estrictas leyes de protecci\u00f3n de datos. Adem\u00e1s, Weepie Cookie Permit que est\u00e1 equipado con la invaluable capacidad de ofrecer plantillas a medida que se pueden personalizar sin esfuerzo para satisfacer las necesidades \u00fanicas de cualquier negocio, junto con una amplia gama de opciones de lenguaje que lo convierten en una soluci\u00f3n extraordinariamente vers\u00e1til para las empresas que abarcan Todas las escalas. A la luz de esto, queda muy claro que, independientemente de si usted es una creciente startup o una potencia corporativa establecida, Weepie Cookie Permit que est\u00e1 inequ\u00edvocamente equipado con todas las herramientas y caracter\u00edsticas necesarias para facilitar el cumplimiento de las cookies sin costuras y salvaguardar sus valiosos clientes de los clientes de los valores clientes de los clientes valiosos privacidad.<\/p>\n<ul>\n<li>Asegura el cumplimiento de GDPR, AVG, CCPA Cookie para su sitio web<\/li>\n<li>Sencillo y f\u00e1cil de usar<\/li>\n<li>Personalizaci\u00f3n de banner de consentimiento de cookies para que coincida con la marca de su sitio web<\/li>\n<li>Gesti\u00f3n avanzada de configuraci\u00f3n de cookies<\/li>\n<li>Bloquea autom\u00e1ticamente las cookies hasta que se otorgue el consentimiento del usuario<\/li>\n<li>Ofrece opciones de cookies de opci\u00f3n y exclusi\u00f3n<\/li>\n<li>Carga ligera y r\u00e1pida<\/li>\n<li>Totalmente receptivo y amigable para m\u00f3viles<\/li>\n<li>Proporciona informes completos de cumplimiento y pistas de auditor\u00eda<\/li>\n<\/ul>\n","protected":false},"excerpt":{"rendered":"<p>Weepie Cookie Permitir una soluci\u00f3n que lo abarca todo que atiende a las complejidades intrincadas de GDPR, AVG, CCPA y cumplimiento de las cookies. Dentro de los l\u00edmites de este notable producto, podr\u00e1 administrar sin esfuerzo su utilizaci\u00f3n de cookies y garantizar que su sitio web cumpla inequ\u00edvocamente con la totalidad de las regulaciones pertinentes. Independientemente de si su objetivo es informar a los usuarios con respecto al uso de cookies o adquirir su consentimiento, Weepie Cookie Permit que es un activo indispensable que no decepcionar\u00e1. Tenga la seguridad de que este instrumento esencial est\u00e1 hecho a medida para los propietarios de sitios web que priorizan el mantenimiento del cumplimiento y la protecci\u00f3n de la privacidad del usuario.<\/p>\n","protected":false},"featured_media":167988,"comment_status":"open","ping_status":"open","template":"","meta":[],"product_brand":[2339],"product_cat":[1214,1206,1211],"product_tag":[1256],"class_list":{"0":"post-126467","1":"product","2":"type-product","3":"status-publish","4":"has-post-thumbnail","6":"product_brand-codecanyon","7":"product_cat-personalizacion","8":"product_cat-plugins","9":"product_cat-wordpress-plugins","10":"product_tag-codecanyon","11":"member-discount","12":"discount-restricted","14":"first","15":"instock","16":"sale","17":"downloadable","18":"virtual","19":"sold-individually","20":"purchasable","21":"product-type-simple"},"_links":{"self":[{"href":"https:\/\/gpl-love.com\/es\/wp-json\/wp\/v2\/product\/126467","targetHints":{"allow":["GET"]}}],"collection":[{"href":"https:\/\/gpl-love.com\/es\/wp-json\/wp\/v2\/product"}],"about":[{"href":"https:\/\/gpl-love.com\/es\/wp-json\/wp\/v2\/types\/product"}],"replies":[{"embeddable":true,"href":"https:\/\/gpl-love.com\/es\/wp-json\/wp\/v2\/comments?post=126467"}],"wp:featuredmedia":[{"embeddable":true,"href":"https:\/\/gpl-love.com\/es\/wp-json\/wp\/v2\/media\/167988"}],"wp:attachment":[{"href":"https:\/\/gpl-love.com\/es\/wp-json\/wp\/v2\/media?parent=126467"}],"wp:term":[{"taxonomy":"product_brand","embeddable":true,"href":"https:\/\/gpl-love.com\/es\/wp-json\/wp\/v2\/product_brand?post=126467"},{"taxonomy":"product_cat","embeddable":true,"href":"https:\/\/gpl-love.com\/es\/wp-json\/wp\/v2\/product_cat?post=126467"},{"taxonomy":"product_tag","embeddable":true,"href":"https:\/\/gpl-love.com\/es\/wp-json\/wp\/v2\/product_tag?post=126467"}],"curies":[{"name":"wp","href":"https:\/\/api.w.org\/{rel}","templated":true}]}}