{"id":126465,"date":"2022-04-29T00:00:00","date_gmt":"2022-04-29T05:00:00","guid":{"rendered":"https:\/\/gpl-love.com\/es\/producto\/wedding-wordpress-theme\/"},"modified":"2026-04-10T11:30:41","modified_gmt":"2026-04-10T16:30:41","slug":"wedding-wordpress-theme","status":"publish","type":"product","link":"https:\/\/gpl-love.com\/es\/producto\/wedding-wordpress-theme\/","title":{"rendered":"Wedding WordPress Theme 3.0.4"},"content":{"rendered":"<h3>Wedding WordPress Theme Caracteristicas<\/h3>\n<p>El tema de WordPress de la boda, repleto de sus innumerables caracter\u00edsticas y funcionalidades, surge como una panacea ideal para las personas que buscan elaborar un sitio web de boda resplandeciente. \u00cdntimamente adaptado para satisfacer las necesidades \u00fanicas de los planificadores de bodas, fot\u00f3grafos y parejas que anhelan compartir la narrativa sublime de su historia amorosa con el mundo en general, este tema exuda una destreza incomparable. La variedad diversa de plantillas personalizables, galer\u00edas de fotos y formularios de RSVP, entre otras ofertas ilustres, contribuyen colectivamente a su atractivo e indispensabilidad. Adem\u00e1s, su compromiso inquebrantable con la capacidad de respuesta y la amistad m\u00f3vil aseguran que su sitio web permanezca visualmente cautivador y perfectamente navegable en una extensa gama de dispositivos. Al elevar a\u00fan m\u00e1s su atractivo, se encuentra su interfaz notablemente intuitiva, lo que permite a los usuarios a los usuarios de todos los or\u00edgenes generar y administrar sin esfuerzo su contenido sin cualquier conocimiento de codificaci\u00f3n enrevesado. Empoderado por el tema de WordPress de la boda, posee la capacidad de mostrar su historia de amor, en toda su gloria resplandeciente, a trav\u00e9s de un medio que exuda tanto la belleza como la elegancia, dejando as\u00ed una impronta indeleble en las mentes de sus estimados invitados.<\/p>\n<ul>\n<li>Dise\u00f1o totalmente receptivo para una hermosa pantalla en todos los dispositivos<\/li>\n<li>Opciones de color personalizables para adaptarse a cualquier esquema de color de boda<\/li>\n<li>M\u00faltiples plantillas de p\u00e1ginas, incluida la ceremonia, la recepci\u00f3n, RSVP, el registro de regalos y m\u00e1s<\/li>\n<li>Constructor de p\u00e1gina f\u00e1cil de usar para personalizaci\u00f3n simple sin codificar conocimiento<\/li>\n<li>Temporizador de cuenta regresiva incorporado para agregar emoci\u00f3n que conduce al gran d\u00eda<\/li>\n<li>Integraci\u00f3n con Google Maps para facilitar las instrucciones de la ceremonia y las ubicaciones de recepci\u00f3n<\/li>\n<li>Integraci\u00f3n de las redes sociales para compartir f\u00e1cilmente y promoci\u00f3n de los detalles de la boda con los invitados<\/li>\n<li>Integraci\u00f3n autom\u00e1tica con herramientas populares de planificaci\u00f3n de bodas como WeddingWire y The Knot<\/li>\n<li>Codificaci\u00f3n amigable con SEO para aumentar la visibilidad y alcanzar m\u00e1s invitados potenciales<\/li>\n<li>Documentaci\u00f3n integral y atenci\u00f3n al cliente para asistencia con cualquier pregunta o problema.<\/li>\n<\/ul>\n","protected":false},"excerpt":{"rendered":"<p>El tema de la WordPress de la boda se presenta como la soluci\u00f3n en l\u00ednea ideal para parejas que est\u00e1n en medio de la planificaci\u00f3n de su gran d\u00eda tan esperado. Con una gran cantidad de dise\u00f1os y caracter\u00edsticas personalizables, este tema proporciona una plataforma exquisita y refinada que le permite mostrar eficazmente su historia de amor \u00fanica, detalles de boda intrincados y opciones convenientes de RSVP. Adem\u00e1s, la interfaz receptiva y f\u00e1cil de usar garantiza que sus estimados invitados encontrar\u00e1n una experiencia perfecta y gratificante a medida que examinan a trav\u00e9s de su sitio web personalizado de bodas. Con la capacidad de exhibir sin esfuerzo im\u00e1genes cautivadoras y administrar efectivamente las listas de invitados, el tema de WordPress de boda abarca todos los elementos necesarios para dise\u00f1ar una presencia en l\u00ednea cautivadora y resplandeciente en honor a su extraordinaria ocasi\u00f3n.<\/p>\n","protected":false},"featured_media":167986,"comment_status":"open","ping_status":"open","template":"","meta":[],"product_brand":[2363],"product_cat":[1267,1237,1238],"product_tag":[2224],"class_list":{"0":"post-126465","1":"product","2":"type-product","3":"status-publish","4":"has-post-thumbnail","6":"product_brand-visualmodo","7":"product_cat-creativo","8":"product_cat-temas","9":"product_cat-wordpress-temas","10":"product_tag-visualmodo","11":"member-discount","12":"discount-restricted","14":"first","15":"instock","16":"sale","17":"downloadable","18":"virtual","19":"sold-individually","20":"purchasable","21":"product-type-simple"},"_links":{"self":[{"href":"https:\/\/gpl-love.com\/es\/wp-json\/wp\/v2\/product\/126465","targetHints":{"allow":["GET"]}}],"collection":[{"href":"https:\/\/gpl-love.com\/es\/wp-json\/wp\/v2\/product"}],"about":[{"href":"https:\/\/gpl-love.com\/es\/wp-json\/wp\/v2\/types\/product"}],"replies":[{"embeddable":true,"href":"https:\/\/gpl-love.com\/es\/wp-json\/wp\/v2\/comments?post=126465"}],"wp:featuredmedia":[{"embeddable":true,"href":"https:\/\/gpl-love.com\/es\/wp-json\/wp\/v2\/media\/167986"}],"wp:attachment":[{"href":"https:\/\/gpl-love.com\/es\/wp-json\/wp\/v2\/media?parent=126465"}],"wp:term":[{"taxonomy":"product_brand","embeddable":true,"href":"https:\/\/gpl-love.com\/es\/wp-json\/wp\/v2\/product_brand?post=126465"},{"taxonomy":"product_cat","embeddable":true,"href":"https:\/\/gpl-love.com\/es\/wp-json\/wp\/v2\/product_cat?post=126465"},{"taxonomy":"product_tag","embeddable":true,"href":"https:\/\/gpl-love.com\/es\/wp-json\/wp\/v2\/product_tag?post=126465"}],"curies":[{"name":"wp","href":"https:\/\/api.w.org\/{rel}","templated":true}]}}