{"id":126464,"date":"2021-05-18T00:00:00","date_gmt":"2021-05-18T05:00:00","guid":{"rendered":"https:\/\/gpl-love.com\/es\/producto\/wedding-industry-wordpress-theme\/"},"modified":"2026-04-10T11:30:40","modified_gmt":"2026-04-10T16:30:40","slug":"wedding-industry-wordpress-theme","status":"publish","type":"product","link":"https:\/\/gpl-love.com\/es\/producto\/wedding-industry-wordpress-theme\/","title":{"rendered":"Wedding Industry WordPress Theme 4.8"},"content":{"rendered":"<h3>Wedding Industry WordPress Theme Caracteristicas<\/h3>\n<p>El tema de WordPress de la industria de la boda es una soluci\u00f3n \u00f3ptima para las personas que buscan elaborar un sitio web visualmente cautivador y altamente profesional adaptado a su empresa relacionada con la boda. Con un dise\u00f1o elegante y de vanguardia, este tema posee personalizaci\u00f3n completa y facilidad de uso, lo que lo convierte en una opci\u00f3n impecable para los planificadores de bodas, fot\u00f3grafos, proveedores y otros proveedores de la industria. Mostrar su trabajo y sus servicios de la manera m\u00e1s exquisita concebible se vuelve sin esfuerzo con este tema, dada su variedad de caracter\u00edsticas, como formularios de RSVP integrados, cuenta regresiva de bodas y dise\u00f1os de galer\u00eda. Adem\u00e1s, la optimizaci\u00f3n de la optimizaci\u00f3n de motores de b\u00fasqueda y capacidad de b\u00fasqueda (SEO) de este tema garantiza que su sitio web ser\u00e1 visualmente llamativo en todos los dispositivos y se clasificar\u00e1 favorablemente en los resultados de los motores de b\u00fasqueda. \u00a1Emb\u00e1rcate en tu viaje con el tema de WordPress de la industria de la boda hoy y presencie el florecimiento radiante de tu presencia en l\u00ednea!<\/p>\n<ul>\n<li>Plantillas impresionantes y dise\u00f1adas profesionalmente perfectamente adecuadas para la industria de la boda<\/li>\n<li>Totalmente personalizable con un constructor de p\u00e1ginas de arrastre y suelto f\u00e1cil de usar<\/li>\n<li>Conjunto integral de p\u00e1ginas preconstruidas que incluyen hogar, sobre, servicios, galer\u00eda, blog y m\u00e1s<\/li>\n<li>Reserva incorporada y formularios RSVP para optimizar la planificaci\u00f3n y la comunicaci\u00f3n<\/li>\n<li>El dise\u00f1o receptivo garantiza una visualizaci\u00f3n perfecta en todos los dispositivos<\/li>\n<li>Incluye testimonios, un escaparate de cartera y una secci\u00f3n dedicada para mostrar socios de proveedores<\/li>\n<li>SEO optimizado para ayudar a aumentar su visibilidad en l\u00ednea y atraer m\u00e1s clientes<\/li>\n<li>Admite m\u00faltiples idiomas, lo que lo hace ideal para eventos multiculturales<\/li>\n<li>Se integra a la perfecci\u00f3n con los complementos populares de WordPress para una funcionalidad adicional<\/li>\n<li>Soporte de expertos disponibles para responder cualquier pregunta o ayuda con la personalizaci\u00f3n<\/li>\n<\/ul>\n","protected":false},"excerpt":{"rendered":"<p>El tema de WordPress de la industria de la boda se presenta como la soluci\u00f3n definitiva para aquellos en la planificaci\u00f3n de bodas, la organizaci\u00f3n de eventos y otras empresas relacionadas con la boda. Su versatilidad radica en su capacidad para adaptarse a las preferencias individuales, ofreciendo p\u00e1ginas predise\u00f1adas que muestran efectivamente los servicios, carteras y testimonios de uno, entre otras cosas. Con la conveniencia adicional de poder incorporar sin esfuerzo contenido e im\u00e1genes personalizados, este tema faculta a los usuarios crear un sitio web visualmente llamativo que encarna aut\u00e9nticamente su marca y estilo. Adem\u00e1s, la capacidad de respuesta y la optimizaci\u00f3n del motor de b\u00fasqueda del tema garantizan la accesibilidad universal y la prominencia en los resultados de b\u00fasqueda. Al integrar el tema de WordPress de la industria de la boda en la presencia en l\u00ednea de uno, el potencial de atraer una base de clientes m\u00e1s amplia se amplifica significativamente.<\/p>\n","protected":false},"featured_media":167985,"comment_status":"open","ping_status":"open","template":"","meta":[],"product_brand":[2337],"product_cat":[1267,1237,1238],"product_tag":[1391],"class_list":{"0":"post-126464","1":"product","2":"type-product","3":"status-publish","4":"has-post-thumbnail","6":"product_brand-themeforest","7":"product_cat-creativo","8":"product_cat-temas","9":"product_cat-wordpress-temas","10":"product_tag-themeforest","11":"member-discount","12":"discount-restricted","14":"first","15":"instock","16":"sale","17":"downloadable","18":"virtual","19":"sold-individually","20":"purchasable","21":"product-type-simple"},"_links":{"self":[{"href":"https:\/\/gpl-love.com\/es\/wp-json\/wp\/v2\/product\/126464","targetHints":{"allow":["GET"]}}],"collection":[{"href":"https:\/\/gpl-love.com\/es\/wp-json\/wp\/v2\/product"}],"about":[{"href":"https:\/\/gpl-love.com\/es\/wp-json\/wp\/v2\/types\/product"}],"replies":[{"embeddable":true,"href":"https:\/\/gpl-love.com\/es\/wp-json\/wp\/v2\/comments?post=126464"}],"wp:featuredmedia":[{"embeddable":true,"href":"https:\/\/gpl-love.com\/es\/wp-json\/wp\/v2\/media\/167985"}],"wp:attachment":[{"href":"https:\/\/gpl-love.com\/es\/wp-json\/wp\/v2\/media?parent=126464"}],"wp:term":[{"taxonomy":"product_brand","embeddable":true,"href":"https:\/\/gpl-love.com\/es\/wp-json\/wp\/v2\/product_brand?post=126464"},{"taxonomy":"product_cat","embeddable":true,"href":"https:\/\/gpl-love.com\/es\/wp-json\/wp\/v2\/product_cat?post=126464"},{"taxonomy":"product_tag","embeddable":true,"href":"https:\/\/gpl-love.com\/es\/wp-json\/wp\/v2\/product_tag?post=126464"}],"curies":[{"name":"wp","href":"https:\/\/api.w.org\/{rel}","templated":true}]}}