{"id":126463,"date":"2021-10-05T00:00:00","date_gmt":"2021-10-05T05:00:00","guid":{"rendered":"https:\/\/gpl-love.com\/es\/producto\/webify-all-in-one-elementor-wordpress-theme\/"},"modified":"2026-04-10T11:30:39","modified_gmt":"2026-04-10T16:30:39","slug":"webify-all-in-one-elementor-wordpress-theme","status":"publish","type":"product","link":"https:\/\/gpl-love.com\/es\/producto\/webify-all-in-one-elementor-wordpress-theme\/","title":{"rendered":"Webify All in One Elementor WordPress Theme 4.5"},"content":{"rendered":"<h3>Webify All in One Elementor WordPress Theme Caracteristicas<\/h3>\n<p>El tema de WordPress de Webify en un elemento es una soluci\u00f3n que lo abarca todo y extensa que facilita la creaci\u00f3n de sitios web visualmente llamativos. Su interfaz de arrastrar y soltar f\u00e1cilmente de usuario faculta a las personas a las p\u00e1ginas de moda sin esfuerzo que exudan la profesionalidad, todo sin necesidad de una adeptitud en la codificaci\u00f3n. Adem\u00e1s, este tema est\u00e1 equipado con una gran cantidad de plantillas y widgets predise\u00f1ados, acelerando as\u00ed el proceso de inicio. Adem\u00e1s, cuenta con optimizaci\u00f3n tanto para los tiempos de carga expeditos como para la optimizaci\u00f3n de los motores de b\u00fasqueda (SEO), asegurando as\u00ed que su sitio web sea accesible de inmediato y se posicione favorablemente en las p\u00e1ginas de resultados del motor de b\u00fasqueda. Ya sea que sea un emprendedor, un blogger o cualquier persona que desee un sitio web que sea est\u00e9ticamente agradable y construido sin esfuerzo, el tema de WordPress de WordPress en un elemento es la opci\u00f3n ideal.<\/p>\n<ul>\n<li>Un tema de WordPress vers\u00e1til y personalizable adecuado para cualquier tipo de sitio web<\/li>\n<li>Construido con el popular Elementor Page Builder, permitiendo una f\u00e1cil personalizaci\u00f3n de arrastrar y soltar<\/li>\n<li>Incluye m\u00faltiples plantillas predise\u00f1adas para varias p\u00e1ginas, incluidos blogs, carteras y tiendas<\/li>\n<li>Optimizado para la velocidad y el rendimiento, con c\u00f3digo limpio y optimizado<\/li>\n<li>Dise\u00f1o totalmente receptivo que se ve muy bien en todos los dispositivos<\/li>\n<li>Incluye una variedad de widgets y complementos para una funcionalidad adicional.<\/li>\n<li>F\u00e1cil de configurar y personalizar, incluso para usuarios con poca experiencia de codificaci\u00f3n<\/li>\n<li>Actualizado regularmente con nuevas funciones y correcciones<\/li>\n<li>Excelente soporte al cliente y documentaci\u00f3n disponible para los usuarios<\/li>\n<li>Compatible con todos los principales navegadores y complementos de WordPress.<\/li>\n<\/ul>\n","protected":false},"excerpt":{"rendered":"<p>El tema de WordPress de Webify en un elemento se presenta como una soluci\u00f3n de dise\u00f1o de sitios web sublime y sofisticada, que atiende a aquellos que carecen de experiencia en codificaci\u00f3n. Este tema que todo lo abarca cuenta con un impresionante repertorio de m\u00e1s de 70 sitios web preconstruidos meticulosamente elaborados, lo que lo convierte en una opci\u00f3n \u00f3ptima para las personas en los campos de dise\u00f1o, trabajo independiente y emprendimiento, todos los cuales se esfuerzan por establecer una presencia en l\u00ednea que es simult\u00e1neamente profesional profesional que es simult\u00e1neamente profesional y distintivo. A trav\u00e9s de su sistema de arrastrar y soltar f\u00e1cilmente de usuario, uno tiene la capacidad de adaptar p\u00e1ginas y plantillas para alinearse perfectamente con su identidad de marca. Adem\u00e1s, el panel de opciones avanzadas del tema facilita la personalizaci\u00f3n sin esfuerzo del dise\u00f1o, la tipograf\u00eda y los esquemas de color, capacitando a los usuarios para alinear sin esfuerzo la est\u00e9tica de su sitio web con sus preferencias personales. Independientemente de si uno se esfuerza por construir una plataforma de comercio electr\u00f3nico, un blog o un sitio web de cartera, el tema de WordPress de WordPress de un elemento est\u00e1 equipado con todas las herramientas y caracter\u00edsticas esenciales necesarias para curar una experiencia de usuario que es perfecta y visualmente visualmente cautivador.<\/p>\n","protected":false},"featured_media":167984,"comment_status":"open","ping_status":"open","template":"","meta":[],"product_brand":[2337],"product_cat":[1239,1237,1238],"product_tag":[1391],"class_list":{"0":"post-126463","1":"product","2":"type-product","3":"status-publish","4":"has-post-thumbnail","6":"product_brand-themeforest","7":"product_cat-de-multiples-fines","8":"product_cat-temas","9":"product_cat-wordpress-temas","10":"product_tag-themeforest","11":"member-discount","12":"discount-restricted","14":"first","15":"instock","16":"sale","17":"downloadable","18":"virtual","19":"sold-individually","20":"purchasable","21":"product-type-simple"},"_links":{"self":[{"href":"https:\/\/gpl-love.com\/es\/wp-json\/wp\/v2\/product\/126463","targetHints":{"allow":["GET"]}}],"collection":[{"href":"https:\/\/gpl-love.com\/es\/wp-json\/wp\/v2\/product"}],"about":[{"href":"https:\/\/gpl-love.com\/es\/wp-json\/wp\/v2\/types\/product"}],"replies":[{"embeddable":true,"href":"https:\/\/gpl-love.com\/es\/wp-json\/wp\/v2\/comments?post=126463"}],"wp:featuredmedia":[{"embeddable":true,"href":"https:\/\/gpl-love.com\/es\/wp-json\/wp\/v2\/media\/167984"}],"wp:attachment":[{"href":"https:\/\/gpl-love.com\/es\/wp-json\/wp\/v2\/media?parent=126463"}],"wp:term":[{"taxonomy":"product_brand","embeddable":true,"href":"https:\/\/gpl-love.com\/es\/wp-json\/wp\/v2\/product_brand?post=126463"},{"taxonomy":"product_cat","embeddable":true,"href":"https:\/\/gpl-love.com\/es\/wp-json\/wp\/v2\/product_cat?post=126463"},{"taxonomy":"product_tag","embeddable":true,"href":"https:\/\/gpl-love.com\/es\/wp-json\/wp\/v2\/product_tag?post=126463"}],"curies":[{"name":"wp","href":"https:\/\/api.w.org\/{rel}","templated":true}]}}