{"id":126462,"date":"2024-07-26T00:00:00","date_gmt":"2024-07-26T05:00:00","guid":{"rendered":"https:\/\/gpl-love.com\/es\/producto\/weberium-responsive-wordpress-theme\/"},"modified":"2026-04-10T11:30:38","modified_gmt":"2026-04-10T16:30:38","slug":"weberium-responsive-wordpress-theme","status":"publish","type":"product","link":"https:\/\/gpl-love.com\/es\/producto\/weberium-responsive-wordpress-theme\/","title":{"rendered":"Weberium Responsive WordPress Theme 1.30"},"content":{"rendered":"<h3>Weberium Responsive WordPress Theme Caracteristicas<\/h3>\n<p>Weberium, que se jactan de sus caracter\u00edsticas altamente receptivas y vers\u00e1tiles, demuestra ser un tema ideal de WordPress que satisface las necesidades de las empresas, las agencias e individuos que aspiran a establecer una notable presencia en l\u00ednea. Su dise\u00f1o elegante y moderno combina sin problemas con una gran cantidad de opciones de personalizaci\u00f3n, otorgando a los usuarios la libertad de dise\u00f1ar un sitio web que sea distintivo y profesional en apariencia. Adem\u00e1s, este tema est\u00e1 meticulosamente optimizado para garantizar tiempos de carga r\u00e1pidos y eficientes, ejemplificando su compromiso con la velocidad y el rendimiento. Adem\u00e1s, Weberium se integra armoniosamente con complementos prominentes y constructores de p\u00e1ginas, lo que facilita la integraci\u00f3n perfecta de funcionalidades avanzadas y dise\u00f1os a medida en su sitio web. Ya sea que su objetivo sea exhibir su cartera, participar en esfuerzos de comercio electr\u00f3nico o anunciar sus servicios, Weberium surge inequ\u00edvocamente como el tema por excelencia para cumplir con sus aspiraciones.<\/p>\n<ul>\n<li>Tema de WordPress altamente personalizable y f\u00e1cil de usar<\/li>\n<li>Dise\u00f1o totalmente receptivo que se adapta a todos los tama\u00f1os y dispositivos de pantalla<\/li>\n<li>M\u00faltiples demostraciones y dise\u00f1os predise\u00f1ados para elegir<\/li>\n<li>Panel de opciones de temas avanzados para una f\u00e1cil personalizaci\u00f3n<\/li>\n<li>Arrastre y suelte el constructor de p\u00e1ginas para la creaci\u00f3n de contenido sin problemas<\/li>\n<li>SEO optimizado para una mejor visibilidad del motor de b\u00fasqueda<\/li>\n<li>Traducci\u00f3n lista con soporte para varios idiomas<\/li>\n<li>Compatible con complementos populares de WordPress como WooCommerce y el Formulario de contacto 7<\/li>\n<li>Codificaci\u00f3n v\u00e1lida de HTML5 y CSS3 para una carga r\u00e1pida y un rendimiento mejorado<\/li>\n<li>Equipo de apoyo profesional y dedicado para asistencia oportuna<\/li>\n<\/ul>\n","protected":false},"excerpt":{"rendered":"<p>El tema de Weberium Responsive WordPress cuenta con un nivel notablemente alto de capacidad de respuesta y personalizaci\u00f3n, lo que lo convierte en una opci\u00f3n ideal para los sitios web en busca de una apariencia elegante y pulida. Su dise\u00f1o contempor\u00e1neo y discreto hace que el tema sea excepcionalmente adecuado para presentar su negocio, productos y servicios de una manera est\u00e9ticamente agradable. Adem\u00e1s, este tema proporciona una variedad de funcionalidades y herramientas incorporadas robustas, lo que facilita la personalizaci\u00f3n y gesti\u00f3n de sitios web sin problemas e intuitivos. Ya sea que posee competencia a nivel principiante o posee habilidades avanzadas de desarrollador, el tema de WordPress de Weberium representa el ep\u00edtome de la perfecci\u00f3n cuando se trata de crear un sitio web de vanguardia y vibrante imbuido de un aura profesional.<\/p>\n","protected":false},"featured_media":167983,"comment_status":"open","ping_status":"open","template":"","meta":[],"product_brand":[2337],"product_cat":[1307,1237,1238],"product_tag":[1391],"class_list":{"0":"post-126462","1":"product","2":"type-product","3":"status-publish","4":"has-post-thumbnail","6":"product_brand-themeforest","7":"product_cat-negocio-wordpress-temas","8":"product_cat-temas","9":"product_cat-wordpress-temas","10":"product_tag-themeforest","11":"member-discount","12":"discount-restricted","14":"first","15":"instock","16":"sale","17":"downloadable","18":"virtual","19":"sold-individually","20":"purchasable","21":"product-type-simple"},"_links":{"self":[{"href":"https:\/\/gpl-love.com\/es\/wp-json\/wp\/v2\/product\/126462","targetHints":{"allow":["GET"]}}],"collection":[{"href":"https:\/\/gpl-love.com\/es\/wp-json\/wp\/v2\/product"}],"about":[{"href":"https:\/\/gpl-love.com\/es\/wp-json\/wp\/v2\/types\/product"}],"replies":[{"embeddable":true,"href":"https:\/\/gpl-love.com\/es\/wp-json\/wp\/v2\/comments?post=126462"}],"wp:featuredmedia":[{"embeddable":true,"href":"https:\/\/gpl-love.com\/es\/wp-json\/wp\/v2\/media\/167983"}],"wp:attachment":[{"href":"https:\/\/gpl-love.com\/es\/wp-json\/wp\/v2\/media?parent=126462"}],"wp:term":[{"taxonomy":"product_brand","embeddable":true,"href":"https:\/\/gpl-love.com\/es\/wp-json\/wp\/v2\/product_brand?post=126462"},{"taxonomy":"product_cat","embeddable":true,"href":"https:\/\/gpl-love.com\/es\/wp-json\/wp\/v2\/product_cat?post=126462"},{"taxonomy":"product_tag","embeddable":true,"href":"https:\/\/gpl-love.com\/es\/wp-json\/wp\/v2\/product_tag?post=126462"}],"curies":[{"name":"wp","href":"https:\/\/api.w.org\/{rel}","templated":true}]}}