{"id":126461,"date":"2021-07-21T00:00:00","date_gmt":"2021-07-21T05:00:00","guid":{"rendered":"https:\/\/gpl-love.com\/es\/producto\/webcraftic-clearfy-business\/"},"modified":"2026-04-10T11:30:37","modified_gmt":"2026-04-10T16:30:37","slug":"webcraftic-clearfy-business","status":"publish","type":"product","link":"https:\/\/gpl-love.com\/es\/producto\/webcraftic-clearfy-business\/","title":{"rendered":"Webcraftic Clearfy Business 1.9.4"},"content":{"rendered":"<h3>Webcraftic Clearfy Business Caracteristicas<\/h3>\n<p>WebCricic Clearfy Business es un complemento muy robusto y formidable dise\u00f1ado meticulosamente para optimizar y mejorar la funcionalidad de los sitios web de WordPress. Al incorporar una variedad de caracter\u00edsticas y herramientas avanzadas, Clearfy Business empodera a los propietarios de sitios web con la capacidad de administrar y personalizar sin esfuerzo sus sitios web, elevando as\u00ed tanto el rendimiento como la experiencia del usuario a nuevas alturas. Entre sus caracter\u00edsticas notables se encuentran la optimizaci\u00f3n de la base de datos, las actualizaciones autom\u00e1ticas, las medidas de seguridad y las herramientas de SEO de vanguardia. Clearfy Business se erige como una soluci\u00f3n que lo abarca todo, ayudando a las empresas a optimizar los esfuerzos de gesti\u00f3n de sus sitios web y al mismo tiempo reforzar su visibilidad en l\u00ednea. Adem\u00e1s, esta herramienta rentable y confiable sirve como catalizador para que las empresas eclipsen a sus competidores y logren triunfalmente sus objetivos en l\u00ednea.<\/p>\n<ul>\n<li>El negocio de WebCricic Clearfy es una herramienta poderosa para optimizar el rendimiento de su sitio web.<\/li>\n<li>Con ClearFy, puede eliminar f\u00e1cilmente elementos innecesarios e hinchaz\u00f3n de su sitio, haciendo que se cargue m\u00e1s r\u00e1pido y funcione mejor.<\/li>\n<li>ClearFy tambi\u00e9n lo ayuda a mejorar la seguridad de su sitio web eliminando el c\u00f3digo vulnerable e implementando medidas de seguridad adicionales.<\/li>\n<li>La versi\u00f3n comercial de ClearFY incluye caracter\u00edsticas y configuraciones avanzadas para sitios web y negocios m\u00e1s grandes.<\/li>\n<li>Con ClearFy Business, puede administrar y optimizar f\u00e1cilmente m\u00faltiples sitios web desde un solo tablero.<\/li>\n<li>Clearfy Business incluye actualizaciones y soporte autom\u00e1ticos, por lo que siempre puede asegurarse de que est\u00e1 utilizando la versi\u00f3n m\u00e1s reciente y segura del software.<\/li>\n<li>Clearfy Business est\u00e1 dise\u00f1ado para ser f\u00e1cil de usar, con una interfaz clara e intuitiva que incluso los usuarios no t\u00e9cnicos pueden navegar.<\/li>\n<li>Si est\u00e1 buscando mejorar el rendimiento y la seguridad de su sitio web, el negocio Clearfy WebCricic es una herramienta esencial que puede ayudarlo a alcanzar sus objetivos.<\/li>\n<\/ul>\n","protected":false},"excerpt":{"rendered":"<p>WebCricic Clearfy Business, un complemento de optimizaci\u00f3n inmensamente robusto, ha sido ingeniosamente elaborado para mejorar el rendimiento, la velocidad y la impregnabilidad de su sitio web. Armado con una interfaz intuitivamente navegable y una variedad de funcionalidades de vanguardia, Clearfy Business se hace cargo sin esfuerzo de las configuraciones de su sitio web, aliviando as\u00ed la carga de su servidor. Este complemento impresionante optimiza con precisi\u00f3n los c\u00f3digos CSS, JS y HTML, comprime im\u00e1genes y expunta archivos redundantes, inculcando as\u00ed un nivel sin precedentes de alacidad y eficacia en el marco de su sitio web. Adem\u00e1s, Clearfy Business ofrece un arsenal de disposiciones de seguridad, como restricciones a los intentos de inicio de sesi\u00f3n, la defensa fortificada contra los ataques de la fuerza bruta y la capacidad de las direcciones IP sin escr\u00fapulos de la lista negra. Al integrar a la perfecci\u00f3n Webrictic Clearfy Business en su sitio web, invariablemente podr\u00e1 reflexionar su apariencia de acuerdo con sus preferencias y elevar la experiencia general del usuario final a alturas sin precedentes.<\/p>\n","protected":false},"featured_media":167982,"comment_status":"open","ping_status":"open","template":"","meta":[],"product_brand":[2591],"product_cat":[1206,1579,1211],"product_tag":[1568],"class_list":{"0":"post-126461","1":"product","2":"type-product","3":"status-publish","4":"has-post-thumbnail","6":"product_brand-clearfy","7":"product_cat-plugins","8":"product_cat-rendimiento","9":"product_cat-wordpress-plugins","10":"product_tag-clearfy","11":"member-discount","12":"discount-restricted","14":"first","15":"instock","16":"sale","17":"downloadable","18":"virtual","19":"sold-individually","20":"purchasable","21":"product-type-simple"},"_links":{"self":[{"href":"https:\/\/gpl-love.com\/es\/wp-json\/wp\/v2\/product\/126461","targetHints":{"allow":["GET"]}}],"collection":[{"href":"https:\/\/gpl-love.com\/es\/wp-json\/wp\/v2\/product"}],"about":[{"href":"https:\/\/gpl-love.com\/es\/wp-json\/wp\/v2\/types\/product"}],"replies":[{"embeddable":true,"href":"https:\/\/gpl-love.com\/es\/wp-json\/wp\/v2\/comments?post=126461"}],"wp:featuredmedia":[{"embeddable":true,"href":"https:\/\/gpl-love.com\/es\/wp-json\/wp\/v2\/media\/167982"}],"wp:attachment":[{"href":"https:\/\/gpl-love.com\/es\/wp-json\/wp\/v2\/media?parent=126461"}],"wp:term":[{"taxonomy":"product_brand","embeddable":true,"href":"https:\/\/gpl-love.com\/es\/wp-json\/wp\/v2\/product_brand?post=126461"},{"taxonomy":"product_cat","embeddable":true,"href":"https:\/\/gpl-love.com\/es\/wp-json\/wp\/v2\/product_cat?post=126461"},{"taxonomy":"product_tag","embeddable":true,"href":"https:\/\/gpl-love.com\/es\/wp-json\/wp\/v2\/product_tag?post=126461"}],"curies":[{"name":"wp","href":"https:\/\/api.w.org\/{rel}","templated":true}]}}