{"id":126460,"date":"2022-07-14T00:00:00","date_gmt":"2022-07-14T05:00:00","guid":{"rendered":"https:\/\/gpl-love.com\/es\/producto\/web-20-directory-plugin-para-wordpress\/"},"modified":"2026-04-10T11:30:36","modified_gmt":"2026-04-10T16:30:36","slug":"web-20-directory-plugin-para-wordpress","status":"publish","type":"product","link":"https:\/\/gpl-love.com\/es\/producto\/web-20-directory-plugin-para-wordpress\/","title":{"rendered":"Web 2.0 Directory plugin para WordPress 2.9.12"},"content":{"rendered":"<h3>Web 2.0 Directory plugin para WordPress Caracteristicas<\/h3>\n<p>El complemento de directorio Web 2.0 para WordPress es una herramienta esencial e indispensable que los propietarios de sitios web deben poseer si est\u00e1n ansiosos por mejorar y actualizar su directorio en l\u00ednea a nuevas alturas de excelencia. Este notable complemento demuestra ser un activo invaluable, ya que permite a los usuarios crear sin esfuerzo un directorio de vanguardia y excepcionalmente f\u00e1cil de usar, todo gracias a sus caracter\u00edsticas notables y sobresalientes, como la capacidad de agregar listados, opciones de b\u00fasqueda y filtro avanzadas, y filtros, y La integraci\u00f3n perfecta de un sistema de mapas altamente sofisticado. Adem\u00e1s, este complemento extraordinario faculta a los usuarios adaptar y personalizar el dise\u00f1o y el dise\u00f1o de su directorio, al tiempo que les proporciona un medio eficiente para administrar eficientemente y efectivamente sus listados y usuarios. Por lo tanto, se hace bastante evidente que el complemento de directorio Web 2.0 para WordPress es un instrumento verdaderamente poderoso y din\u00e1mico que posee la notable capacidad de contribuir significativamente al crecimiento exponencial y la prosperidad de las empresas, lo que les permite atraer magn\u00edficamente una afluencia sin precedentes de clientes a sus clientes Directorio estimado y muy venerado.<\/p>\n<ul>\n<li>Instalaci\u00f3n e integraci\u00f3n simples con WordPress<\/li>\n<li>Interfaz de creaci\u00f3n de directorio f\u00e1cil de usar<\/li>\n<li>Web -0 caracter\u00edsticas, como revisiones y calificaciones de usuarios<\/li>\n<li>Capacidad para personalizar los listados de directorio con campos y categor\u00edas personalizadas<\/li>\n<li>Dise\u00f1o amigable para SEO para una mejor clasificaci\u00f3n de motores de b\u00fasqueda<\/li>\n<li>Opciones de monetizaci\u00f3n incorporadas a trav\u00e9s de listados y anuncios pagados<\/li>\n<li>Dise\u00f1o de respuesta m\u00f3vil para una experiencia de usuario \u00f3ptima en todos los dispositivos<\/li>\n<li>Soporte y documentaci\u00f3n integral para uso sin problemas<\/li>\n<li>Actualizaciones y mejoras regulares para garantizar la compatibilidad y la funcionalidad<\/li>\n<li>Integraci\u00f3n con pasarelas de pago populares para transacciones seguras en l\u00ednea.<\/li>\n<\/ul>\n","protected":false},"excerpt":{"rendered":"<p>El complemento de directorio Web 2.0 para WordPress es una herramienta incre\u00edblemente robusta y din\u00e1mica que otorga a los usuarios la capacidad de establecer sin esfuerzo un sitio web de directorio integral directamente desde su tablero de WordPress. Este ingenioso complemento ofrece una multitud de funcionalidades, como la incorporaci\u00f3n perfecta de listados, categor\u00edas y ubicaciones geogr\u00e1ficas, as\u00ed como la capacidad para que los usuarios env\u00eden de forma aut\u00f3noma sus propios listados, completos con campos personalizados e im\u00e1genes cautivadoras. Adem\u00e1s, este complemento est\u00e1 repleto de una variedad de caracter\u00edsticas de vanguardia, que incluye un mecanismo de b\u00fasqueda avanzado, una integraci\u00f3n impecable con Google Maps y una variedad de instrumentos administrativos potentes, todos los cuales sirven para administrar de manera efectiva los listados y los usuarios. Al aprovechar las capacidades notables del complemento de directorio Web 2.0, las personas pueden crear sin esfuerzo un sitio web de directorio excepcionalmente pulido e intuitivo, incluso en ausencia de cualquier perspicacia de codificaci\u00f3n o experiencia t\u00e9cnica.<\/p>\n","protected":false},"featured_media":167981,"comment_status":"open","ping_status":"open","template":"","meta":[],"product_brand":[2339],"product_cat":[1214,1206,1211],"product_tag":[1256],"class_list":{"0":"post-126460","1":"product","2":"type-product","3":"status-publish","4":"has-post-thumbnail","6":"product_brand-codecanyon","7":"product_cat-personalizacion","8":"product_cat-plugins","9":"product_cat-wordpress-plugins","10":"product_tag-codecanyon","11":"member-discount","12":"discount-restricted","14":"first","15":"instock","16":"sale","17":"downloadable","18":"virtual","19":"sold-individually","20":"purchasable","21":"product-type-simple"},"_links":{"self":[{"href":"https:\/\/gpl-love.com\/es\/wp-json\/wp\/v2\/product\/126460","targetHints":{"allow":["GET"]}}],"collection":[{"href":"https:\/\/gpl-love.com\/es\/wp-json\/wp\/v2\/product"}],"about":[{"href":"https:\/\/gpl-love.com\/es\/wp-json\/wp\/v2\/types\/product"}],"replies":[{"embeddable":true,"href":"https:\/\/gpl-love.com\/es\/wp-json\/wp\/v2\/comments?post=126460"}],"wp:featuredmedia":[{"embeddable":true,"href":"https:\/\/gpl-love.com\/es\/wp-json\/wp\/v2\/media\/167981"}],"wp:attachment":[{"href":"https:\/\/gpl-love.com\/es\/wp-json\/wp\/v2\/media?parent=126460"}],"wp:term":[{"taxonomy":"product_brand","embeddable":true,"href":"https:\/\/gpl-love.com\/es\/wp-json\/wp\/v2\/product_brand?post=126460"},{"taxonomy":"product_cat","embeddable":true,"href":"https:\/\/gpl-love.com\/es\/wp-json\/wp\/v2\/product_cat?post=126460"},{"taxonomy":"product_tag","embeddable":true,"href":"https:\/\/gpl-love.com\/es\/wp-json\/wp\/v2\/product_tag?post=126460"}],"curies":[{"name":"wp","href":"https:\/\/api.w.org\/{rel}","templated":true}]}}