{"id":126459,"date":"2021-11-14T00:00:00","date_gmt":"2021-11-14T05:00:00","guid":{"rendered":"https:\/\/gpl-love.com\/es\/producto\/weather-forecast-wordpress-weather-plugin\/"},"modified":"2026-03-09T08:18:40","modified_gmt":"2026-03-09T13:18:40","slug":"weather-forecast-wordpress-weather-plugin","status":"publish","type":"product","link":"https:\/\/gpl-love.com\/es\/producto\/weather-forecast-wordpress-weather-plugin\/","title":{"rendered":"Weather Forecast WordPress Weather Plugin 1.3.1"},"content":{"rendered":"<h3>Weather Forecast WordPress Weather Plugin Caracteristicas<\/h3>\n<p>El complemento meteorol\u00f3gico de WordPress Weather Forecast es una herramienta incre\u00edblemente robusta y efectiva que otorga a los propietarios de sitios web la capacidad sin esfuerzo para exhibir datos meteorol\u00f3gicos precisos y actualizados en sus respectivos sitios. Al utilizar este complemento, las personas pueden personalizar sin esfuerzo la presentaci\u00f3n del pron\u00f3stico del tiempo para armonizar sin problemas con el estilo y el dise\u00f1o general de su sitio web. Este notable complemento ofrece a los usuarios una extensa gama de detalles clim\u00e1ticos integrales y meticulosos, que abarcan, pero no se limitan a la temperatura, la humedad, la velocidad del viento y los niveles de precipitaci\u00f3n. Adem\u00e1s, los usuarios tienen la opci\u00f3n de mostrar pron\u00f3sticos meteorol\u00f3gicos para m\u00faltiples ubicaciones geogr\u00e1ficas, lo que permite a su audiencia acceder a informaci\u00f3n meteorol\u00f3gica pertinente sin esfuerzo para cualquier ubicaci\u00f3n de inter\u00e9s. Adem\u00e1s, este complemento proporciona actualizaciones inquebrantables en tiempo real, asegurando que la informaci\u00f3n meteorol\u00f3gica que se muestra sea consistentemente precisa y actual. En resumen, el complemento de clima de WordPress de pron\u00f3stico del tiempo es una herramienta indispensablemente indispensable e invaluable para cualquier sitio web que busque proporcionar su audiencia con pron\u00f3sticos meteorol\u00f3gicos confiables, confiables e iluminadores.<\/p>\n<ul>\n<li>Proporciona pron\u00f3sticos meteorol\u00f3gicos precisos y actualizados para los sitios web de WordPress.<\/li>\n<li>Muestra informaci\u00f3n meteorol\u00f3gica en un formato f\u00e1cil de leer.<\/li>\n<li>Se puede personalizar para mostrar clima para ubicaciones espec\u00edficas.<\/li>\n<li>Ofrece una gama de opciones de personalizaci\u00f3n para la visualizaci\u00f3n de informaci\u00f3n meteorol\u00f3gica.<\/li>\n<li>Proporciona una variedad de datos meteorol\u00f3gicos que incluyen temperatura, humedad, velocidad del viento y niveles de precipitaci\u00f3n.<\/li>\n<li>Ofrece un dise\u00f1o receptivo que se ajusta bien a cualquier dispositivo.<\/li>\n<li>Proporciona un tablero intuitivo para administrar informaci\u00f3n y configuraciones meteorol\u00f3gicas.<\/li>\n<li>Ofrece actualizaciones confiables que aseguran que siempre tenga la informaci\u00f3n meteorol\u00f3gica m\u00e1s reciente.<\/li>\n<li>F\u00e1cil de instalar y usar sin necesidad de conocimiento t\u00e9cnico.<\/li>\n<li>Se puede integrar con otros complementos de WordPress para una funcionalidad adicional.<\/li>\n<\/ul>\n","protected":false},"excerpt":{"rendered":"<p>La entrada: el complemento meteorol\u00f3gico de WordPress Weather Forecast, una herramienta incre\u00edblemente robusta y f\u00e1cil de usar, le otorga la capacidad de obtener pron\u00f3sticos meteorol\u00f3gicos precisos y confiables para cualquier ubicaci\u00f3n deseada, todo convenientemente accesible directamente en su propio sitio web. En virtud de sus widgets adaptables y opciones de configuraci\u00f3n sin complicaciones, posee los medios para exhibir datos meteorol\u00f3gicos actuales y constantemente actualizados a su estimada audiencia, asegurando as\u00ed su conciencia perpetua con respecto a las condiciones atmosf\u00e9ricas m\u00e1s recientes. Independientemente de si su dominio digital gira en torno a un blog de viajes cautivador o una empresa local pr\u00f3spera, el complemento de aporte: el pron\u00f3stico del tiempo, sin duda, se demostrar\u00e1 a s\u00ed mismo como un activo indispensable, vigorizando la interacci\u00f3n del sitio web de sus usuarios y atrayendo una mayor afluencia de visitantes. Navegue sin problemas a trav\u00e9s de las complejidades relacionadas con el clima y aproveche la oportunidad de permanecer un paso por delante aprovechando la incomparable destreza de la entrada: el complemento meteorol\u00f3gico de WordPress de pron\u00f3stico del tiempo.<\/p>\n","protected":false},"featured_media":167980,"comment_status":"open","ping_status":"open","template":"","meta":[],"product_brand":[2339],"product_cat":[1214,1206,1211],"product_tag":[1256],"class_list":{"0":"post-126459","1":"product","2":"type-product","3":"status-publish","4":"has-post-thumbnail","6":"product_brand-codecanyon","7":"product_cat-personalizacion","8":"product_cat-plugins","9":"product_cat-wordpress-plugins","10":"product_tag-codecanyon","11":"member-discount","12":"discount-restricted","14":"first","15":"instock","16":"sale","17":"downloadable","18":"virtual","19":"sold-individually","20":"purchasable","21":"product-type-simple"},"_links":{"self":[{"href":"https:\/\/gpl-love.com\/es\/wp-json\/wp\/v2\/product\/126459","targetHints":{"allow":["GET"]}}],"collection":[{"href":"https:\/\/gpl-love.com\/es\/wp-json\/wp\/v2\/product"}],"about":[{"href":"https:\/\/gpl-love.com\/es\/wp-json\/wp\/v2\/types\/product"}],"replies":[{"embeddable":true,"href":"https:\/\/gpl-love.com\/es\/wp-json\/wp\/v2\/comments?post=126459"}],"wp:featuredmedia":[{"embeddable":true,"href":"https:\/\/gpl-love.com\/es\/wp-json\/wp\/v2\/media\/167980"}],"wp:attachment":[{"href":"https:\/\/gpl-love.com\/es\/wp-json\/wp\/v2\/media?parent=126459"}],"wp:term":[{"taxonomy":"product_brand","embeddable":true,"href":"https:\/\/gpl-love.com\/es\/wp-json\/wp\/v2\/product_brand?post=126459"},{"taxonomy":"product_cat","embeddable":true,"href":"https:\/\/gpl-love.com\/es\/wp-json\/wp\/v2\/product_cat?post=126459"},{"taxonomy":"product_tag","embeddable":true,"href":"https:\/\/gpl-love.com\/es\/wp-json\/wp\/v2\/product_tag?post=126459"}],"curies":[{"name":"wp","href":"https:\/\/api.w.org\/{rel}","templated":true}]}}