{"id":126458,"date":"2026-03-03T00:00:00","date_gmt":"2026-03-03T05:00:00","guid":{"rendered":"https:\/\/gpl-love.com\/es\/producto\/wc-vendors-pro\/"},"modified":"2026-04-10T11:30:36","modified_gmt":"2026-04-10T16:30:36","slug":"wc-vendors-pro","status":"publish","type":"product","link":"https:\/\/gpl-love.com\/es\/producto\/wc-vendors-pro\/","title":{"rendered":"WC Vendors Pro 2.0.5.1"},"content":{"rendered":"<h3>WC Vendors Pro Caracteristicas<\/h3>\n<p>WC Vendors Pro, un complemento de comercio electr\u00f3nico inmensamente robusto, faculta a los proveedores para vender efectivamente sus productos en Internet. Con una interfaz f\u00e1cil de usar, este complemento facilita a los proveedores para crear y administrar sus propias tiendas en l\u00ednea, incorporar productos y adaptar sus p\u00e1ginas de taller a sus preferencias. Adem\u00e1s, el complemento cuenta con soporte para una amplia gama de pasarelas de pago, m\u00e9todos de env\u00edo y opciones de impuestos, otorgando a los proveedores la libertad de seleccionar las opciones m\u00e1s \u00f3ptimas para sus necesidades comerciales espec\u00edficas. Al no detenerse all\u00ed, WC Provendors Pro va m\u00e1s all\u00e1 del suministro de proveedores con informes exhaustivos, herramientas de gesti\u00f3n de pedidos y capacidades de comunicaci\u00f3n con compradores, todos los cuales contribuyen al crecimiento y el \u00e9xito de sus negocios. No hace falta decir que este complemento es un activo indispensable para cualquier persona que se embarque en el viaje de establecer un mercado en l\u00ednea o integrar un sistema de proveedores en su sitio web de comercio electr\u00f3nico preexistente.<\/p>\n<ul>\n<li>WC Vendors Pro es un complemento para WooCommerce que permite a los usuarios crear un mercado de m\u00faltiples proveedores en su sitio web.<\/li>\n<li>Permite a los proveedores registrarse, crear su propia tienda y administrar sus productos, pedidos y m\u00e9todos de env\u00edo de forma independiente.<\/li>\n<li>El complemento proporciona un poderoso tablero para que el propietario del sitio administre y modere los proveedores y sus tiendas.<\/li>\n<li>El propietario del sitio puede establecer comisiones, habilitar o deshabilitar el registro del proveedor, y personalizar la apariencia de las secciones de proveedores del sitio.<\/li>\n<li>WC Vendors Pro tambi\u00e9n ofrece caracter\u00edsticas como revisiones de productos, sistema de mensajer\u00eda, geolocalizaci\u00f3n y gesti\u00f3n de productos a granel para proveedores.<\/li>\n<li>El complemento es compatible con las pasarelas de pago populares, incluidas PayPal, Stripe y Authorize.net, y admite m\u00faltiples idiomas y monedas.<\/li>\n<li>WC Vendors Pro se actualiza regularmente y est\u00e1 respaldado por un equipo de soporte experto, asegurando un funcionamiento y compatibilidad sin problemas con otras extensiones de WooCommerce.<\/li>\n<\/ul>\n","protected":false},"excerpt":{"rendered":"<p>Al utilizar las capacidades notables de WC Vendors Pro, tiene la oportunidad excepcional de convertir sin esfuerzo su tienda en l\u00ednea existente en un mercado de proveedores m\u00faltiples altamente eficiente y lucrativo. Este complemento notablemente robusto ofrece una amplia gama de caracter\u00edsticas que permiten a los proveedores administrar sin esfuerzo su propio inventario de productos, personalizar las opciones de env\u00edo para satisfacer sus necesidades \u00fanicas e incluso determinar sus propias tarifas de comisi\u00f3n. Adem\u00e1s, la integraci\u00f3n perfecta de los proveedores de WC Pro con WooCommerce le permite monitorear sin esfuerzo las ventas y procesar los pagos de manera eficiente. Es realmente la \u00faltima soluci\u00f3n para elevar su negocio de comercio electr\u00f3nico a alturas sin precedentes.<\/p>\n","protected":false},"featured_media":167979,"comment_status":"open","ping_status":"open","template":"","meta":[],"product_brand":[2590],"product_cat":[1207,1248,1206],"product_tag":[2251],"class_list":{"0":"post-126458","1":"product","2":"type-product","3":"status-publish","4":"has-post-thumbnail","6":"product_brand-wc-vendors","7":"product_cat-comercio-electronico-plugins","8":"product_cat-personalizacion-comercio-electronico-plugins","9":"product_cat-plugins","10":"product_tag-wc-vendors","11":"member-discount","12":"discount-restricted","14":"first","15":"instock","16":"sale","17":"downloadable","18":"virtual","19":"sold-individually","20":"purchasable","21":"product-type-simple"},"_links":{"self":[{"href":"https:\/\/gpl-love.com\/es\/wp-json\/wp\/v2\/product\/126458","targetHints":{"allow":["GET"]}}],"collection":[{"href":"https:\/\/gpl-love.com\/es\/wp-json\/wp\/v2\/product"}],"about":[{"href":"https:\/\/gpl-love.com\/es\/wp-json\/wp\/v2\/types\/product"}],"replies":[{"embeddable":true,"href":"https:\/\/gpl-love.com\/es\/wp-json\/wp\/v2\/comments?post=126458"}],"wp:featuredmedia":[{"embeddable":true,"href":"https:\/\/gpl-love.com\/es\/wp-json\/wp\/v2\/media\/167979"}],"wp:attachment":[{"href":"https:\/\/gpl-love.com\/es\/wp-json\/wp\/v2\/media?parent=126458"}],"wp:term":[{"taxonomy":"product_brand","embeddable":true,"href":"https:\/\/gpl-love.com\/es\/wp-json\/wp\/v2\/product_brand?post=126458"},{"taxonomy":"product_cat","embeddable":true,"href":"https:\/\/gpl-love.com\/es\/wp-json\/wp\/v2\/product_cat?post=126458"},{"taxonomy":"product_tag","embeddable":true,"href":"https:\/\/gpl-love.com\/es\/wp-json\/wp\/v2\/product_tag?post=126458"}],"curies":[{"name":"wp","href":"https:\/\/api.w.org\/{rel}","templated":true}]}}