{"id":126457,"date":"2021-06-24T00:00:00","date_gmt":"2021-06-24T05:00:00","guid":{"rendered":"https:\/\/gpl-love.com\/es\/producto\/wc-builder-pro-woocommerce-page-builder-para-wpbakery\/"},"modified":"2026-04-10T11:30:35","modified_gmt":"2026-04-10T16:30:35","slug":"wc-builder-pro-woocommerce-page-builder-para-wpbakery","status":"publish","type":"product","link":"https:\/\/gpl-love.com\/es\/producto\/wc-builder-pro-woocommerce-page-builder-para-wpbakery\/","title":{"rendered":"WC Builder Pro WooCommerce Page Builder para WPBakery 2.0.0"},"content":{"rendered":"<h3>WC Builder Pro WooCommerce Page Builder para WPBakery Caracteristicas<\/h3>\n<p>WC Builder Pro, un incre\u00edblemente poderoso BooCommerce Page Builder dise\u00f1ado espec\u00edficamente para WPBakery, ofrece a las personas la capacidad de construir sin esfuerzo tiendas en l\u00ednea visualmente llamativas y extremadamente profesionales en unos minutos. Este complemento excepcional cuenta con una interfaz de arrastrar y soltar f\u00e1cilmente de uso de usuarios, otorgando a los usuarios la capacidad de incorporar sin esfuerzo y organizar una gran cantidad de elementos, incluidos textos, im\u00e1genes, productos y widgets, a sus p\u00e1ginas, al tiempo que personaliza su dise\u00f1o y dise\u00f1o. Alinearse sin problemas con su marca y estilo. Independientemente de si posee un conjunto de habilidades novato o avanzado, este complemento atiende sin esfuerzo a sus necesidades, ofreciendo una variedad expansiva de caracter\u00edsticas y herramientas que le permiten fabricar p\u00e1ginas \u00fanicas y cautivadoras que mejoran inequ\u00edvocamente la experiencia de compra de su Los clientes estimados y, a su vez, impulsan sus ventas a alturas sin precedentes. En consecuencia, si te encuentras anhelando impulsar tu tienda WooCommerce al pin\u00e1culo del \u00e9xito, WC Builder Pro representa indiscutiblemente la soluci\u00f3n \u00f3ptima para ti.<\/p>\n<ul>\n<li>WC Builder Pro es un poderoso complemento de WooCommerce Page Builder que permite a los usuarios crear f\u00e1cilmente plantillas personalizadas para su tienda web.<\/li>\n<li>El complemento est\u00e1 dise\u00f1ado para funcionar con WPBakery, uno de los constructores de p\u00e1ginas m\u00e1s populares para WordPress.<\/li>\n<li>Con WC Builder Pro, los usuarios pueden crear p\u00e1ginas de productos personalizadas, p\u00e1ginas de categor\u00edas, p\u00e1ginas de pago y m\u00e1s, todo con funcionalidad intuitiva de arrastrar y soltar.<\/li>\n<li>El complemento viene con una variedad de plantillas y bloques predise\u00f1ados que se pueden personalizar para adaptarse a las necesidades de marca y dise\u00f1o de cualquier tienda.<\/li>\n<li>WC Builder Pro es totalmente receptivo, asegurando que su tienda web se vea genial en cualquier dispositivo.<\/li>\n<li>El complemento tambi\u00e9n est\u00e1 optimizado para el rendimiento, asegurando que los tiempos de carga de la p\u00e1gina sean r\u00e1pidos y eficientes.<\/li>\n<li>WC Builder Pro viene con una variedad de elementos espec\u00edficos de comercio electr\u00f3nico, que incluyen tablas de precios, listas de productos, botones de suma y m\u00e1s.<\/li>\n<li>Con WC Builder Pro, los propietarios de tiendas web tienen control completo sobre el dise\u00f1o y el dise\u00f1o de su tienda, sin la necesidad de habilidades de codificaci\u00f3n o un desarrollador.<\/li>\n<li>El complemento se integra a la perfecci\u00f3n con WooCommerce, la plataforma de comercio electr\u00f3nico m\u00e1s popular para WordPress.<\/li>\n<li>WC Builder Pro se actualiza regularmente, asegurando que se mantenga compatible con las \u00faltimas versiones de WordPress y WooCommerce.<\/li>\n<\/ul>\n","protected":false},"excerpt":{"rendered":"<p>WC Builder Pro es un constructor de p\u00e1ginas de WooCommerce excepcionalmente robusto que se ha creado espec\u00edficamente para WPBakery. Esta notable herramienta le permite construir sin esfuerzo las impresionantes tiendas en l\u00ednea, adaptando completamente cada aspecto de su sitio web sin necesitar ning\u00fan dominio de codificaci\u00f3n. WC Builder Pro ofrece una interfaz de arrastrar y soltar notablemente f\u00e1cil de usar, que le brinda posibilidades de dise\u00f1o ilimitadas y le otorga una flexibilidad incomparable para administrar de manera efectiva su tienda de WooCommerce. Al utilizar esta ingeniosa herramienta, tiene la capacidad de fabricar una tienda en l\u00ednea verdaderamente distintiva y optimizada profesionalmente que prioriza proporcionar una experiencia de cliente incomparable. No solo eso, sino que WC Builder Pro ha sido meticulosamente dise\u00f1ado para ser completamente receptivo y optimizado sin problemas para fines de SEO, lo que garantiza que su tienda se vea absolutamente impresionante en cualquier dispositivo y ocupe una posici\u00f3n destacada en la clasificaci\u00f3n de los motores de b\u00fasqueda. \u00a1No pierda el tiempo en el lanzamiento de su tienda en l\u00ednea aprovechando las capacidades extraordinarias de WC Builder Pro, el mejor constructor de p\u00e1ginas de WooCommerce para WPBakery!<\/p>\n","protected":false},"featured_media":167978,"comment_status":"open","ping_status":"open","template":"","meta":[],"product_brand":[2339],"product_cat":[1207,1248,1206],"product_tag":[1256],"class_list":{"0":"post-126457","1":"product","2":"type-product","3":"status-publish","4":"has-post-thumbnail","6":"product_brand-codecanyon","7":"product_cat-comercio-electronico-plugins","8":"product_cat-personalizacion-comercio-electronico-plugins","9":"product_cat-plugins","10":"product_tag-codecanyon","11":"member-discount","12":"discount-restricted","14":"first","15":"instock","16":"sale","17":"downloadable","18":"virtual","19":"sold-individually","20":"purchasable","21":"product-type-simple"},"_links":{"self":[{"href":"https:\/\/gpl-love.com\/es\/wp-json\/wp\/v2\/product\/126457","targetHints":{"allow":["GET"]}}],"collection":[{"href":"https:\/\/gpl-love.com\/es\/wp-json\/wp\/v2\/product"}],"about":[{"href":"https:\/\/gpl-love.com\/es\/wp-json\/wp\/v2\/types\/product"}],"replies":[{"embeddable":true,"href":"https:\/\/gpl-love.com\/es\/wp-json\/wp\/v2\/comments?post=126457"}],"wp:featuredmedia":[{"embeddable":true,"href":"https:\/\/gpl-love.com\/es\/wp-json\/wp\/v2\/media\/167978"}],"wp:attachment":[{"href":"https:\/\/gpl-love.com\/es\/wp-json\/wp\/v2\/media?parent=126457"}],"wp:term":[{"taxonomy":"product_brand","embeddable":true,"href":"https:\/\/gpl-love.com\/es\/wp-json\/wp\/v2\/product_brand?post=126457"},{"taxonomy":"product_cat","embeddable":true,"href":"https:\/\/gpl-love.com\/es\/wp-json\/wp\/v2\/product_cat?post=126457"},{"taxonomy":"product_tag","embeddable":true,"href":"https:\/\/gpl-love.com\/es\/wp-json\/wp\/v2\/product_tag?post=126457"}],"curies":[{"name":"wp","href":"https:\/\/api.w.org\/{rel}","templated":true}]}}