{"id":126456,"date":"2021-08-03T00:00:00","date_gmt":"2021-08-03T05:00:00","guid":{"rendered":"https:\/\/gpl-love.com\/es\/producto\/wavo-creative-portfolio-y-agency-theme\/"},"modified":"2026-04-10T11:30:34","modified_gmt":"2026-04-10T16:30:34","slug":"wavo-creative-portfolio-y-agency-theme","status":"publish","type":"product","link":"https:\/\/gpl-love.com\/es\/producto\/wavo-creative-portfolio-y-agency-theme\/","title":{"rendered":"Wavo Creative Portfolio y Agency Theme 2.0.5"},"content":{"rendered":"<h3>Wavo Creative Portfolio y Agency Theme Caracteristicas<\/h3>\n<p>El tema de la cartera creativa y la agencia WAVO es una herramienta incre\u00edblemente potente que est\u00e1 espec\u00edficamente dise\u00f1ada para satisfacer las necesidades y requisitos de los creativos y agencias que buscan una v\u00eda para exhibir y presentar de manera efectiva y elocuente sus diversos proyectos de una manera sofisticada y refinada. . Este tema en particular est\u00e1 equipado con una extensa variedad de caracter\u00edsticas altamente personalizables, lo que otorga a los usuarios la capacidad de cultivar y establecer una presencia en l\u00ednea distinta y exclusiva que sea una verdadera encarnaci\u00f3n y reflexi\u00f3n de su identidad de marca \u00fanica y su estilo caracter\u00edstico. Con un dise\u00f1o elegante y contempor\u00e1neo, Wavo sirve como una plataforma incre\u00edblemente cautivadora y sorprendente que facilita perfectamente la exhibici\u00f3n de carteras, miembros del equipo y testimonios por igual. Adem\u00e1s, uno de los aspectos m\u00e1s notables y encomiables de este tema es su capacidad de respuesta completa, asegurando as\u00ed y garantizar que el contenido y el dise\u00f1o parezcan constantemente pulidos e impecables, independientemente del dispositivo sobre el que se accede. Adem\u00e1s de esto, Wavo tambi\u00e9n abarca una selecci\u00f3n diversa de herramientas y caracter\u00edsticas formidables y robustas, como widgets y c\u00f3digos cortos personalizados, que ofrecen a los usuarios accesibilidad sin esfuerzo y la capacidad de integrar e incorporar una multitud de funcionalidades y personalizaciones en su sitio. Independientemente de si usted es un dise\u00f1ador, fot\u00f3grafo o agencia creativa, est\u00e1 muy claro que WAVO es una opci\u00f3n excepcional e incomparable para construir y establecer una presencia en l\u00ednea verdaderamente profesional y cautivadora que est\u00e9 obligada a involucrar y cautivar a su p\u00fablico objetivo.<\/p>\n<ul>\n<li>Un tema visualmente impresionante y personalizable para creativos y agencias<\/li>\n<li>Opciones de dise\u00f1o de m\u00faltiples p\u00e1ginas de inicio y cartera para elegir<\/li>\n<li>Totalmente receptivo y listo para la retina, asegurando que su sitio se vea muy bien en cualquier dispositivo<\/li>\n<li>Viene con p\u00e1ginas y m\u00f3dulos preconstruidos para una f\u00e1cil personalizaci\u00f3n<\/li>\n<li>Admite fondos de video para una experiencia de usuario din\u00e1mica y atractiva<\/li>\n<li>Se integra con complementos populares como WooCommerce y MailChimp<\/li>\n<li>Incluye panel de opciones de tema avanzado para una f\u00e1cil personalizaci\u00f3n de colores, fuentes y m\u00e1s<\/li>\n<li>SEO optimizado para una mejor visibilidad y una mayor clasificaci\u00f3n de motores de b\u00fasqueda<\/li>\n<li>La importaci\u00f3n de demostraci\u00f3n de un solo clic para configurar r\u00e1pida y f\u00e1cilmente su sitio<\/li>\n<li>Equipo de soporte dedicado disponible para responder cualquier pregunta o inquietud.<\/li>\n<\/ul>\n","protected":false},"excerpt":{"rendered":"<p>El tema de la cartera y la agencia de Wavo Creative ofrece una soluci\u00f3n integral para individuos y organizaciones en la industria creativa que buscan exhibir su trabajo con sofisticaci\u00f3n y profesionalismo. Este tema altamente flexible y adaptativo cuenta con una variedad de atributos personalizables, que abarca una variedad de dise\u00f1os de p\u00e1gina de inicio, plantillas de cartera y widgets personalizados. Su dise\u00f1o audaz y contempor\u00e1neo est\u00e1 garantizado para diferenciar su trabajo de la competencia, mientras que su interfaz intuitiva garantiza la navegaci\u00f3n y personalizaci\u00f3n sin esfuerzo. Aprovechando las capacidades notables de Wavo, tiene la capacidad de elaborar una cartera en l\u00ednea impresionante que personifique su marca distintiva y cautive a su p\u00fablico objetivo.<\/p>\n","protected":false},"featured_media":167977,"comment_status":"open","ping_status":"open","template":"","meta":[],"product_brand":[2337],"product_cat":[1267,1237,1238],"product_tag":[1391],"class_list":{"0":"post-126456","1":"product","2":"type-product","3":"status-publish","4":"has-post-thumbnail","6":"product_brand-themeforest","7":"product_cat-creativo","8":"product_cat-temas","9":"product_cat-wordpress-temas","10":"product_tag-themeforest","11":"member-discount","12":"discount-restricted","14":"first","15":"instock","16":"sale","17":"downloadable","18":"virtual","19":"sold-individually","20":"purchasable","21":"product-type-simple"},"_links":{"self":[{"href":"https:\/\/gpl-love.com\/es\/wp-json\/wp\/v2\/product\/126456","targetHints":{"allow":["GET"]}}],"collection":[{"href":"https:\/\/gpl-love.com\/es\/wp-json\/wp\/v2\/product"}],"about":[{"href":"https:\/\/gpl-love.com\/es\/wp-json\/wp\/v2\/types\/product"}],"replies":[{"embeddable":true,"href":"https:\/\/gpl-love.com\/es\/wp-json\/wp\/v2\/comments?post=126456"}],"wp:featuredmedia":[{"embeddable":true,"href":"https:\/\/gpl-love.com\/es\/wp-json\/wp\/v2\/media\/167977"}],"wp:attachment":[{"href":"https:\/\/gpl-love.com\/es\/wp-json\/wp\/v2\/media?parent=126456"}],"wp:term":[{"taxonomy":"product_brand","embeddable":true,"href":"https:\/\/gpl-love.com\/es\/wp-json\/wp\/v2\/product_brand?post=126456"},{"taxonomy":"product_cat","embeddable":true,"href":"https:\/\/gpl-love.com\/es\/wp-json\/wp\/v2\/product_cat?post=126456"},{"taxonomy":"product_tag","embeddable":true,"href":"https:\/\/gpl-love.com\/es\/wp-json\/wp\/v2\/product_tag?post=126456"}],"curies":[{"name":"wp","href":"https:\/\/api.w.org\/{rel}","templated":true}]}}