{"id":126455,"date":"2024-02-24T00:00:00","date_gmt":"2024-02-24T05:00:00","guid":{"rendered":"https:\/\/gpl-love.com\/es\/producto\/waveplayer-waveform-audio-player-para-wordpress-y-woocommerce\/"},"modified":"2026-04-10T11:30:33","modified_gmt":"2026-04-10T16:30:33","slug":"waveplayer-waveform-audio-player-para-wordpress-y-woocommerce","status":"publish","type":"product","link":"https:\/\/gpl-love.com\/es\/producto\/waveplayer-waveform-audio-player-para-wordpress-y-woocommerce\/","title":{"rendered":"WavePlayer Waveform Audio Player para WordPress y WooCommerce 3.7.1"},"content":{"rendered":"<h3>WavePlayer Waveform Audio Player para WordPress y WooCommerce Caracteristicas<\/h3>\n<p>WavePlayer es un reproductor de audio de forma de onda muy potente y adaptable que se integra perfectamente con las plataformas populares de WordPress y WooCommerce, lo que lo convierte en un complemento incomparable para los propietarios de sitios web. Les permite incorporar sin esfuerzo la funcionalidad de reproducci\u00f3n de audio de primer nivel en sus p\u00e1ginas web y publicaciones de blog, en consecuencia enriquecer la experiencia general del usuario. Con las ventajas adicionales de las m\u00e1scaras personalizables, las listas de reproducci\u00f3n y la integraci\u00f3n sin esfuerzo con servicios de transmisi\u00f3n de audio de renombre como SoundCloud, WavePlayer surge como la herramienta definitiva, que atiende a las necesidades de m\u00fasicos, podcasters e individuos que anhelan exhibir su contenido de audio en una profesional profunda y manera cautivadora. Ya sea que sea un individuo que busque vender su m\u00fasica o simplemente aspire a mostrar sus creaciones art\u00edsticas, WavePlayer se erige como la soluci\u00f3n por excelencia para elevar su presencia en l\u00ednea y otorgar a sus usuarios un encuentro auditivo indeleble e impresionante. Por lo tanto, si est\u00e1 buscando aumentar la interactividad y el compromiso de su sitio web, \u00a1aproveche la oportunidad de explorar las caracter\u00edsticas notables de WavePlayer hoy!<\/p>\n<ul>\n<li>Potente complemento de reproductor de audio dise\u00f1ado para WordPress y WooCommerce<\/li>\n<li>Admite m\u00faltiples formatos de archivo de audio que incluyen MP3, WAV y OGG<\/li>\n<li>F\u00e1cil de instalar y configurar, no se requiere codificaci\u00f3n<\/li>\n<li>Reproductor personalizable con una variedad de opciones de dise\u00f1o<\/li>\n<li>Integraci\u00f3n perfecta con sus sitios de WordPress y WooCommerce<\/li>\n<li>El dise\u00f1o receptivo garantiza la compatibilidad con todos los dispositivos<\/li>\n<li>Gesti\u00f3n de listas de reproducci\u00f3n incorporada para una organizaci\u00f3n f\u00e1cil y navegaci\u00f3n de archivos de audio<\/li>\n<li>Funci\u00f3n autom\u00e1tica de curr\u00edculum de audio despu\u00e9s de las recargas o los bloqueos del navegador<\/li>\n<li>Opci\u00f3n para mostrar las obras de arte del \u00e1lbum e informaci\u00f3n de seguimiento<\/li>\n<li>An\u00e1lisis de audio incorporado para rastrear la participaci\u00f3n del usuario en su sitio.<\/li>\n<\/ul>\n","protected":false},"excerpt":{"rendered":"<p>WavePlayer WaveForm Audio Player, un complemento de alta calidad creado espec\u00edficamente para los sitios web de WordPress y WooCommerce, se presenta como una opci\u00f3n excepcional para personas como m\u00fasicos, podcasters y aquellos que aspiran a incorporar un reproductor de audio atractivo y est\u00e9ticamente atractivo en su sitio web. Ofreciendo a sus usuarios pantallas de forma de onda para visualizar el audio, la capacidad de personalizar las pieles para adaptarse a las preferencias individuales y una integraci\u00f3n perfecta con WooCommerce, el WavePlayer es una soluci\u00f3n incomparable tanto para la distribuci\u00f3n como para la transmisi\u00f3n de contenido de audio en cualquier sitio web de WordPress. Al utilizar WavePlayer, uno puede elevar la experiencia general del usuario de su sitio web y simult\u00e1neamente amplificar su potencial de ventas.<\/p>\n","protected":false},"featured_media":167976,"comment_status":"open","ping_status":"open","template":"","meta":[],"product_brand":[2339],"product_cat":[1214,1206,1211],"product_tag":[1256],"class_list":{"0":"post-126455","1":"product","2":"type-product","3":"status-publish","4":"has-post-thumbnail","6":"product_brand-codecanyon","7":"product_cat-personalizacion","8":"product_cat-plugins","9":"product_cat-wordpress-plugins","10":"product_tag-codecanyon","11":"member-discount","12":"discount-restricted","14":"first","15":"instock","16":"sale","17":"downloadable","18":"virtual","19":"sold-individually","20":"purchasable","21":"product-type-simple"},"_links":{"self":[{"href":"https:\/\/gpl-love.com\/es\/wp-json\/wp\/v2\/product\/126455","targetHints":{"allow":["GET"]}}],"collection":[{"href":"https:\/\/gpl-love.com\/es\/wp-json\/wp\/v2\/product"}],"about":[{"href":"https:\/\/gpl-love.com\/es\/wp-json\/wp\/v2\/types\/product"}],"replies":[{"embeddable":true,"href":"https:\/\/gpl-love.com\/es\/wp-json\/wp\/v2\/comments?post=126455"}],"wp:featuredmedia":[{"embeddable":true,"href":"https:\/\/gpl-love.com\/es\/wp-json\/wp\/v2\/media\/167976"}],"wp:attachment":[{"href":"https:\/\/gpl-love.com\/es\/wp-json\/wp\/v2\/media?parent=126455"}],"wp:term":[{"taxonomy":"product_brand","embeddable":true,"href":"https:\/\/gpl-love.com\/es\/wp-json\/wp\/v2\/product_brand?post=126455"},{"taxonomy":"product_cat","embeddable":true,"href":"https:\/\/gpl-love.com\/es\/wp-json\/wp\/v2\/product_cat?post=126455"},{"taxonomy":"product_tag","embeddable":true,"href":"https:\/\/gpl-love.com\/es\/wp-json\/wp\/v2\/product_tag?post=126455"}],"curies":[{"name":"wp","href":"https:\/\/api.w.org\/{rel}","templated":true}]}}