{"id":126454,"date":"2021-04-05T00:00:00","date_gmt":"2021-04-05T05:00:00","guid":{"rendered":"https:\/\/gpl-love.com\/es\/producto\/warranties-y-returns-para-woocommerce\/"},"modified":"2026-04-10T11:30:32","modified_gmt":"2026-04-10T16:30:32","slug":"warranties-y-returns-para-woocommerce","status":"publish","type":"product","link":"https:\/\/gpl-love.com\/es\/producto\/warranties-y-returns-para-woocommerce\/","title":{"rendered":"Warranties y Returns para WooCommerce 5.2.1"},"content":{"rendered":"<h3>Warranties y Returns para WooCommerce Caracteristicas<\/h3>\n<p>Las garant\u00edas y devoluciones para WooCommerce es un complemento extremadamente potente que sirve para optimizar el engorroso proceso de manejar las garant\u00edas y devoluciones de productos para su tienda en l\u00ednea. Este complemento cuenta con una amplia gama de caracter\u00edsticas sofisticadas que facilitan efectivamente la gesti\u00f3n de las solicitudes de los clientes, el monitoreo de los rendimientos, la facilitaci\u00f3n de los reembolsos y el manejo de reclamos de garant\u00eda. Con la ayuda de este complemento notable, puede modificar y adaptar las pol\u00edticas de garant\u00eda a sus especificaciones exactas, establecer regulaciones de devoluci\u00f3n e incluso automatizar todo el proceso desde el inicio hasta la finalizaci\u00f3n. Adem\u00e1s, posee la capacidad de construir una p\u00e1gina de garant\u00edas dedicadas y devolverse en su sitio web, repleto de una interfaz intuitiva f\u00e1cil de usar y formularios modificables. Independientemente de si est\u00e1 expendiendo bienes, garant\u00edas y devoluciones tangibles o intangibles para WooCommerce le otorga los medios para supervisar sin esfuerzo sus pol\u00edticas de garant\u00eda y devoluci\u00f3n, asegurando as\u00ed que sus valiosos clientes disfruten de una experiencia de compra impecablemente perfecta.<\/p>\n<ul>\n<li>F\u00e1cil configuraci\u00f3n y gesti\u00f3n de garant\u00edas y devoluciones para su tienda WooCommerce<\/li>\n<li>Integraci\u00f3n completa con WooCommerce, lo que facilita el seguimiento y la administraci\u00f3n de las solicitudes de garant\u00eda y devoluci\u00f3n<\/li>\n<li>T\u00e9rminos y condiciones de garant\u00eda personalizables, incluida la longitud de la cobertura y el tipo de cobertura<\/li>\n<li>Capacidad para rastrear los reclamos de garant\u00eda y las devoluciones de principio a fin, manteniendo a los clientes informados en cada paso del camino<\/li>\n<li>Notificaciones autom\u00e1ticas por correo electr\u00f3nico enviadas a los clientes cuando su solicitud de garant\u00eda o devoluci\u00f3n ha sido aprobada o denegada<\/li>\n<li>Opci\u00f3n para que los clientes compren cobertura de garant\u00eda extendida para mayor tranquilidad<\/li>\n<li>Integraci\u00f3n perfecta con portadores de env\u00edo populares para una f\u00e1cil creaci\u00f3n de etiquetas de devoluci\u00f3n y seguimiento de env\u00edo<\/li>\n<li>Informes detallados y an\u00e1lisis para ayudarlo a rastrear la garant\u00eda y devolver las tendencias y tomar decisiones basadas en datos para su negocio.<\/li>\n<\/ul>\n","protected":false},"excerpt":{"rendered":"<p>Las garant\u00edas y devoluciones para WooCommerce es una herramienta incre\u00edble que le otorga la capacidad de manejar y establecer garant\u00edas y pol\u00edticas de devoluci\u00f3n para su estimada tienda en l\u00ednea. Este complemento muy robusto le permite adaptar sus garant\u00edas y devolver las pol\u00edticas para alinearse con precisi\u00f3n con los requisitos \u00fanicos de su negocio, al tiempo que abarca una gran cantidad de caracter\u00edsticas de vanguardia que optimizan eficientemente su flujo de trabajo y garantice efectivamente la satisfacci\u00f3n incomparable del cliente. Ya sea que aspira a proporcionar reembolsos directos o programas de garant\u00eda intrincados, garant\u00edas y devoluciones para WooCommerce personifica sin problemas la resoluci\u00f3n ideal para su pr\u00f3spera empresa en l\u00ednea.<\/p>\n","protected":false},"featured_media":167975,"comment_status":"open","ping_status":"open","template":"","meta":[],"product_brand":[2339],"product_cat":[1208,1207,1206],"product_tag":[1256],"class_list":{"0":"post-126454","1":"product","2":"type-product","3":"status-publish","4":"has-post-thumbnail","6":"product_brand-codecanyon","7":"product_cat-administracion","8":"product_cat-comercio-electronico-plugins","9":"product_cat-plugins","10":"product_tag-codecanyon","11":"member-discount","12":"discount-restricted","14":"first","15":"instock","16":"sale","17":"downloadable","18":"virtual","19":"sold-individually","20":"purchasable","21":"product-type-simple"},"_links":{"self":[{"href":"https:\/\/gpl-love.com\/es\/wp-json\/wp\/v2\/product\/126454","targetHints":{"allow":["GET"]}}],"collection":[{"href":"https:\/\/gpl-love.com\/es\/wp-json\/wp\/v2\/product"}],"about":[{"href":"https:\/\/gpl-love.com\/es\/wp-json\/wp\/v2\/types\/product"}],"replies":[{"embeddable":true,"href":"https:\/\/gpl-love.com\/es\/wp-json\/wp\/v2\/comments?post=126454"}],"wp:featuredmedia":[{"embeddable":true,"href":"https:\/\/gpl-love.com\/es\/wp-json\/wp\/v2\/media\/167975"}],"wp:attachment":[{"href":"https:\/\/gpl-love.com\/es\/wp-json\/wp\/v2\/media?parent=126454"}],"wp:term":[{"taxonomy":"product_brand","embeddable":true,"href":"https:\/\/gpl-love.com\/es\/wp-json\/wp\/v2\/product_brand?post=126454"},{"taxonomy":"product_cat","embeddable":true,"href":"https:\/\/gpl-love.com\/es\/wp-json\/wp\/v2\/product_cat?post=126454"},{"taxonomy":"product_tag","embeddable":true,"href":"https:\/\/gpl-love.com\/es\/wp-json\/wp\/v2\/product_tag?post=126454"}],"curies":[{"name":"wp","href":"https:\/\/api.w.org\/{rel}","templated":true}]}}