{"id":126453,"date":"2022-01-06T00:00:00","date_gmt":"2022-01-06T05:00:00","guid":{"rendered":"https:\/\/gpl-love.com\/es\/producto\/wanium-a-elegant-multi-concept-theme\/"},"modified":"2026-04-10T11:30:31","modified_gmt":"2026-04-10T16:30:31","slug":"wanium-a-elegant-multi-concept-theme","status":"publish","type":"product","link":"https:\/\/gpl-love.com\/es\/producto\/wanium-a-elegant-multi-concept-theme\/","title":{"rendered":"Wanium A Elegant Multi-Concept Theme 1.7.7"},"content":{"rendered":"<h3>Wanium A Elegant Multi-Concept Theme Caracteristicas<\/h3>\n<p>Wanium Un elegante tema de concepto de m\u00faltiples conceptos, un tema de WordPress notablemente vers\u00e1til y est\u00e9ticamente agradable, proporciona una variedad de dise\u00f1os y opciones de dise\u00f1o para facilitar la creaci\u00f3n de un sitio web distintivo y sofisticado. Equipados con herramientas de personalizaci\u00f3n f\u00e1ciles de usar, las personas pueden adaptar sin esfuerzo los elementos de dise\u00f1o de acuerdo con sus preferencias y requisitos particulares. Este tema excepcional cuenta con una capacidad de respuesta integral, que garantiza una experiencia de visualizaci\u00f3n excepcional en todos los dispositivos, al tiempo que presenta una amplia gama de demostraciones y plantillas predise\u00f1adas para seleccionar. Ya sea que el objetivo de uno sea construir un blog, cartera o sitio de comercio electr\u00f3nico, Wanium, un elegante tema de concepto m\u00faltiple abarca un repertorio integral de caracter\u00edsticas y funcionalidades, asegurando el logro de una presencia en l\u00ednea incomparable.<\/p>\n<ul>\n<li>Wanium es un tema premium de WordPress dise\u00f1ado para uso multiprop\u00f3sito<\/li>\n<li>Cuenta con un dise\u00f1o elegante y moderno adecuado para cualquier negocio o sitio web personal.<\/li>\n<li>El tema viene con 26 demostraciones \u00fanicas prebujadas para elegir, cada una totalmente personalizable para satisfacer sus necesidades<\/li>\n<li>Con el compositor visual de la p\u00e1gina de arrastrar y soltar, puede crear f\u00e1cilmente p\u00e1ginas y dise\u00f1os \u00fanicos sin requerido ning\u00fan conocimiento de codificaci\u00f3n<\/li>\n<li>Wanium es totalmente receptivo y optimizado para tiempos de carga r\u00e1pidos, asegurando que su sitio web se vea muy bien en todos los dispositivos y navegadores<\/li>\n<li>El tema incluye varias caracter\u00edsticas \u00fatiles, como un poderoso panel de administraci\u00f3n, estilos de cabeza de cabeza y pie de p\u00e1gina, widgets personalizados e integraci\u00f3n de Google Fonts<\/li>\n<li>Es compatible con complementos populares como WooCommerce, Contact Form 7 y WPML para sitios web multiling\u00fces<\/li>\n<li>Wanium incluye una amplia documentaci\u00f3n y un apoyo dedicado de los desarrolladores de temas para ayudarlo a aprovechar al m\u00e1ximo su sitio web.<\/li>\n<\/ul>\n","protected":false},"excerpt":{"rendered":"<p>Wanium, un elegante tema de concepto multi-concepto es un tema de WordPress extremadamente vers\u00e1til y totalmente receptivo que es absolutamente perfecto para cualquier tipo de negocio o sitio web personal que pueda tener. Con su dise\u00f1o elegante y sofisticado, dise\u00f1o limpio y organizado, as\u00ed como su gran cantidad de caracter\u00edsticas potentes, Wanium ofrece una experiencia de usuario incre\u00edblemente perfecta y agradable para todos sus visitantes. Este magn\u00edfico tema tambi\u00e9n viene con una variedad de dise\u00f1os personalizables, demostraciones predise\u00f1adas y una gran cantidad de caracter\u00edsticas que incluyen el control deslizante Revolution altamente buscado, una p\u00e1gina de 404 personalizada, m\u00faltiples formularios de contacto y mucho m\u00e1s. Con la ayuda de Wanium, la construcci\u00f3n de un sitio web profesional y visualmente impresionante que exhibe efectivamente su marca o negocio \u00fanico nunca ha sido m\u00e1s f\u00e1cil.<\/p>\n","protected":false},"featured_media":167974,"comment_status":"open","ping_status":"open","template":"","meta":[],"product_brand":[2337],"product_cat":[1239,1237,1238],"product_tag":[1391],"class_list":{"0":"post-126453","1":"product","2":"type-product","3":"status-publish","4":"has-post-thumbnail","6":"product_brand-themeforest","7":"product_cat-de-multiples-fines","8":"product_cat-temas","9":"product_cat-wordpress-temas","10":"product_tag-themeforest","11":"member-discount","12":"discount-restricted","14":"first","15":"instock","16":"sale","17":"downloadable","18":"virtual","19":"sold-individually","20":"purchasable","21":"product-type-simple"},"_links":{"self":[{"href":"https:\/\/gpl-love.com\/es\/wp-json\/wp\/v2\/product\/126453","targetHints":{"allow":["GET"]}}],"collection":[{"href":"https:\/\/gpl-love.com\/es\/wp-json\/wp\/v2\/product"}],"about":[{"href":"https:\/\/gpl-love.com\/es\/wp-json\/wp\/v2\/types\/product"}],"replies":[{"embeddable":true,"href":"https:\/\/gpl-love.com\/es\/wp-json\/wp\/v2\/comments?post=126453"}],"wp:featuredmedia":[{"embeddable":true,"href":"https:\/\/gpl-love.com\/es\/wp-json\/wp\/v2\/media\/167974"}],"wp:attachment":[{"href":"https:\/\/gpl-love.com\/es\/wp-json\/wp\/v2\/media?parent=126453"}],"wp:term":[{"taxonomy":"product_brand","embeddable":true,"href":"https:\/\/gpl-love.com\/es\/wp-json\/wp\/v2\/product_brand?post=126453"},{"taxonomy":"product_cat","embeddable":true,"href":"https:\/\/gpl-love.com\/es\/wp-json\/wp\/v2\/product_cat?post=126453"},{"taxonomy":"product_tag","embeddable":true,"href":"https:\/\/gpl-love.com\/es\/wp-json\/wp\/v2\/product_tag?post=126453"}],"curies":[{"name":"wp","href":"https:\/\/api.w.org\/{rel}","templated":true}]}}