{"id":126451,"date":"2021-12-13T00:00:00","date_gmt":"2021-12-13T05:00:00","guid":{"rendered":"https:\/\/gpl-love.com\/es\/producto\/wallace-inline\/"},"modified":"2026-03-09T08:18:28","modified_gmt":"2026-03-09T13:18:28","slug":"wallace-inline","status":"publish","type":"product","link":"https:\/\/gpl-love.com\/es\/producto\/wallace-inline\/","title":{"rendered":"Wallace Inline 2.3.0"},"content":{"rendered":"<h3>Wallace Inline Caracteristicas<\/h3>\n<p>Wallace Inline es un complemento de WordPress incre\u00edblemente robusto y altamente eficiente que le ofrece la capacidad excepcional para modificar sin esfuerzo el contenido directamente en su sitio web. A trav\u00e9s de su interfaz de arrastrar y soltar incre\u00edblemente f\u00e1cil de usar y sin interrupciones, est\u00e1 facultado para hacer alteraciones r\u00e1pidas y eficientes al texto, las im\u00e1genes y una multitud de otros elementos, todo sin la necesidad de navegar a trav\u00e9s de intrincados men\u00fas o cambiar constantemente entre varios varios. pantallas. Independientemente de si usted es un dise\u00f1ador web experto, un desarrollador competente o incluso un creador de contenido talentoso, Wallace en l\u00ednea agiliza sin esfuerzo todo su flujo de trabajo, lo que le otorga la capacidad de colaborar sin problemas con clientes y colegas por igual. Al ofrecer una variedad de caracter\u00edsticas notables, incluidas las invaluables vistas previas en tiempo real, plantillas completamente personalizables e incluso copias de seguridad autom\u00e1ticas, Wallace en l\u00ednea innegablemente le presenta la flexibilidad y el control incomparables necesarios para curar y crear contenido de alto nivel que genuinamente cautiva su Audiencia estimada, en \u00faltima instancia, impulsando resultados excepcionales.<\/p>\n<ul>\n<li>Ahorra tiempo y aumenta la productividad al permitir a los usuarios editar texto directamente en un sitio de WordPress, sin la necesidad de navegaci\u00f3n de backend<\/li>\n<li>Mejora la calidad del contenido al proporcionar comentarios y sugerencias de mejora en tiempo real<\/li>\n<li>Ofrece personalizaci\u00f3n f\u00e1cil para diversas necesidades de dise\u00f1o, como la selecci\u00f3n de fuentes y los ajustes de dise\u00f1o.<\/li>\n<li>Agiliza el proceso de edici\u00f3n permitiendo que varios miembros del equipo funcionen simult\u00e1neamente<\/li>\n<li>Proporciona una experiencia de usuario perfecta trabajando con los populares constructores y complementos de la p\u00e1gina de WordPress<\/li>\n<li>Mejora la accesibilidad del sitio web al permitir actualizaciones y revisiones de contenido m\u00e1s f\u00e1ciles<\/li>\n<li>Ofrece capacidades de dise\u00f1o receptivas, asegurando que las ediciones de texto se vean muy bien en cualquier dispositivo<\/li>\n<li>Se integra con otras herramientas y servicios populares, como Google Docs y Slack<\/li>\n<li>Proporciona documentaci\u00f3n y soporte \u00fatil e intuitivo incluso para usuarios novatos.<\/li>\n<\/ul>\n","protected":false},"excerpt":{"rendered":"<p>Wallace Inline, un complemento excepcional de WordPress, sirve como un activo formidable para racionalizar el proceso intrincado de edici\u00f3n de contenido en su estimado sitio web. En virtud de su notable funcionalidad de edici\u00f3n en vivo, se le otorga la ventaja \u00fanica de presenciar modificaciones en tiempo real a medida que manipula h\u00e1bilmente elementos textuales y visuales cautivadoras. Esta caracter\u00edstica notable garantiza la utilizaci\u00f3n eficiente de su precioso tiempo al borrar la necesidad de participar en revisiones arduas y que llevan mucho tiempo. Adem\u00e1s, las capacidades que lo abarcan en l\u00ednea Wallace se extienden para abarcar una variedad de opciones de personalizaci\u00f3n que abarcan el tama\u00f1o de la fuente, los esquemas de color e incluso las disposiciones estil\u00edsticas. Un conjunto de herramientas tan integral es indudablemente f\u00e1cil de usar y facilita profundamente el flujo perfecto de su flujo de trabajo, lo que finalmente lo empodera en la creaci\u00f3n r\u00e1pida y sin esfuerzo de un sitio web que exuda un aura de profesionalismo y sofisticaci\u00f3n.<\/p>\n","protected":false},"featured_media":167972,"comment_status":"open","ping_status":"open","template":"","meta":[],"product_brand":[2589],"product_cat":[1212,1206,1211],"product_tag":[2297],"class_list":{"0":"post-126451","1":"product","2":"type-product","3":"status-publish","4":"has-post-thumbnail","6":"product_brand-wallace","7":"product_cat-administracion-wordpress-plugins","8":"product_cat-plugins","9":"product_cat-wordpress-plugins","10":"product_tag-wallace","11":"member-discount","12":"discount-restricted","14":"first","15":"instock","16":"sale","17":"downloadable","18":"virtual","19":"sold-individually","20":"purchasable","21":"product-type-simple"},"_links":{"self":[{"href":"https:\/\/gpl-love.com\/es\/wp-json\/wp\/v2\/product\/126451","targetHints":{"allow":["GET"]}}],"collection":[{"href":"https:\/\/gpl-love.com\/es\/wp-json\/wp\/v2\/product"}],"about":[{"href":"https:\/\/gpl-love.com\/es\/wp-json\/wp\/v2\/types\/product"}],"replies":[{"embeddable":true,"href":"https:\/\/gpl-love.com\/es\/wp-json\/wp\/v2\/comments?post=126451"}],"wp:featuredmedia":[{"embeddable":true,"href":"https:\/\/gpl-love.com\/es\/wp-json\/wp\/v2\/media\/167972"}],"wp:attachment":[{"href":"https:\/\/gpl-love.com\/es\/wp-json\/wp\/v2\/media?parent=126451"}],"wp:term":[{"taxonomy":"product_brand","embeddable":true,"href":"https:\/\/gpl-love.com\/es\/wp-json\/wp\/v2\/product_brand?post=126451"},{"taxonomy":"product_cat","embeddable":true,"href":"https:\/\/gpl-love.com\/es\/wp-json\/wp\/v2\/product_cat?post=126451"},{"taxonomy":"product_tag","embeddable":true,"href":"https:\/\/gpl-love.com\/es\/wp-json\/wp\/v2\/product_tag?post=126451"}],"curies":[{"name":"wp","href":"https:\/\/api.w.org\/{rel}","templated":true}]}}