{"id":126450,"date":"2026-03-08T00:00:00","date_gmt":"2026-03-08T05:00:00","guid":{"rendered":"https:\/\/gpl-love.com\/es\/producto\/w3-total-cache-pro-wordpress-cache-plugin\/"},"modified":"2026-04-10T11:30:30","modified_gmt":"2026-04-10T16:30:30","slug":"w3-total-cache-pro-wordpress-cache-plugin","status":"publish","type":"product","link":"https:\/\/gpl-love.com\/es\/producto\/w3-total-cache-pro-wordpress-cache-plugin\/","title":{"rendered":"W3 Total Cache Pro WordPress Cache Plugin 2.9.4"},"content":{"rendered":"<h3>W3 Total Cache Pro WordPress Cache Plugin Caracteristicas<\/h3>\n<p>W3 Total Cache Pro, un complemento de cach\u00e9 altamente efectivo para WordPress, est\u00e1 dise\u00f1ado para optimizar el rendimiento del sitio web al almacenar archivos e im\u00e1genes a las que se accede con frecuencia. Al reducir los tiempos de carga de la p\u00e1gina y mejorar el rendimiento del servidor, este complemento no solo mejora la experiencia del usuario sino que tambi\u00e9n aumenta las clasificaciones de motores de b\u00fasqueda. Ofrece caracter\u00edsticas avanzadas que incluyen integraci\u00f3n con redes de entrega de contenido (CDN), almacenamiento en cach\u00e9 del navegador y minificaci\u00f3n de archivos HTML, CSS y JavaScript. Con su sencillo proceso de instalaci\u00f3n y configuraci\u00f3n, W3 Total Cache Pro es una herramienta indispensable para los propietarios de sitios web de WordPress con el objetivo de mejorar la velocidad y el rendimiento general de sus sitios.<\/p>\n<ul>\n<li>Mejora dr\u00e1sticamente la velocidad de carga del sitio web al almacenar en cach\u00e9 los archivos y los recursos del sitio.<\/li>\n<li>Reduce la carga del servidor y mejora el rendimiento del sitio minificando los archivos CSS y JavaScript.<\/li>\n<li>Se integra a la perfecci\u00f3n con las populares redes de entrega de contenido (CDN) para aumentar a\u00fan m\u00e1s la velocidad del sitio.<\/li>\n<li>Ofrece opciones avanzadas de almacenamiento en cach\u00e9, como almacenamiento en cach\u00e9 del navegador, almacenamiento en cach\u00e9 de bases de datos y almacenamiento en cach\u00e9 de objetos.<\/li>\n<li>Incluye soporte para tipos de publicaciones personalizadas, feeds y dispositivos m\u00f3viles.<\/li>\n<li>Proporciona informes y an\u00e1lisis de rendimiento detallados para ayudar a optimizar la velocidad y el rendimiento del sitio.<\/li>\n<li>Ofrece almacenamiento en cach\u00e9 autom\u00e1tico para plataformas populares de comercio electr\u00f3nico como WooCommerce.<\/li>\n<li>Incluye soporte premium de desarrolladores expertos para garantizar una instalaci\u00f3n y personalizaci\u00f3n sin problemas.<\/li>\n<\/ul>\n","protected":false},"excerpt":{"rendered":"<p>W3 Total Cache Pro, un complemento de cach\u00e9 de WordPress altamente robusto, ha sido dise\u00f1ado estrat\u00e9gicamente para mejorar el rendimiento de su sitio web y elevar la experiencia general del usuario. Integra sin problemas las metodolog\u00edas de almacenamiento en cach\u00e9 de vanguardia, que abarca el almacenamiento en cach\u00e9 de objetos, el almacenamiento en cach\u00e9 de p\u00e1ginas y el almacenamiento en cach\u00e9 de la base de datos, para disminuir significativamente las duraciones de carga de la p\u00e1gina y reforzar la velocidad de su sitio web. Con una interfaz notablemente f\u00e1cil de usar y una variedad de caracter\u00edsticas sin esfuerzo, W3 Total Cache Pro surge como el compa\u00f1ero por excelencia para la optimizaci\u00f3n de su sitio web de WordPress, atrayendo efectivamente una floreciente afluencia de visitantes.<\/p>\n","protected":false},"featured_media":167971,"comment_status":"open","ping_status":"open","template":"","meta":[],"product_brand":[2588],"product_cat":[1206,1579,1211],"product_tag":[1674],"class_list":{"0":"post-126450","1":"product","2":"type-product","3":"status-publish","4":"has-post-thumbnail","6":"product_brand-w3-edge","7":"product_cat-plugins","8":"product_cat-rendimiento","9":"product_cat-wordpress-plugins","10":"product_tag-w3-edge","11":"member-discount","12":"discount-restricted","14":"first","15":"instock","16":"sale","17":"downloadable","18":"virtual","19":"sold-individually","20":"purchasable","21":"product-type-simple"},"_links":{"self":[{"href":"https:\/\/gpl-love.com\/es\/wp-json\/wp\/v2\/product\/126450","targetHints":{"allow":["GET"]}}],"collection":[{"href":"https:\/\/gpl-love.com\/es\/wp-json\/wp\/v2\/product"}],"about":[{"href":"https:\/\/gpl-love.com\/es\/wp-json\/wp\/v2\/types\/product"}],"replies":[{"embeddable":true,"href":"https:\/\/gpl-love.com\/es\/wp-json\/wp\/v2\/comments?post=126450"}],"wp:featuredmedia":[{"embeddable":true,"href":"https:\/\/gpl-love.com\/es\/wp-json\/wp\/v2\/media\/167971"}],"wp:attachment":[{"href":"https:\/\/gpl-love.com\/es\/wp-json\/wp\/v2\/media?parent=126450"}],"wp:term":[{"taxonomy":"product_brand","embeddable":true,"href":"https:\/\/gpl-love.com\/es\/wp-json\/wp\/v2\/product_brand?post=126450"},{"taxonomy":"product_cat","embeddable":true,"href":"https:\/\/gpl-love.com\/es\/wp-json\/wp\/v2\/product_cat?post=126450"},{"taxonomy":"product_tag","embeddable":true,"href":"https:\/\/gpl-love.com\/es\/wp-json\/wp\/v2\/product_tag?post=126450"}],"curies":[{"name":"wp","href":"https:\/\/api.w.org\/{rel}","templated":true}]}}