{"id":126449,"date":"2022-04-17T00:00:00","date_gmt":"2022-04-17T05:00:00","guid":{"rendered":"https:\/\/gpl-love.com\/es\/producto\/voka-fashion-cosmetic-y-accessories-woocommerce-theme\/"},"modified":"2026-04-10T11:30:29","modified_gmt":"2026-04-10T16:30:29","slug":"voka-fashion-cosmetic-y-accessories-woocommerce-theme","status":"publish","type":"product","link":"https:\/\/gpl-love.com\/es\/producto\/voka-fashion-cosmetic-y-accessories-woocommerce-theme\/","title":{"rendered":"Voka Fashion Cosmetic y Accessories WooCommerce Theme 3.0.0"},"content":{"rendered":"<h3>Voka Fashion Cosmetic y Accessories WooCommerce Theme Caracteristicas<\/h3>\n<p>El tema de cosm\u00e9tica y accesorios de Voka Fashion WooCommerce exhibe una destreza notable y exuda un aura de sofisticaci\u00f3n, que atiende espec\u00edficamente a las necesidades de las tiendas de moda en l\u00ednea. Con un dise\u00f1o altamente receptivo y una variedad de opciones f\u00e1cilmente personalizables, este tema proporciona una v\u00eda perfecta para elaborar una tienda en l\u00ednea distintiva y pulida que seguramente cautivar\u00e1 a los clientes y refuerza las ventas. Independientemente de si su mercanc\u00eda implica cosm\u00e9ticos, accesorios o cualquier otro producto relacionado con la moda, este tema demuestra ser la plataforma por excelencia para exhibir sus ofertas de la luz m\u00e1s favorecedora imaginable. Con sus caracter\u00edsticas abundantes, que abarca una p\u00e1gina de inicio maleable, p\u00e1ginas de productos y carrito de compras, el tema de cosm\u00e9tico de moda Voka y accesorios de WooCommerce le facilita la erecci\u00f3n de una tienda en l\u00ednea ejemplar que se distinguir\u00e1 sin esfuerzo en medio de un mercado cada vez m\u00e1s saturado.<\/p>\n<ul>\n<li>Tema de WooCommerce altamente personalizable para tiendas cosm\u00e9ticas y accesorios de moda<\/li>\n<li>Proporciona un dise\u00f1o f\u00e1cil de usar y una f\u00e1cil navegaci\u00f3n<\/li>\n<li>Ofrece m\u00faltiples dise\u00f1os de p\u00e1gina de inicio y p\u00e1ginas internas predise\u00f1adas<\/li>\n<li>Viene con un poderoso panel de opciones de temas y un constructor de p\u00e1ginas de arrastrar y soltar<\/li>\n<li>Admite m\u00faltiples pasarelas de pago y opciones de env\u00edo<\/li>\n<li>Totalmente receptivo y optimizado para un alto rendimiento<\/li>\n<li>Ofrece impresionantes opciones de vista r\u00e1pida de productos y filtros de productos personalizables<\/li>\n<li>Incluye la opci\u00f3n de agregar fondo de video en la p\u00e1gina de inicio<\/li>\n<li>Viene con una gama de iconos de Google Fonts e Font Awesome<\/li>\n<li>Ofrece una amplia documentaci\u00f3n y atenci\u00f3n al cliente dedicada.<\/li>\n<\/ul>\n","protected":false},"excerpt":{"rendered":"<p>Me complace presentar el tema de WooCommerce de Cosm\u00e9ticos de Moda Voka de Voka, que se adapta espec\u00edficamente a las empresas de moda y belleza que buscan establecer una identidad en l\u00ednea formidable. Este tema cuenta con un dise\u00f1o contempor\u00e1neo y sofisticado, que muestra la provisi\u00f3n de dise\u00f1os personalizables y una interfaz intuitivamente navegable. Adem\u00e1s, su integraci\u00f3n perfecta con WooCommerce le permite establecer sin esfuerzo una plataforma de comercio electr\u00f3nico para comercializar y vender su mercanc\u00eda, lo que es una selecci\u00f3n verdaderamente \u00f3ptima para aquellos que anhelan elevar sus esfuerzos comerciales. Por lo tanto, no dude m\u00e1s y adquiere el tema de WooCommerce de cosm\u00e9ticos de moda Voka de moda en este mismo momento, \u00a1iniciando as\u00ed el proceso de comercializar con \u00e9xito su l\u00ednea de productos en la esfera digital!<\/p>\n","protected":false},"featured_media":167970,"comment_status":"open","ping_status":"open","template":"","meta":[],"product_brand":[2337],"product_cat":[1263,1469,1237],"product_tag":[1391],"class_list":{"0":"post-126449","1":"product","2":"type-product","3":"status-publish","4":"has-post-thumbnail","6":"product_brand-themeforest","7":"product_cat-comercio-electronico-temas","8":"product_cat-creativo-comercio-electronico-temas","9":"product_cat-temas","10":"product_tag-themeforest","11":"member-discount","12":"discount-restricted","14":"first","15":"instock","16":"sale","17":"downloadable","18":"virtual","19":"sold-individually","20":"purchasable","21":"product-type-simple"},"_links":{"self":[{"href":"https:\/\/gpl-love.com\/es\/wp-json\/wp\/v2\/product\/126449","targetHints":{"allow":["GET"]}}],"collection":[{"href":"https:\/\/gpl-love.com\/es\/wp-json\/wp\/v2\/product"}],"about":[{"href":"https:\/\/gpl-love.com\/es\/wp-json\/wp\/v2\/types\/product"}],"replies":[{"embeddable":true,"href":"https:\/\/gpl-love.com\/es\/wp-json\/wp\/v2\/comments?post=126449"}],"wp:featuredmedia":[{"embeddable":true,"href":"https:\/\/gpl-love.com\/es\/wp-json\/wp\/v2\/media\/167970"}],"wp:attachment":[{"href":"https:\/\/gpl-love.com\/es\/wp-json\/wp\/v2\/media?parent=126449"}],"wp:term":[{"taxonomy":"product_brand","embeddable":true,"href":"https:\/\/gpl-love.com\/es\/wp-json\/wp\/v2\/product_brand?post=126449"},{"taxonomy":"product_cat","embeddable":true,"href":"https:\/\/gpl-love.com\/es\/wp-json\/wp\/v2\/product_cat?post=126449"},{"taxonomy":"product_tag","embeddable":true,"href":"https:\/\/gpl-love.com\/es\/wp-json\/wp\/v2\/product_tag?post=126449"}],"curies":[{"name":"wp","href":"https:\/\/api.w.org\/{rel}","templated":true}]}}