{"id":126448,"date":"2021-09-10T00:00:00","date_gmt":"2021-09-10T05:00:00","guid":{"rendered":"https:\/\/gpl-love.com\/es\/producto\/voice-news-magazine-wordpress-theme\/"},"modified":"2026-04-10T11:30:28","modified_gmt":"2026-04-10T16:30:28","slug":"voice-news-magazine-wordpress-theme","status":"publish","type":"product","link":"https:\/\/gpl-love.com\/es\/producto\/voice-news-magazine-wordpress-theme\/","title":{"rendered":"Voice News Magazine WordPress Theme 2.9.9"},"content":{"rendered":"<h3>Voice News Magazine WordPress Theme Caracteristicas<\/h3>\n<p>El tema de WordPress de la revista Voice News surge como una soluci\u00f3n impecable y \u00f3ptima para las personas que buscan establecer un sitio web de noticias cautivador y sofisticado. Con su dise\u00f1o pr\u00edstino y contempor\u00e1neo, este tema presenta un encuentro f\u00e1cil de usar tanto para lectores como para administradores, garantizando as\u00ed la m\u00e1xima satisfacci\u00f3n. Adem\u00e1s, las caracter\u00edsticas excepcionales y dominantes del tema facilitan la personalizaci\u00f3n y la gesti\u00f3n sin esfuerzo de contenido diverso, que abarca archivos de audio y video, lo que lo convierte en una selecci\u00f3n ejemplar para sitios de noticias enriquecidos con componentes multimedia. Adem\u00e1s, el tema de WordPress de la revista Voice News se enorgullece de poseer un dise\u00f1o altamente adaptable y receptivo, asegurando as\u00ed una apariencia impecable en todos los dispositivos. En conclusi\u00f3n, es irrefutable que este tema sea un activo indispensable para cualquiera que se esfuerce por crear un sitio web de noticias triunfal sin esfuerzo.<\/p>\n<ul>\n<li>Dise\u00f1o profesional y moderno adecuado para revistas de noticias en l\u00ednea<\/li>\n<li>P\u00e1gina de inicio personalizable con widgets de arrastrar y soltar<\/li>\n<li>Reproductor de audio integrado para entregar noticias a trav\u00e9s de la voz<\/li>\n<li>Dise\u00f1o f\u00e1cil de usar para una f\u00e1cil navegaci\u00f3n y accesibilidad<\/li>\n<li>SEO optimizado para una mejor clasificaci\u00f3n de motores de b\u00fasqueda<\/li>\n<li>Dise\u00f1o receptivo para una pantalla \u00f3ptima en todos los dispositivos<\/li>\n<li>Traducci\u00f3n lista con soporte para varios idiomas<\/li>\n<li>Sistema de gesti\u00f3n de anuncios incorporado para monetizar su sitio web<\/li>\n<li>Compatible con complementos populares como WooCommerce y Jetpack<\/li>\n<li>Actualizaciones regulares y soporte continuo de los desarrolladores<\/li>\n<\/ul>\n","protected":false},"excerpt":{"rendered":"<p>El tema de WordPress de la revista Voice News demuestra ser una soluci\u00f3n \u00f3ptima para bloggers, periodistas y organizaciones de noticias que aspiran a establecer una presencia en l\u00ednea pulida y cautivadora. Este tema cuenta con un dise\u00f1o elegante y simplista que dirige efectivamente la atenci\u00f3n a su contenido, mientras le otorga la libertad de personalizar y adaptar su sitio web para destacar de la multitud. Incorporado con un soporte de audio y video sin problemas, junto con una gran cantidad de caracter\u00edsticas y funcionalidades robustas, el tema de WordPress de la revista Voice News emerge inequ\u00edvocamente como la selecci\u00f3n por excelencia para las personas que desean diseminar las noticias de primer nivel y el contenido de los medios a su audiencia exigente.<\/p>\n","protected":false},"featured_media":167969,"comment_status":"open","ping_status":"open","template":"","meta":[],"product_brand":[2337],"product_cat":[1245,1237,1238],"product_tag":[1391],"class_list":{"0":"post-126448","1":"product","2":"type-product","3":"status-publish","4":"has-post-thumbnail","6":"product_brand-themeforest","7":"product_cat-blog-revista","8":"product_cat-temas","9":"product_cat-wordpress-temas","10":"product_tag-themeforest","11":"member-discount","12":"discount-restricted","14":"first","15":"instock","16":"sale","17":"downloadable","18":"virtual","19":"sold-individually","20":"purchasable","21":"product-type-simple"},"_links":{"self":[{"href":"https:\/\/gpl-love.com\/es\/wp-json\/wp\/v2\/product\/126448","targetHints":{"allow":["GET"]}}],"collection":[{"href":"https:\/\/gpl-love.com\/es\/wp-json\/wp\/v2\/product"}],"about":[{"href":"https:\/\/gpl-love.com\/es\/wp-json\/wp\/v2\/types\/product"}],"replies":[{"embeddable":true,"href":"https:\/\/gpl-love.com\/es\/wp-json\/wp\/v2\/comments?post=126448"}],"wp:featuredmedia":[{"embeddable":true,"href":"https:\/\/gpl-love.com\/es\/wp-json\/wp\/v2\/media\/167969"}],"wp:attachment":[{"href":"https:\/\/gpl-love.com\/es\/wp-json\/wp\/v2\/media?parent=126448"}],"wp:term":[{"taxonomy":"product_brand","embeddable":true,"href":"https:\/\/gpl-love.com\/es\/wp-json\/wp\/v2\/product_brand?post=126448"},{"taxonomy":"product_cat","embeddable":true,"href":"https:\/\/gpl-love.com\/es\/wp-json\/wp\/v2\/product_cat?post=126448"},{"taxonomy":"product_tag","embeddable":true,"href":"https:\/\/gpl-love.com\/es\/wp-json\/wp\/v2\/product_tag?post=126448"}],"curies":[{"name":"wp","href":"https:\/\/api.w.org\/{rel}","templated":true}]}}