{"id":126447,"date":"2025-01-16T00:00:00","date_gmt":"2025-01-16T05:00:00","guid":{"rendered":"https:\/\/gpl-love.com\/es\/producto\/vodi-video-wordpress-tema-para-movies-y-tv-shows\/"},"modified":"2026-04-10T11:30:27","modified_gmt":"2026-04-10T16:30:27","slug":"vodi-video-wordpress-tema-para-movies-y-tv-shows","status":"publish","type":"product","link":"https:\/\/gpl-love.com\/es\/producto\/vodi-video-wordpress-tema-para-movies-y-tv-shows\/","title":{"rendered":"Vodi Video WordPress Tema para Movies y TV Shows 1.2.13"},"content":{"rendered":"<h3>Vodi Video WordPress Tema para Movies y TV Shows Caracteristicas<\/h3>\n<p>El tema Vodi Video WordPress presenta una soluci\u00f3n ideal y \u00f3ptima para las personas que buscan establecer una plataforma en l\u00ednea profesional y cautivadora que exhiba efectivamente pel\u00edculas y programas de televisi\u00f3n. Este tema excepcional cuenta con un dise\u00f1o elegante y contempor\u00e1neo que no solo es visualmente atractivo sino tambi\u00e9n f\u00e1cil de usar, facilitando as\u00ed la navegaci\u00f3n perfecta en todo el sitio. Independientemente de si usted es un cineasta o un blogger, este tema sirve como una v\u00eda excepcional para mostrar sus esfuerzos art\u00edsticos y atraer la atenci\u00f3n que merece con raz\u00f3n. Adem\u00e1s, con sus s\u00f3lidas funcionalidades de b\u00fasqueda y filtrado, los usuarios pueden descubrir sin esfuerzo el contenido espec\u00edfico que buscan, mientras que el dise\u00f1o receptivo garantiza que su sitio web mantenga su apariencia notable en varios dispositivos. Por lo tanto, si aspira a establecer un sitio web extraordinario que lo distingue efectivamente en medio del reino saturado de los medios en l\u00ednea, el tema Vodi Video WordPress surge como la elecci\u00f3n incomparable.<\/p>\n<ul>\n<li>Un dise\u00f1o elegante y moderno que es perfecto para mostrar pel\u00edculas y programas de televisi\u00f3n.<\/li>\n<li>Un dise\u00f1o receptivo que se ve muy bien en todos los dispositivos, incluidos computadoras de escritorio, tabletas y tel\u00e9fonos inteligentes.<\/li>\n<li>Una variedad de opciones de personalizaci\u00f3n, incluidos m\u00faltiples dise\u00f1os de p\u00e1gina de inicio y esquemas de color.<\/li>\n<li>Soporte incorporado para archivos de video y audio, por lo que puede cargar y mostrar f\u00e1cilmente su contenido multimedia.<\/li>\n<li>Opciones avanzadas de b\u00fasqueda y filtrado, para que los usuarios puedan encontrar f\u00e1cilmente el contenido que est\u00e1n buscando.<\/li>\n<li>M\u00faltiples formas de mostrar su contenido, incluidas listas, cuadr\u00edculas y controles deslizantes de carrusel.<\/li>\n<li>Integraci\u00f3n con complementos populares de WordPress como WooCommerce y Formulario de contacto &#8211;<\/li>\n<li>Documentaci\u00f3n integral y equipo de apoyo \u00fatil para ayudarlo con cualquier pregunta o problema.<\/li>\n<\/ul>\n","protected":false},"excerpt":{"rendered":"<p>Si est\u00e1 buscando un tema de WordPress que est\u00e9 espec\u00edficamente dise\u00f1ado para exhibir pel\u00edculas y programas de televisi\u00f3n en su sitio web, \u00a1su b\u00fasqueda termina con Vodi Video! Con su interfaz f\u00e1cil de usar y un dise\u00f1o elegante y contempor\u00e1neo, Vodi Video simplifica el proceso de crear un sitio web visualmente atractivo que est\u00e1 garantizado para dejar una impresi\u00f3n duradera en sus visitantes. Ya sea que sea un entusiasta de las pel\u00edculas, un fan\u00e1tico de la televisi\u00f3n dedicado o simplemente alguien que desee mostrar sus programas preferidos en su sitio personal, Vodi Video le proporciona un conjunto completo de herramientas que le permitir\u00e1 establecer una presencia en l\u00ednea vibrante y cautivadora. . Entonces, \u00bfpor qu\u00e9 retrasar m\u00e1s? \u00a1Tome el paso y pruebe el video de Vodi hoy, lo que le permite compartir sus queridas pel\u00edculas y programas de televisi\u00f3n con todo el mundo!<\/p>\n","protected":false},"featured_media":167968,"comment_status":"open","ping_status":"open","template":"","meta":[],"product_brand":[2337],"product_cat":[1267,1237,1238],"product_tag":[1391],"class_list":{"0":"post-126447","1":"product","2":"type-product","3":"status-publish","4":"has-post-thumbnail","6":"product_brand-themeforest","7":"product_cat-creativo","8":"product_cat-temas","9":"product_cat-wordpress-temas","10":"product_tag-themeforest","11":"member-discount","12":"discount-restricted","14":"first","15":"instock","16":"sale","17":"downloadable","18":"virtual","19":"sold-individually","20":"purchasable","21":"product-type-simple"},"_links":{"self":[{"href":"https:\/\/gpl-love.com\/es\/wp-json\/wp\/v2\/product\/126447","targetHints":{"allow":["GET"]}}],"collection":[{"href":"https:\/\/gpl-love.com\/es\/wp-json\/wp\/v2\/product"}],"about":[{"href":"https:\/\/gpl-love.com\/es\/wp-json\/wp\/v2\/types\/product"}],"replies":[{"embeddable":true,"href":"https:\/\/gpl-love.com\/es\/wp-json\/wp\/v2\/comments?post=126447"}],"wp:featuredmedia":[{"embeddable":true,"href":"https:\/\/gpl-love.com\/es\/wp-json\/wp\/v2\/media\/167968"}],"wp:attachment":[{"href":"https:\/\/gpl-love.com\/es\/wp-json\/wp\/v2\/media?parent=126447"}],"wp:term":[{"taxonomy":"product_brand","embeddable":true,"href":"https:\/\/gpl-love.com\/es\/wp-json\/wp\/v2\/product_brand?post=126447"},{"taxonomy":"product_cat","embeddable":true,"href":"https:\/\/gpl-love.com\/es\/wp-json\/wp\/v2\/product_cat?post=126447"},{"taxonomy":"product_tag","embeddable":true,"href":"https:\/\/gpl-love.com\/es\/wp-json\/wp\/v2\/product_tag?post=126447"}],"curies":[{"name":"wp","href":"https:\/\/api.w.org\/{rel}","templated":true}]}}