{"id":126446,"date":"2022-01-27T00:00:00","date_gmt":"2022-01-27T05:00:00","guid":{"rendered":"https:\/\/gpl-love.com\/es\/producto\/vlogger-professional-video-y-tutorials-wordpress-theme\/"},"modified":"2026-04-10T11:30:27","modified_gmt":"2026-04-10T16:30:27","slug":"vlogger-professional-video-y-tutorials-wordpress-theme","status":"publish","type":"product","link":"https:\/\/gpl-love.com\/es\/producto\/vlogger-professional-video-y-tutorials-wordpress-theme\/","title":{"rendered":"Vlogger Professional Video y Tutorials WordPress Theme 2.6.8"},"content":{"rendered":"<h3>Vlogger Professional Video y Tutorials WordPress Theme Caracteristicas<\/h3>\n<p>El video y los tutoriales de Vlogger Professional WordPress, una soluci\u00f3n excepcional para las personas que aspiran a elaborar un magn\u00edfico y sofisticado blog o sitio web de tutoriales, surge como el ep\u00edtome de la excelencia. Espec\u00edficamente adaptado para vloggers, video bloggers y creadores de tutoriales, este tema abarca una gama completa de caracter\u00edsticas que sin duda mejorar\u00e1n el atractivo de su contenido. Combinando un dise\u00f1o pr\u00edstino y contempor\u00e1neo con un reproductor de video integrado, una p\u00e1gina de inicio personalizable y un constructor de p\u00e1ginas f\u00e1cil de usar, este tema facilita sin problemas la presentaci\u00f3n de sus videos y tutoriales, cautivando as\u00ed a su p\u00fablico objetivo. Ya sea que sea un aspirante a novato o un veterano experimentado en el campo de Vlogging, el video y los tutoriales de Vlogger Professional WordPress abarca sin lugar a dudas todos los elementos esenciales necesarios para elevar su contenido de video a alturas sin precedentes.<\/p>\n<ul>\n<li>Tema de WordPress personalizable y vers\u00e1til dise\u00f1ado espec\u00edficamente para vloggers y creadores de contenido de video<\/li>\n<li>Dise\u00f1o profesional y elegante para mostrar su contenido de video de una manera atractiva y visualmente atractiva<\/li>\n<li>El dise\u00f1o receptivo y amigable para los dispositivos m\u00f3viles asegura que su sitio web se vea muy bien sin importar qu\u00e9 dispositivo est\u00e9n utilizando sus visitantes.<\/li>\n<li>El constructor de p\u00e1ginas intuitivo con funcionalidad de arrastrar y soltar facilita la creaci\u00f3n de dise\u00f1os y dise\u00f1os personalizados<\/li>\n<li>Viene con una biblioteca de plantillas predise\u00f1adas para impulsar el dise\u00f1o de su sitio web<\/li>\n<li>Integrado con plataformas de alojamiento de video populares como YouTube y Vimeo<\/li>\n<li>Incluye reproductor de video incorporado con opciones para integrar videos directamente en su sitio web.<\/li>\n<li>SEO optimizado para la m\u00e1xima visibilidad y clasificaci\u00f3n de motores de b\u00fasqueda<\/li>\n<li>Viene con una gama de widgets y complementos personalizables para mejorar la funcionalidad de su sitio web<\/li>\n<li>Documentaci\u00f3n integral y atenci\u00f3n al cliente para garantizar una configuraci\u00f3n perfecta y un mantenimiento continuo de su sitio web.<\/li>\n<\/ul>\n","protected":false},"excerpt":{"rendered":"<p>El tema y los tutoriales de Vlogger Professional WordPress presenta una soluci\u00f3n \u00f3ptima para las personas que buscan establecer un blog o sitio web de calidad excepcional que se centre predominantemente en el contenido de video. Este tema altamente adaptable est\u00e1 repleto de una variedad de caracter\u00edsticas que facilitan la exposici\u00f3n perfecta de sus videos, tutoriales y otras formas de contenido para cautivar a su p\u00fablico objetivo. Con un dise\u00f1o sofisticado y elegante, opciones de personalizaci\u00f3n formidable, as\u00ed como una variedad de plantillas y widgets predise\u00f1ados, el tema Vlogger abarca todos los componentes esenciales necesarios para forjar un blog o sitio web basado en videos asombrosos y cautivadores. Independientemente de si cuenta con el estado de un vlogger profesional experimentado o simplemente est\u00e1 tomando sus pasos iniciales en el \u00e1mbito del marketing de video, el tema Vlogger sirve como una herramienta invaluable para construir una floreciente presencia en l\u00ednea. No pierda el tiempo y obtenga su propia copia de este notable tema hoy, \u00a1y comience el proceso de generar el contenido que su audiencia anhela tan ardientemente!<\/p>\n","protected":false},"featured_media":167967,"comment_status":"open","ping_status":"open","template":"","meta":[],"product_brand":[2337],"product_cat":[1267,1237,1238],"product_tag":[1391],"class_list":{"0":"post-126446","1":"product","2":"type-product","3":"status-publish","4":"has-post-thumbnail","6":"product_brand-themeforest","7":"product_cat-creativo","8":"product_cat-temas","9":"product_cat-wordpress-temas","10":"product_tag-themeforest","11":"member-discount","12":"discount-restricted","14":"first","15":"instock","16":"sale","17":"downloadable","18":"virtual","19":"sold-individually","20":"purchasable","21":"product-type-simple"},"_links":{"self":[{"href":"https:\/\/gpl-love.com\/es\/wp-json\/wp\/v2\/product\/126446","targetHints":{"allow":["GET"]}}],"collection":[{"href":"https:\/\/gpl-love.com\/es\/wp-json\/wp\/v2\/product"}],"about":[{"href":"https:\/\/gpl-love.com\/es\/wp-json\/wp\/v2\/types\/product"}],"replies":[{"embeddable":true,"href":"https:\/\/gpl-love.com\/es\/wp-json\/wp\/v2\/comments?post=126446"}],"wp:featuredmedia":[{"embeddable":true,"href":"https:\/\/gpl-love.com\/es\/wp-json\/wp\/v2\/media\/167967"}],"wp:attachment":[{"href":"https:\/\/gpl-love.com\/es\/wp-json\/wp\/v2\/media?parent=126446"}],"wp:term":[{"taxonomy":"product_brand","embeddable":true,"href":"https:\/\/gpl-love.com\/es\/wp-json\/wp\/v2\/product_brand?post=126446"},{"taxonomy":"product_cat","embeddable":true,"href":"https:\/\/gpl-love.com\/es\/wp-json\/wp\/v2\/product_cat?post=126446"},{"taxonomy":"product_tag","embeddable":true,"href":"https:\/\/gpl-love.com\/es\/wp-json\/wp\/v2\/product_tag?post=126446"}],"curies":[{"name":"wp","href":"https:\/\/api.w.org\/{rel}","templated":true}]}}