{"id":126445,"date":"2022-01-18T00:00:00","date_gmt":"2022-01-18T05:00:00","guid":{"rendered":"https:\/\/gpl-love.com\/es\/producto\/vlog-video-blog-y-podcast-wordpress-theme\/"},"modified":"2026-04-10T11:30:26","modified_gmt":"2026-04-10T16:30:26","slug":"vlog-video-blog-y-podcast-wordpress-theme","status":"publish","type":"product","link":"https:\/\/gpl-love.com\/es\/producto\/vlog-video-blog-y-podcast-wordpress-theme\/","title":{"rendered":"Vlog Video Blog y Podcast WordPress Theme 2.5"},"content":{"rendered":"<h3>Vlog Video Blog y Podcast WordPress Theme Caracteristicas<\/h3>\n<p>El blog Vlog Video y el podcast WordPress Temo, una plataforma altamente vers\u00e1til y rica en funciones, ha sido dise\u00f1ada espec\u00edficamente para satisfacer las diversas necesidades de los creadores de contenido. Equipado con una interfaz intuitiva y f\u00e1cil de usar, as\u00ed como una gran cantidad de opciones personalizables, este tema permite a los creadores fabricar blogs de video, podcasts y vlogs que se alinean sin esfuerzo con su marca y estilo distintivos. Ofreciendo una variedad de caracter\u00edsticas avanzadas, que incluye un reproductor de video personalizable, un reproductor de podcast e integraci\u00f3n perfecta con plataformas de redes sociales populares, este tema garantiza un nivel sin precedentes de flexibilidad y control. Ya sea que sea un profesional experimentado con a\u00f1os de experiencia o un novato que se embarca en su viaje de creaci\u00f3n de contenido, el video de Vlog Video y el tema de WordPress de podcast es sin duda una elecci\u00f3n ejemplar que sin duda elevar\u00e1 su destreza de creaci\u00f3n de contenido a nuevas alturas.<\/p>\n<ul>\n<li>Un tema moderno y elegante dise\u00f1ado espec\u00edficamente para vloggers, video bloggers y podcasters<\/li>\n<li>Construido en la plataforma de WordPress, proporcionando una experiencia f\u00e1cil de usar y personalizable<\/li>\n<li>El dise\u00f1o totalmente receptivo garantiza que su contenido se vea genial en todos los dispositivos, desde escritorios hasta tel\u00e9fonos m\u00f3viles<\/li>\n<li>Incluye una variedad de formatos de publicaci\u00f3n como video, audio y texto, lo que permite la versatilidad en la creaci\u00f3n de contenido<\/li>\n<li>Integraci\u00f3n perfecta con complementos de podcasting populares como WP Chimp y PowerPress<\/li>\n<li>Opciones de dise\u00f1o m\u00faltiples para elegir, incluidos dise\u00f1os de ancho completo, en caja y cuadr\u00edcula<\/li>\n<li>Personalizaci\u00f3n f\u00e1cil a trav\u00e9s del personalizador de WordPress, con opciones de colores, fuentes y m\u00e1s<\/li>\n<li>Incluye widgets de publicaci\u00f3n destacados para resaltar su \u00faltimo contenido o episodios destacados<\/li>\n<li>Botones de intercambio y seguimiento de las redes sociales incorporadas, lo que facilita a sus espectadores compartir y conectarse con sus canales<\/li>\n<li>Compatible con complementos populares como JetPack, Contact Form 7 y Yoast SEO.<\/li>\n<\/ul>\n","protected":false},"excerpt":{"rendered":"<p>El tema de entrada de WordPress se presenta como una opci\u00f3n ideal para las personas que buscan establecer un sitio web sofisticado y est\u00e9ticamente agradable adaptado para vlogs, video blogs y podcasts. Su marco dise\u00f1ado y personalizable contempor\u00e1neo no solo lo distingue de la multitud, sino que tambi\u00e9n garantiza que su sitio web permanezca visualmente cautivador. Adem\u00e1s, sus caracter\u00edsticas robustas, como un reproductor de video integrado, garantizan que su contenido sigue siendo f\u00e1cilmente accesible y cautivador para su audiencia. Con su proceso de configuraci\u00f3n e instalaci\u00f3n sin problemas, puede iniciar r\u00e1pidamente su sitio web y tenerlo operativo en un per\u00edodo notablemente corto. No pierda tiempo y comience a compartir su profunda pasi\u00f3n y experiencia con la comunidad global empleando el tema de entrada de WordPress hoy.<\/p>\n","protected":false},"featured_media":167966,"comment_status":"open","ping_status":"open","template":"","meta":[],"product_brand":[2337],"product_cat":[1245,1237,1238],"product_tag":[1391],"class_list":{"0":"post-126445","1":"product","2":"type-product","3":"status-publish","4":"has-post-thumbnail","6":"product_brand-themeforest","7":"product_cat-blog-revista","8":"product_cat-temas","9":"product_cat-wordpress-temas","10":"product_tag-themeforest","11":"member-discount","12":"discount-restricted","14":"first","15":"instock","16":"sale","17":"downloadable","18":"virtual","19":"sold-individually","20":"purchasable","21":"product-type-simple"},"_links":{"self":[{"href":"https:\/\/gpl-love.com\/es\/wp-json\/wp\/v2\/product\/126445","targetHints":{"allow":["GET"]}}],"collection":[{"href":"https:\/\/gpl-love.com\/es\/wp-json\/wp\/v2\/product"}],"about":[{"href":"https:\/\/gpl-love.com\/es\/wp-json\/wp\/v2\/types\/product"}],"replies":[{"embeddable":true,"href":"https:\/\/gpl-love.com\/es\/wp-json\/wp\/v2\/comments?post=126445"}],"wp:featuredmedia":[{"embeddable":true,"href":"https:\/\/gpl-love.com\/es\/wp-json\/wp\/v2\/media\/167966"}],"wp:attachment":[{"href":"https:\/\/gpl-love.com\/es\/wp-json\/wp\/v2\/media?parent=126445"}],"wp:term":[{"taxonomy":"product_brand","embeddable":true,"href":"https:\/\/gpl-love.com\/es\/wp-json\/wp\/v2\/product_brand?post=126445"},{"taxonomy":"product_cat","embeddable":true,"href":"https:\/\/gpl-love.com\/es\/wp-json\/wp\/v2\/product_cat?post=126445"},{"taxonomy":"product_tag","embeddable":true,"href":"https:\/\/gpl-love.com\/es\/wp-json\/wp\/v2\/product_tag?post=126445"}],"curies":[{"name":"wp","href":"https:\/\/api.w.org\/{rel}","templated":true}]}}