{"id":126444,"date":"2021-05-27T00:00:00","date_gmt":"2021-05-27T05:00:00","guid":{"rendered":"https:\/\/gpl-love.com\/es\/producto\/vizeon-business-consulting-wordpress-themes\/"},"modified":"2026-04-10T11:30:25","modified_gmt":"2026-04-10T16:30:25","slug":"vizeon-business-consulting-wordpress-themes","status":"publish","type":"product","link":"https:\/\/gpl-love.com\/es\/producto\/vizeon-business-consulting-wordpress-themes\/","title":{"rendered":"Vizeon Business Consulting WordPress Themes 1.0.2"},"content":{"rendered":"<h3>Vizeon Business Consulting WordPress Themes Caracteristicas<\/h3>\n<p>Los temas de Vizeon Business Consulting WordPress proporcionan una soluci\u00f3n s\u00f3lida para las empresas que necesitan un sitio web de consultor\u00eda. Estos temas cuentan con una apariencia pulida y profesional, inmediatamente cautivando la atenci\u00f3n de la clientela potencial. Ofreciendo una gran cantidad de opciones personalizables, los usuarios pueden dise\u00f1ar sin esfuerzo un sitio web que sea \u00fanico y adaptado a sus necesidades espec\u00edficas. Ya sea que la intenci\u00f3n sea mostrar servicios, enfatizar a los miembros del equipo o compartir triunfos, los temas de WordPress de Vizeon Business Consulting tienen todas las bases cubiertas. Adem\u00e1s, estos temas se han optimizado meticulosamente para dispositivos m\u00f3viles, asegurando una experiencia visualmente atractiva y perfecta en pantallas de diferentes dimensiones. Al aprovechar el poder de los temas de WordPress de consultor\u00eda de negocios de Vizeon, las empresas pueden establecer una presencia en l\u00ednea dominante, atrayendo y atrayendo efectivamente a nuevos clientes.<\/p>\n<ul>\n<li>Dise\u00f1o profesional y moderno para empresas de consultor\u00eda<\/li>\n<li>Dise\u00f1o receptivo para una visualizaci\u00f3n \u00f3ptima en todos los dispositivos<\/li>\n<li>Formularios de contacto incorporados y secciones de citas para una f\u00e1cil comunicaci\u00f3n del cliente<\/li>\n<li>P\u00e1ginas prefabricadas para servicios, miembros del equipo, estudios de casos y m\u00e1s<\/li>\n<li>Esquemas de color personalizables y opciones de tipograf\u00eda para que coincidan con la identidad de la marca<\/li>\n<li>Compatible con una variedad de complementos \u00fatiles de WordPress, como WooCommerce y Yoast SEO<\/li>\n<li>Panel de opciones de temas f\u00e1ciles de usar para personalizaci\u00f3n y mantenimiento sin esfuerzo<\/li>\n<li>Actualizaciones regulares y soporte dedicado del equipo de Vizeon<\/li>\n<li>Precios competitivos con m\u00faltiples opciones de paquete disponibles<\/li>\n<li>Excelentes calificaciones de usuarios y comentarios de los clientes de clientes satisfechos.<\/li>\n<\/ul>\n","protected":false},"excerpt":{"rendered":"<p>Los temas de WordPress de Vizeon Business Consulting presentan una soluci\u00f3n impecable para las empresas que aspiran a establecer una presencia en l\u00ednea sofisticada y cre\u00edble, atendiendo las necesidades exigentes de diversas empresas de consultor\u00eda con su elegante dise\u00f1o y su funcionalidad multifac\u00e9tica. Estos temas adoptan la personalizaci\u00f3n completa para garantizar un ajuste personalizado, permitiendo a las empresas de planificaci\u00f3n financiera, asesores de marketing y agencias de consultor\u00eda de gesti\u00f3n por igual para descubrir un tema que se alinea sin problemas con su identidad de marca y preferencias estil\u00edsticas distintas. Emb\u00e1rcate en un viaje de potencial inigualable y adaptabilidad adoptando las capacidades dominantes de WordPress, armoniosamente integradas dentro de los temas de consultor\u00eda de negocios de Vizeon.<\/p>\n","protected":false},"featured_media":167965,"comment_status":"open","ping_status":"open","template":"","meta":[],"product_brand":[2337],"product_cat":[1307,1237,1238],"product_tag":[1391],"class_list":{"0":"post-126444","1":"product","2":"type-product","3":"status-publish","4":"has-post-thumbnail","6":"product_brand-themeforest","7":"product_cat-negocio-wordpress-temas","8":"product_cat-temas","9":"product_cat-wordpress-temas","10":"product_tag-themeforest","11":"member-discount","12":"discount-restricted","14":"first","15":"instock","16":"sale","17":"downloadable","18":"virtual","19":"sold-individually","20":"purchasable","21":"product-type-simple"},"_links":{"self":[{"href":"https:\/\/gpl-love.com\/es\/wp-json\/wp\/v2\/product\/126444","targetHints":{"allow":["GET"]}}],"collection":[{"href":"https:\/\/gpl-love.com\/es\/wp-json\/wp\/v2\/product"}],"about":[{"href":"https:\/\/gpl-love.com\/es\/wp-json\/wp\/v2\/types\/product"}],"replies":[{"embeddable":true,"href":"https:\/\/gpl-love.com\/es\/wp-json\/wp\/v2\/comments?post=126444"}],"wp:featuredmedia":[{"embeddable":true,"href":"https:\/\/gpl-love.com\/es\/wp-json\/wp\/v2\/media\/167965"}],"wp:attachment":[{"href":"https:\/\/gpl-love.com\/es\/wp-json\/wp\/v2\/media?parent=126444"}],"wp:term":[{"taxonomy":"product_brand","embeddable":true,"href":"https:\/\/gpl-love.com\/es\/wp-json\/wp\/v2\/product_brand?post=126444"},{"taxonomy":"product_cat","embeddable":true,"href":"https:\/\/gpl-love.com\/es\/wp-json\/wp\/v2\/product_cat?post=126444"},{"taxonomy":"product_tag","embeddable":true,"href":"https:\/\/gpl-love.com\/es\/wp-json\/wp\/v2\/product_tag?post=126444"}],"curies":[{"name":"wp","href":"https:\/\/api.w.org\/{rel}","templated":true}]}}