{"id":126443,"date":"2024-02-10T00:00:00","date_gmt":"2024-02-10T05:00:00","guid":{"rendered":"https:\/\/gpl-love.com\/es\/producto\/vixus-startup-y-mobile-app-wordpress-landing-page-theme\/"},"modified":"2026-04-10T11:30:24","modified_gmt":"2026-04-10T16:30:24","slug":"vixus-startup-y-mobile-app-wordpress-landing-page-theme","status":"publish","type":"product","link":"https:\/\/gpl-love.com\/es\/producto\/vixus-startup-y-mobile-app-wordpress-landing-page-theme\/","title":{"rendered":"Vixus Startup y Mobile App WordPress Landing Page Theme 1.0.13"},"content":{"rendered":"<h3>Vixus Startup y Mobile App WordPress Landing Page Theme Caracteristicas<\/h3>\n<p>El tema de la p\u00e1gina de destino de Vixus Startup y Mobile WordPress es un tema excepcionalmente robusto y sofisticado meticulosamente elaborado espec\u00edficamente para satisfacer las necesidades de las nuevas empresas florecientes y los desarrolladores de aplicaciones m\u00f3viles. Con un dise\u00f1o elegante y contempor\u00e1neo sin esfuerzo, este tema est\u00e1 hecho a medida para fabricar p\u00e1ginas de destino cautivadoras que indudablemente cautivan la atenci\u00f3n indivisa de su audiencia prevista, lo que finalmente los llevar\u00e1 a metamorfosear en clientes leyales. En particular, este tema extraordinario ofrece una mir\u00edada de opciones personalizables, incluida una variedad de diversas opciones de dise\u00f1o, un espectro infinito de esquemas de color atractivos y un constructor de p\u00e1ginas de arrastre y suelto notablemente f\u00e1cil de usar, lo que lo capacita para forjar sin esfuerzo su p\u00e1gina de aterrizaje ideal . Adem\u00e1s, es imperativo mencionar que Vixus es totalmente receptivo, asegurando que sus p\u00e1ginas de aterrizaje meticulosamente elaboradas se presenten de manera est\u00e9ticamente agradable y visualmente llamativa en todos los dispositivos concebibles. Al aprovechar el inmenso poder de Vixus, construir\u00e1 h\u00e1bilmente las asombrosas p\u00e1ginas de aterrizaje que catalizar\u00e1n indudablemente el crecimiento exponencial de su negocio, lo que le permitir\u00e1 superar sin esfuerzo sus objetivos y objetivos predeterminados.<\/p>\n<ul>\n<li>Dise\u00f1o receptivo y optimizado m\u00f3vil para un rendimiento sin problemas en todos los dispositivos<\/li>\n<li>Dise\u00f1os y secciones de p\u00e1gina predise\u00f1adas para exhibir su inicio o aplicaci\u00f3n m\u00f3vil<\/li>\n<li>Dise\u00f1o personalizable con elementos f\u00e1ciles de arrastrar y soltar para que sea suyo<\/li>\n<li>Integraci\u00f3n con herramientas populares de marketing por correo electr\u00f3nico y generaci\u00f3n de leads<\/li>\n<li>SEO optimizado para una mayor visibilidad y tr\u00e1fico del sitio web<\/li>\n<li>Instalaci\u00f3n de demostraci\u00f3n de un solo clic para una configuraci\u00f3n r\u00e1pida y f\u00e1cil<\/li>\n<li>Compatibilidad de navegador cruzado para un rendimiento constante en todos los navegadores<\/li>\n<li>Dise\u00f1o limpio y moderno con botones de llamadas a la acci\u00f3n que llaman la atenci\u00f3n<\/li>\n<li>Antecedentes de video y opciones de desplazamiento de paralaje para mayor inter\u00e9s visual<\/li>\n<li>Soporte premium y actualizaciones regulares para garantizar el rendimiento y la compatibilidad a largo plazo.<\/li>\n<\/ul>\n","protected":false},"excerpt":{"rendered":"<p>El tema de la p\u00e1gina de destino de Vixus Startup y Mobile App WordPress es un tema excepcionalmente receptivo y totalmente personalizable espec\u00edficamente dise\u00f1ado para satisfacer las necesidades de las aplicaciones m\u00f3viles y las empresas de inicio. Su dise\u00f1o elegante y contempor\u00e1neo exuda una sensaci\u00f3n de sofisticaci\u00f3n y es altamente efectivo para cautivar a los clientes potenciales y elevar la visibilidad de su marca. Este tema cuenta con una amplia gama de plantillas, esquemas de color y secciones predise\u00f1adas, todas las cuales pueden personalizarse sin esfuerzo para alinearse con sus requisitos \u00fanicos. Lo que distingue a Vixus es su inclusi\u00f3n de poderosas funcionalidades, que incluyen un constructor de p\u00e1ginas de arrastrar y soltar f\u00e1cilmente de usar, capacidades integrales de optimizaci\u00f3n de SEO y un encabezado y pie de p\u00e1gina totalmente personalizable. Al utilizar Vixus, tiene la capacidad incomparable de construir sin esfuerzo un sitio web visualmente llamativo que sin duda dejar\u00e1 una marca indeleble en su p\u00fablico objetivo.<\/p>\n","protected":false},"featured_media":167964,"comment_status":"open","ping_status":"open","template":"","meta":[],"product_brand":[2337],"product_cat":[1267,1237,1238],"product_tag":[1391],"class_list":{"0":"post-126443","1":"product","2":"type-product","3":"status-publish","4":"has-post-thumbnail","6":"product_brand-themeforest","7":"product_cat-creativo","8":"product_cat-temas","9":"product_cat-wordpress-temas","10":"product_tag-themeforest","11":"member-discount","12":"discount-restricted","14":"first","15":"instock","16":"sale","17":"downloadable","18":"virtual","19":"sold-individually","20":"purchasable","21":"product-type-simple"},"_links":{"self":[{"href":"https:\/\/gpl-love.com\/es\/wp-json\/wp\/v2\/product\/126443","targetHints":{"allow":["GET"]}}],"collection":[{"href":"https:\/\/gpl-love.com\/es\/wp-json\/wp\/v2\/product"}],"about":[{"href":"https:\/\/gpl-love.com\/es\/wp-json\/wp\/v2\/types\/product"}],"replies":[{"embeddable":true,"href":"https:\/\/gpl-love.com\/es\/wp-json\/wp\/v2\/comments?post=126443"}],"wp:featuredmedia":[{"embeddable":true,"href":"https:\/\/gpl-love.com\/es\/wp-json\/wp\/v2\/media\/167964"}],"wp:attachment":[{"href":"https:\/\/gpl-love.com\/es\/wp-json\/wp\/v2\/media?parent=126443"}],"wp:term":[{"taxonomy":"product_brand","embeddable":true,"href":"https:\/\/gpl-love.com\/es\/wp-json\/wp\/v2\/product_brand?post=126443"},{"taxonomy":"product_cat","embeddable":true,"href":"https:\/\/gpl-love.com\/es\/wp-json\/wp\/v2\/product_cat?post=126443"},{"taxonomy":"product_tag","embeddable":true,"href":"https:\/\/gpl-love.com\/es\/wp-json\/wp\/v2\/product_tag?post=126443"}],"curies":[{"name":"wp","href":"https:\/\/api.w.org\/{rel}","templated":true}]}}