{"id":126442,"date":"2021-12-13T00:00:00","date_gmt":"2021-12-13T05:00:00","guid":{"rendered":"https:\/\/gpl-love.com\/es\/producto\/visual-elements-for-beaver-builder\/"},"modified":"2026-03-09T08:18:16","modified_gmt":"2026-03-09T13:18:16","slug":"visual-elements-for-beaver-builder","status":"publish","type":"product","link":"https:\/\/gpl-love.com\/es\/producto\/visual-elements-for-beaver-builder\/","title":{"rendered":"Visual Elements For Beaver Builder 1.0.0"},"content":{"rendered":"<h3>Visual Elements For Beaver Builder Caracteristicas<\/h3>\n<p>Visual Elements for Beaver Builder es una herramienta incre\u00edblemente robusta y potente que ayuda a la creaci\u00f3n de sitios web visualmente impresionantes. Empodera a las personas al ofrecer una amplia gama de plantillas predise\u00f1adas y elementos visuales que se prestan sin esfuerzo a la construcci\u00f3n de su sitio web. Esta ingeniosa herramienta simplifica el proceso de incorporar botones, formularios, controles deslizantes y varios otros componentes de dise\u00f1o en su sitio, a trav\u00e9s del mecanismo f\u00e1cil de usar de la funcionalidad de arrastre y ca\u00edda. Las plantillas predise\u00f1adas en s\u00ed mismas ofrecen un sorprendente grado de personalizaci\u00f3n, lo que le permite adaptarlas finamente para alinearse con su identidad de marca distintiva. Notablemente f\u00e1cilmente f\u00e1cil de usar y accesible para las personas de todos los niveles de habilidad, esta herramienta es un recurso invaluable que le ahorra tiempo y dinero, negando efectivamente la necesidad de alistar los servicios de un dise\u00f1ador web profesional. De manera bastante admirable, los elementos visuales para Beaver Builder le capacitan crear sin esfuerzo un sitio web visualmente llamativo que se distingue por expertos de la competencia.<\/p>\n<ul>\n<li>Elementos visuales llamativos para usar con el popular complemento Beaver Builder<\/li>\n<li>M\u00e1s de 100 plantillas y m\u00f3dulos predise\u00f1ados para elegir, ahorrando horas de tiempo de dise\u00f1o<\/li>\n<li>F\u00e1cil integraci\u00f3n con Beaver Builder, permitiendo una personalizaci\u00f3n y ajuste sin problemas<\/li>\n<li>Hermosos gr\u00e1ficos y animaciones que est\u00e1n optimizadas para uso web<\/li>\n<li>Soporte completo para el dise\u00f1o receptivo, asegurando que sus p\u00e1ginas se vean muy bien en cualquier dispositivo<\/li>\n<li>Actualizaciones regulares y nuevos dise\u00f1os agregados para mantener su sitio fresco y atractivo<\/li>\n<li>Accesible para dise\u00f1adores de todos los niveles de habilidad, desde principiantes hasta expertos<\/li>\n<\/ul>\n","protected":false},"excerpt":{"rendered":"<p>Visual Elements for Beaver Builder es una extensa compilaci\u00f3n de elementos de dise\u00f1o din\u00e1micos y personalizables que proporcionan a los usuarios de Beaver Builder la capacidad de crear sitios web visualmente cautivadores sin esfuerzo. Al ofrecer una amplia variedad de m\u00f3dulos, filas, columnas y plantillas, dise\u00f1adores y desarrolladores tienen la flexibilidad de incluir componentes visualmente atractivos, como tablas de precios, testimonios, acordeones y temporizadores de cuenta regresiva, entre otros. El prop\u00f3sito de los elementos visuales para el complemento Beaver Builder es elevar el ingenio y la productividad del dise\u00f1o web, estableci\u00e9ndolo como un recurso indispensable para los dise\u00f1adores que buscan mejorar sus esfuerzos de dise\u00f1o web.<\/p>\n","protected":false},"featured_media":167963,"comment_status":"open","ping_status":"open","template":"","meta":[],"product_brand":[2339],"product_cat":[1214,1206,1211],"product_tag":[1256],"class_list":{"0":"post-126442","1":"product","2":"type-product","3":"status-publish","4":"has-post-thumbnail","6":"product_brand-codecanyon","7":"product_cat-personalizacion","8":"product_cat-plugins","9":"product_cat-wordpress-plugins","10":"product_tag-codecanyon","11":"member-discount","12":"discount-restricted","14":"first","15":"instock","16":"sale","17":"downloadable","18":"virtual","19":"sold-individually","20":"purchasable","21":"product-type-simple"},"_links":{"self":[{"href":"https:\/\/gpl-love.com\/es\/wp-json\/wp\/v2\/product\/126442","targetHints":{"allow":["GET"]}}],"collection":[{"href":"https:\/\/gpl-love.com\/es\/wp-json\/wp\/v2\/product"}],"about":[{"href":"https:\/\/gpl-love.com\/es\/wp-json\/wp\/v2\/types\/product"}],"replies":[{"embeddable":true,"href":"https:\/\/gpl-love.com\/es\/wp-json\/wp\/v2\/comments?post=126442"}],"wp:featuredmedia":[{"embeddable":true,"href":"https:\/\/gpl-love.com\/es\/wp-json\/wp\/v2\/media\/167963"}],"wp:attachment":[{"href":"https:\/\/gpl-love.com\/es\/wp-json\/wp\/v2\/media?parent=126442"}],"wp:term":[{"taxonomy":"product_brand","embeddable":true,"href":"https:\/\/gpl-love.com\/es\/wp-json\/wp\/v2\/product_brand?post=126442"},{"taxonomy":"product_cat","embeddable":true,"href":"https:\/\/gpl-love.com\/es\/wp-json\/wp\/v2\/product_cat?post=126442"},{"taxonomy":"product_tag","embeddable":true,"href":"https:\/\/gpl-love.com\/es\/wp-json\/wp\/v2\/product_tag?post=126442"}],"curies":[{"name":"wp","href":"https:\/\/api.w.org\/{rel}","templated":true}]}}