{"id":126441,"date":"2022-02-26T00:00:00","date_gmt":"2022-02-26T05:00:00","guid":{"rendered":"https:\/\/gpl-love.com\/es\/producto\/visitor-traffic-real-time-statistics-pro\/"},"modified":"2026-04-10T11:30:23","modified_gmt":"2026-04-10T16:30:23","slug":"visitor-traffic-real-time-statistics-pro","status":"publish","type":"product","link":"https:\/\/gpl-love.com\/es\/producto\/visitor-traffic-real-time-statistics-pro\/","title":{"rendered":"Visitor Traffic Real Time Statistics Pro 8.6"},"content":{"rendered":"<h3>Visitor Traffic Real Time Statistics Pro Caracteristicas<\/h3>\n<p>El tr\u00e1fico de visitantes REAL ESTATISTICS PRO es una herramienta de software excepcionalmente sofisticada que sirve como un recurso invaluable para los propietarios y gerentes de sitios web que buscan monitorear de cerca y analizar completamente el tr\u00e1fico de su sitio web en tiempo real. Al utilizar esta herramienta notablemente potente, uno puede realizar un seguimiento sin esfuerzo de la cantidad de visitantes que acuden a su sitio web, determinar su ubicaci\u00f3n geogr\u00e1fica, identificar las fuentes de las que fueron referidos y obtener varios otros detalles pertinentes. Adem\u00e1s, este software no solo le proporciona an\u00e1lisis e informes altamente completos, sino que tambi\u00e9n le permite optimizar su sitio web con el fin de maximizar el compromiso y las conversiones. Adem\u00e1s, le brinda la oportunidad de establecer alertas y notificaciones personalizadas, asegurando as\u00ed que permanezca informado de cualquier alteraci\u00f3n notable a los patrones de tr\u00e1fico de su sitio web. En esencia, el tr\u00e1fico de visitantes en tiempo real de estad\u00edstica Pro es una herramienta absolutamente indispensable para cualquier intenci\u00f3n individual de reforzar el rendimiento de su sitio web y aumentar su prominencia en l\u00ednea.<\/p>\n<ul>\n<li>Obtenga actualizaciones en tiempo real sobre la cantidad de visitantes en su sitio web<\/li>\n<li>Rastrear qu\u00e9 p\u00e1ginas est\u00e1 viendo cada visitante en tiempo real<\/li>\n<li>Vea de qu\u00e9 pa\u00edses y ciudades sus visitantes provienen<\/li>\n<li>Monitorear qu\u00e9 dispositivos (escritorio, m\u00f3vil, tableta) sus visitantes est\u00e1n utilizando<\/li>\n<li>Analice la tasa de rebote de cada p\u00e1gina para comprender qu\u00e9 p\u00e1ginas tienen un rendimiento inferior<\/li>\n<li>Ver el tiempo promedio dedicado a cada p\u00e1gina a medir los niveles de compromiso<\/li>\n<li>Obtenga informaci\u00f3n sobre qu\u00e9 fuentes de referencia est\u00e1n impulsando la mayor cantidad de tr\u00e1fico a su sitio<\/li>\n<li>Configurar alertas personalizadas para notificarle sobre cambios significativos en los patrones de tr\u00e1fico de su sitio<\/li>\n<li>Exportar datos para obtener f\u00e1cil informes y compartir con miembros del equipo o clientes<\/li>\n<li>Integre con otras herramientas de an\u00e1lisis para obtener informaci\u00f3n m\u00e1s profunda sobre el rendimiento de su sitio web.<\/li>\n<\/ul>\n","protected":false},"excerpt":{"rendered":"<p>El tr\u00e1fico de visitantes en tiempo real Statistics Pro es una herramienta incre\u00edblemente robusta e innovadora que est\u00e1 dise\u00f1ada para satisfacer las necesidades de los propietarios de sitios web y vendedores que tienen un inter\u00e9s personal en monitorear de cerca el tr\u00e1fico de su sitio web. En virtud de su naturaleza de vanguardia, este software es capaz de analizar el tr\u00e1fico de su sitio web en tiempo real, lo que le brinda un acceso sin precedentes a ideas invaluables con respecto a los patrones de comportamiento, preferencias y h\u00e1bitos de comportamiento de sus visitantes. Equipada con un tablero de usuarios f\u00e1cilmente dise\u00f1ado, esta herramienta le permite supervisar sin esfuerzo su tr\u00e1fico, rastrear meticulosamente su participaci\u00f3n de usuario y optimizar sistem\u00e1ticamente su sitio web con el objetivo expreso de mejorar la experiencia del usuario. Es importante tener en cuenta que las ideas obtenidas de esta herramienta tienen un valor inmenso, ya que lo capacitan para orquestar de manera efectiva estrategias espec\u00edficas que no solo impulsan el tr\u00e1fico a su sitio web, sino que tambi\u00e9n refuerzan sus tasas de conversi\u00f3n, catapultando el crecimiento de su negocio. Independientemente de si usted es un vendedor experimentado o un novato que solo se embarca en su viaje empresarial, el tr\u00e1fico de visitantes estad\u00edsticas en tiempo real pro es indudablemente como un activo indispensable para cualquier persona comprometida firmemente a aumentar su presencia en l\u00ednea.<\/p>\n","protected":false},"featured_media":167962,"comment_status":"open","ping_status":"open","template":"","meta":[],"product_brand":[2587],"product_cat":[1212,1206,1211],"product_tag":[2130],"class_list":{"0":"post-126441","1":"product","2":"type-product","3":"status-publish","4":"has-post-thumbnail","6":"product_brand-wp-buy","7":"product_cat-administracion-wordpress-plugins","8":"product_cat-plugins","9":"product_cat-wordpress-plugins","10":"product_tag-wp-buy","11":"member-discount","12":"discount-restricted","14":"first","15":"instock","16":"sale","17":"downloadable","18":"virtual","19":"sold-individually","20":"purchasable","21":"product-type-simple"},"_links":{"self":[{"href":"https:\/\/gpl-love.com\/es\/wp-json\/wp\/v2\/product\/126441","targetHints":{"allow":["GET"]}}],"collection":[{"href":"https:\/\/gpl-love.com\/es\/wp-json\/wp\/v2\/product"}],"about":[{"href":"https:\/\/gpl-love.com\/es\/wp-json\/wp\/v2\/types\/product"}],"replies":[{"embeddable":true,"href":"https:\/\/gpl-love.com\/es\/wp-json\/wp\/v2\/comments?post=126441"}],"wp:featuredmedia":[{"embeddable":true,"href":"https:\/\/gpl-love.com\/es\/wp-json\/wp\/v2\/media\/167962"}],"wp:attachment":[{"href":"https:\/\/gpl-love.com\/es\/wp-json\/wp\/v2\/media?parent=126441"}],"wp:term":[{"taxonomy":"product_brand","embeddable":true,"href":"https:\/\/gpl-love.com\/es\/wp-json\/wp\/v2\/product_brand?post=126441"},{"taxonomy":"product_cat","embeddable":true,"href":"https:\/\/gpl-love.com\/es\/wp-json\/wp\/v2\/product_cat?post=126441"},{"taxonomy":"product_tag","embeddable":true,"href":"https:\/\/gpl-love.com\/es\/wp-json\/wp\/v2\/product_tag?post=126441"}],"curies":[{"name":"wp","href":"https:\/\/api.w.org\/{rel}","templated":true}]}}