{"id":126440,"date":"2021-04-15T00:00:00","date_gmt":"2021-04-15T05:00:00","guid":{"rendered":"https:\/\/gpl-love.com\/es\/producto\/vision-interactive-image-map-builder-para-wordpress\/"},"modified":"2026-03-09T08:18:12","modified_gmt":"2026-03-09T13:18:12","slug":"vision-interactive-image-map-builder-para-wordpress","status":"publish","type":"product","link":"https:\/\/gpl-love.com\/es\/producto\/vision-interactive-image-map-builder-para-wordpress\/","title":{"rendered":"Vision Interactive Image Map Builder para WordPress 1.4.4"},"content":{"rendered":"<h3>Vision Interactive Image Map Builder para WordPress Caracteristicas<\/h3>\n<p>Vision Interactive Image Map Builder para WordPress es una herramienta incre\u00edblemente robusta y poderosa que otorga a los usuarios la capacidad de generar sin esfuerzo mapas de im\u00e1genes interactivas para su sitio web de WordPress. Al incorporar puntos de acceso, informaci\u00f3n sobre herramientas y ventanas emergentes en im\u00e1genes, los usuarios pueden elevar el encanto visual y la participaci\u00f3n de su sitio web. El software cuenta con una naturaleza f\u00e1cil e intuitiva e intuitiva, cortes\u00eda de su conveniente interfaz de arrastrar y soltar que agiliza la creaci\u00f3n de mapas personalizados. Adem\u00e1s, este software excepcional tambi\u00e9n ofrece una amplia variedad de opciones de personalizaci\u00f3n, lo que brinda a los usuarios la oportunidad de modificar la apariencia y el ambiente del mapa para alinearse sin problemas con la marca \u00fanica de su sitio web. En resumen, para las empresas e individuos que buscan aumentar su sitio web de WordPress con mapas de im\u00e1genes cautivadores e interactivos, la elecci\u00f3n incomparable radica en el constructor de mapas de im\u00e1genes interactivas de la visi\u00f3n para WordPress.<\/p>\n<ul>\n<li>F\u00e1cil creaci\u00f3n de mapas de im\u00e1genes interactivos personalizados en sitios web de WordPress<\/li>\n<li>No se necesita experiencia de codificaci\u00f3n, con una simple interfaz de arrastrar y soltar<\/li>\n<li>Totalmente receptivo y compatible con todos los dispositivos<\/li>\n<li>Una variedad de opciones de personalizaci\u00f3n para puntos de acceso, informaci\u00f3n sobre herramientas y etiquetas<\/li>\n<li>Muestras din\u00e1micas de informaci\u00f3n con transiciones animadas<\/li>\n<li>Integraci\u00f3n con Google Analytics para el seguimiento y el an\u00e1lisis<\/li>\n<li>Interfaz f\u00e1cil de usar para administrar y editar mapas<\/li>\n<li>Acceso a una biblioteca de \u00edconos e im\u00e1genes de alta calidad<\/li>\n<li>Actualizaciones y soporte regulares para la funcionalidad y compatibilidad continuas<\/li>\n<li>Precios asequibles, con opciones para uso individual o comercial.<\/li>\n<\/ul>\n","protected":false},"excerpt":{"rendered":"<p>Crear mapas de imagen atractivos e interactivos nunca ha sido m\u00e1s f\u00e1cil que con el constructor de mapas de im\u00e1genes interactivas de la visi\u00f3n para WordPress. Simplemente cargar su imagen e incorporar iconos previamente construidos, cuadros de informaci\u00f3n y enlaces, puede construir sin esfuerzo una experiencia \u00fanica y cautivadora para los visitantes de su sitio web. La interfaz de arrastrar y soltar f\u00e1cilmente de usuario niega la necesidad de cualquier experiencia en codificaci\u00f3n, mientras que el dise\u00f1o receptivo garantiza una interacci\u00f3n impecable en varios dispositivos. Eleve el atractivo de su sitio web y cautive efectivamente a su audiencia utilizando el constructor de mapas de im\u00e1genes de visi\u00f3n interactiva para WordPress.<\/p>\n","protected":false},"featured_media":167961,"comment_status":"open","ping_status":"open","template":"","meta":[],"product_brand":[2339],"product_cat":[1214,1206,1211],"product_tag":[1256],"class_list":{"0":"post-126440","1":"product","2":"type-product","3":"status-publish","4":"has-post-thumbnail","6":"product_brand-codecanyon","7":"product_cat-personalizacion","8":"product_cat-plugins","9":"product_cat-wordpress-plugins","10":"product_tag-codecanyon","11":"member-discount","12":"discount-restricted","14":"first","15":"instock","16":"sale","17":"downloadable","18":"virtual","19":"sold-individually","20":"purchasable","21":"product-type-simple"},"_links":{"self":[{"href":"https:\/\/gpl-love.com\/es\/wp-json\/wp\/v2\/product\/126440","targetHints":{"allow":["GET"]}}],"collection":[{"href":"https:\/\/gpl-love.com\/es\/wp-json\/wp\/v2\/product"}],"about":[{"href":"https:\/\/gpl-love.com\/es\/wp-json\/wp\/v2\/types\/product"}],"replies":[{"embeddable":true,"href":"https:\/\/gpl-love.com\/es\/wp-json\/wp\/v2\/comments?post=126440"}],"wp:featuredmedia":[{"embeddable":true,"href":"https:\/\/gpl-love.com\/es\/wp-json\/wp\/v2\/media\/167961"}],"wp:attachment":[{"href":"https:\/\/gpl-love.com\/es\/wp-json\/wp\/v2\/media?parent=126440"}],"wp:term":[{"taxonomy":"product_brand","embeddable":true,"href":"https:\/\/gpl-love.com\/es\/wp-json\/wp\/v2\/product_brand?post=126440"},{"taxonomy":"product_cat","embeddable":true,"href":"https:\/\/gpl-love.com\/es\/wp-json\/wp\/v2\/product_cat?post=126440"},{"taxonomy":"product_tag","embeddable":true,"href":"https:\/\/gpl-love.com\/es\/wp-json\/wp\/v2\/product_tag?post=126440"}],"curies":[{"name":"wp","href":"https:\/\/api.w.org\/{rel}","templated":true}]}}