{"id":126438,"date":"2025-11-30T00:00:00","date_gmt":"2025-11-30T05:00:00","guid":{"rendered":"https:\/\/gpl-love.com\/es\/producto\/virtue-premium-wordpress-theme\/"},"modified":"2026-03-13T17:32:37","modified_gmt":"2026-03-13T22:32:37","slug":"virtue-premium-wordpress-theme","status":"publish","type":"product","link":"https:\/\/gpl-love.com\/es\/producto\/virtue-premium-wordpress-theme\/","title":{"rendered":"Virtue Premium WordPress Theme 4.10.20"},"content":{"rendered":"<h3>Virtue Premium WordPress Theme Caracteristicas<\/h3>\n<p>El tema de Virtue Premium WordPress, reconocido por su versatilidad y amplia gama de caracter\u00edsticas, brinda a los usuarios la capacidad sin precedentes de sitios web cautivadores y profesionales sin esfuerzo. Con una variedad de opciones de personalizaci\u00f3n, incluida una multitud de dise\u00f1os de la p\u00e1gina de inicio, una variedad de opciones de cartera y blog, as\u00ed como un robusto constructor de p\u00e1ginas de arrastrar y soltar, este tema atiende las preferencias \u00fanicas de cada individuo. Adem\u00e1s, con su integraci\u00f3n incorporada con WooCommerce, los usuarios pueden establecer r\u00e1pidamente una tienda en l\u00ednea en pleno funcionamiento. Adem\u00e1s, el tema exhibe una capacidad de respuesta completa y preparaci\u00f3n para la retina, certificando que el sitio web exudar\u00e1 la magnificencia en todos los dispositivos. Para mejorar su atractivo, el tema de Virtue Premium WordPress est\u00e1 fortificado por un equipo de soporte devoto, lo que lo convierte en una selecci\u00f3n impecable para aquellos que aspiran a crear un sitio web exquisito y funcional.<\/p>\n<ul>\n<li>Tema de WordPress altamente personalizable con un dise\u00f1o moderno y elegante<\/li>\n<li>Viene con m\u00e1s de 20 demostraciones preconstruidas para una configuraci\u00f3n r\u00e1pida e inspiraci\u00f3n<\/li>\n<li>Importador de demostraci\u00f3n de un solo clic para una f\u00e1cil instalaci\u00f3n y configuraci\u00f3n<\/li>\n<li>Arrastre y suelte el constructor de p\u00e1ginas para una f\u00e1cil personalizaci\u00f3n sin ning\u00fan conocimiento de codificaci\u00f3n<\/li>\n<li>Incluye m\u00e1s de 200 plantillas y elementos de p\u00e1gina preconstruidas<\/li>\n<li>Dise\u00f1o totalmente receptivo, asegurando que su sitio web se vea genial en todos los dispositivos<\/li>\n<li>SEO optimizado para mejorar la clasificaci\u00f3n del motor de b\u00fasqueda<\/li>\n<li>WooCommerce Compatible para f\u00e1cil integraci\u00f3n de comercio electr\u00f3nico<\/li>\n<li>Integraci\u00f3n de redes sociales incorporadas para f\u00e1cil compartir y promoci\u00f3n<\/li>\n<li>Equipo dedicado de atenci\u00f3n al cliente disponible para asistencia y soluci\u00f3n de problemas.<\/li>\n<\/ul>\n","protected":false},"excerpt":{"rendered":"<p>Presentando el notable tema de WordPress Premium Virtue, un tema verdaderamente vers\u00e1til e inmensamente poderoso meticulosamente elaborado para empresas y profesionales que anhelan nada menos que una presencia en l\u00ednea extraordinaria que cautivar\u00e1 y cautivar\u00e1. Con su dise\u00f1o elegante y moderno que exude sofisticaci\u00f3n, Virtue ofrece sin esfuerzo una gran cantidad de opciones de personalizaci\u00f3n flexibles adaptadas a sus necesidades espec\u00edficas, acompa\u00f1adas de dise\u00f1os altamente receptivos y un arsenal de caracter\u00edsticas avanzadas que lo capacitar\u00e1n para construir sin esfuerzo el sitio web de sus sue\u00f1os en el abrir y cerrar de ojos. ojo. Ya sea como un blogger experimentado que busca hacerse un nombre para usted, un freelancer talentoso que se esfuerza por mostrar sus habilidades notables, o incluso un emprendedor visionario que se esfuerza por establecer su marca y cultivar una audiencia devota, la virtud es la panacea definitiva que ofrece todo lo necesario Herramientas y recursos para hacer realidad sus aspiraciones. Meticulosamente dise\u00f1ado de acuerdo con los \u00faltimos est\u00e1ndares de WordPress, la virtud tambi\u00e9n est\u00e1 astutamente optimizada para la optimizaci\u00f3n de motores de b\u00fasqueda (SEO) y la velocidad, asegurando as\u00ed que su sitio web asciende sin esfuerzo los rangos y las cargas con expedici\u00f3n, dejando a sus visitantes asombrados de su prowesa digital. \u00a1No dude en aprovechar esta oportunidad de oro, adquirir el tema de WordPress premium de la virtud y elevar a la perfecci\u00f3n su sitio web a niveles sin precedentes de grandeza y triunfo!<\/p>\n","protected":false},"featured_media":167959,"comment_status":"open","ping_status":"open","template":"","meta":[],"product_brand":[2364],"product_cat":[1267,1237,1238],"product_tag":[1804],"class_list":{"0":"post-126438","1":"product","2":"type-product","3":"status-publish","4":"has-post-thumbnail","6":"product_brand-kadence-wp","7":"product_cat-creativo","8":"product_cat-temas","9":"product_cat-wordpress-temas","10":"product_tag-kadence-wp","11":"member-discount","12":"discount-restricted","14":"first","15":"instock","16":"sale","17":"downloadable","18":"virtual","19":"sold-individually","20":"purchasable","21":"product-type-simple"},"_links":{"self":[{"href":"https:\/\/gpl-love.com\/es\/wp-json\/wp\/v2\/product\/126438","targetHints":{"allow":["GET"]}}],"collection":[{"href":"https:\/\/gpl-love.com\/es\/wp-json\/wp\/v2\/product"}],"about":[{"href":"https:\/\/gpl-love.com\/es\/wp-json\/wp\/v2\/types\/product"}],"replies":[{"embeddable":true,"href":"https:\/\/gpl-love.com\/es\/wp-json\/wp\/v2\/comments?post=126438"}],"wp:featuredmedia":[{"embeddable":true,"href":"https:\/\/gpl-love.com\/es\/wp-json\/wp\/v2\/media\/167959"}],"wp:attachment":[{"href":"https:\/\/gpl-love.com\/es\/wp-json\/wp\/v2\/media?parent=126438"}],"wp:term":[{"taxonomy":"product_brand","embeddable":true,"href":"https:\/\/gpl-love.com\/es\/wp-json\/wp\/v2\/product_brand?post=126438"},{"taxonomy":"product_cat","embeddable":true,"href":"https:\/\/gpl-love.com\/es\/wp-json\/wp\/v2\/product_cat?post=126438"},{"taxonomy":"product_tag","embeddable":true,"href":"https:\/\/gpl-love.com\/es\/wp-json\/wp\/v2\/product_tag?post=126438"}],"curies":[{"name":"wp","href":"https:\/\/api.w.org\/{rel}","templated":true}]}}