{"id":126437,"date":"2024-05-05T00:00:00","date_gmt":"2024-05-05T05:00:00","guid":{"rendered":"https:\/\/gpl-love.com\/es\/producto\/virtual-events-the-events-calendar-pro-addon\/"},"modified":"2026-04-10T11:27:27","modified_gmt":"2026-04-10T16:27:27","slug":"virtual-events-the-events-calendar-pro-addon","status":"publish","type":"product","link":"https:\/\/gpl-love.com\/es\/producto\/virtual-events-the-events-calendar-pro-addon\/","title":{"rendered":"The Events Calendar Pro Addon Virtual Events 1.15.8"},"content":{"rendered":"<h3>The Events Calendar Pro Addon Virtual Events Caracteristicas<\/h3>\n<p>Events Calendar Pro Addon Virtual Events, una herramienta robusta y avanzada, ofrece a los usuarios la capacidad de crear y supervisar sin esfuerzo eventos virtuales. Este complemento altamente compatible se integra perfectamente con el calendario de eventos Pro, equipando a los usuarios con todos los atributos esenciales necesarios para crear experiencias virtuales cautivadoras. Su dise\u00f1o decidido atiende a las necesidades de los organizadores del evento y los participantes, asegurando una experiencia suave y agradable para todas las partes involucradas. Los organizadores pueden establecer sin esfuerzo eventos virtuales y administrar eficientemente los registros de los asistentes, mientras que los asistentes pueden acceder convenientemente y participar activamente en estos eventos a trav\u00e9s de una amplia gama de plataformas virtuales. Con una gran variedad de caracter\u00edsticas, los eventos de los eventos Virtuales de los Eventos Pro Addon demuestran ser una soluci\u00f3n inigualable para empresas, organizaciones e individuos que buscan organizar eventos virtuales extraordinarios.<\/p>\n<ul>\n<li>Permite a los usuarios crear y alojar eventos virtuales dentro del calendario de eventos<\/li>\n<li>Proporciona una gama de opciones de boletos y registro para eventos virtuales.<\/li>\n<li>Permite la integraci\u00f3n con plataformas populares de videoconferencia<\/li>\n<li>Permite a los usuarios personalizar las p\u00e1ginas de eventos con elementos de marca y dise\u00f1o<\/li>\n<li>Proporciona herramientas para administrar asistentes a eventos virtuales y enviar comunicaci\u00f3n<\/li>\n<li>Ofrece una integraci\u00f3n perfecta con otros complementos y extensiones dentro del calendario de eventos Pro<\/li>\n<li>Proporciona an\u00e1lisis detallados e informes sobre el compromiso y la asistencia de eventos virtuales<\/li>\n<li>Ofrece un amplio soporte t\u00e9cnico y documentaci\u00f3n para los usuarios<\/li>\n<li>Permite una integraci\u00f3n perfecta con plataformas populares de comercio electr\u00f3nico para la venta de entradas y las promociones.<\/li>\n<\/ul>\n","protected":false},"excerpt":{"rendered":"<p>El calendario de eventos Pro Addon Virtual Events sirve como una herramienta crucial para las personas que buscan generar eventos virtuales sin esfuerzo. Este complemento brinda la oportunidad de aumentar su sitio web con atributos robustos que aborden espec\u00edficamente los requisitos de los eventos virtuales, que abarca una integraci\u00f3n perfecta con plataformas de videoconferencia ampliamente utilizadas como Zoom, Google Meet y Skype. Adem\u00e1s, abarca la gesti\u00f3n avanzada de RSVP, p\u00e1ginas de eventos virtuales completos con elementos de marca personalizados y la capacidad de establecer eventos virtuales recurrentes. Al utilizar los eventos CALENDAR PRO ADDON EVENTOS VIRTUAL, puede elevar sus eventos virtuales a nuevas alturas y proporcionar a sus asistentes una experiencia cautivadora y duradera.<\/p>\n","protected":false},"featured_media":167706,"comment_status":"open","ping_status":"open","template":"","meta":[],"product_brand":[2575],"product_cat":[1214,1206,1211],"product_tag":[1551],"class_list":{"0":"post-126437","1":"product","2":"type-product","3":"status-publish","4":"has-post-thumbnail","6":"product_brand-the-events-calendar","7":"product_cat-personalizacion","8":"product_cat-plugins","9":"product_cat-wordpress-plugins","10":"product_tag-the-events-calendar","11":"member-discount","12":"discount-restricted","14":"first","15":"instock","16":"sale","17":"downloadable","18":"virtual","19":"sold-individually","20":"purchasable","21":"product-type-simple"},"_links":{"self":[{"href":"https:\/\/gpl-love.com\/es\/wp-json\/wp\/v2\/product\/126437","targetHints":{"allow":["GET"]}}],"collection":[{"href":"https:\/\/gpl-love.com\/es\/wp-json\/wp\/v2\/product"}],"about":[{"href":"https:\/\/gpl-love.com\/es\/wp-json\/wp\/v2\/types\/product"}],"replies":[{"embeddable":true,"href":"https:\/\/gpl-love.com\/es\/wp-json\/wp\/v2\/comments?post=126437"}],"wp:featuredmedia":[{"embeddable":true,"href":"https:\/\/gpl-love.com\/es\/wp-json\/wp\/v2\/media\/167706"}],"wp:attachment":[{"href":"https:\/\/gpl-love.com\/es\/wp-json\/wp\/v2\/media?parent=126437"}],"wp:term":[{"taxonomy":"product_brand","embeddable":true,"href":"https:\/\/gpl-love.com\/es\/wp-json\/wp\/v2\/product_brand?post=126437"},{"taxonomy":"product_cat","embeddable":true,"href":"https:\/\/gpl-love.com\/es\/wp-json\/wp\/v2\/product_cat?post=126437"},{"taxonomy":"product_tag","embeddable":true,"href":"https:\/\/gpl-love.com\/es\/wp-json\/wp\/v2\/product_tag?post=126437"}],"curies":[{"name":"wp","href":"https:\/\/api.w.org\/{rel}","templated":true}]}}