{"id":126436,"date":"2022-03-06T00:00:00","date_gmt":"2022-03-06T05:00:00","guid":{"rendered":"https:\/\/gpl-love.com\/es\/producto\/viralvideo-responsive-magazine-wordpress-theme\/"},"modified":"2026-04-10T11:30:20","modified_gmt":"2026-04-10T16:30:20","slug":"viralvideo-responsive-magazine-wordpress-theme","status":"publish","type":"product","link":"https:\/\/gpl-love.com\/es\/producto\/viralvideo-responsive-magazine-wordpress-theme\/","title":{"rendered":"ViralVideo Responsive Magazine WordPress Theme 2.8"},"content":{"rendered":"<h3>ViralVideo Responsive Magazine WordPress Theme Caracteristicas<\/h3>\n<p>Viralvideo es un tema de WordPress excepcionalmente elegante y moderno que ha sido dise\u00f1ado a prop\u00f3sito para el uso exclusivo de revistas en l\u00ednea que enfatizan principalmente el contenido de video. Este tema se jacta de ser completamente receptivo, asegurando as\u00ed que su sitio web exude una apariencia visualmente impresionante en cualquier dispositivo concebible. Adem\u00e1s, la inclusi\u00f3n de una caracter\u00edstica de creador de p\u00e1ginas de arrastrar y soltar f\u00e1cilmente con usuarios en este tema permite la creaci\u00f3n sin esfuerzo de dise\u00f1os personalizados, lo que le otorga la libertad de integrar sin problemas el contenido de video cautivador en su sitio. Adem\u00e1s, el tema ofrece una extensa colecci\u00f3n de plantillas preconstruidas meticulosamente dise\u00f1adas para atender una variedad de tipos de p\u00e1ginas distintos, incluidas p\u00e1ginas de inicio, p\u00e1ginas de categor\u00edas y p\u00e1ginas de publicaci\u00f3n individuales. Adem\u00e1s de estas caracter\u00edsticas notables, Viralvideo presenta adem\u00e1s un panel de opciones de temas inmensamente potentes, lo que lo permite personalizar sin esfuerzo todos y cada uno de los aspectos del dise\u00f1o y la funcionalidad de su sitio al contenido de su coraz\u00f3n. En consecuencia, se puede afirmar con confianza que Viralvideo es el mejor tema que atiende perfectamente a las necesidades de las personas que aspiran a establecer una revista en l\u00ednea completamente profesional que gira principalmente en torno a la cautivaci\u00f3n de contenido de video.<\/p>\n<ul>\n<li>Dise\u00f1o totalmente receptivo, asegurando que su sitio web se vea muy bien en cualquier dispositivo<\/li>\n<li>Soporte incorporado para fondos de video, lo que le permite crear impresionantes experiencias visuales para sus visitantes<\/li>\n<li>M\u00faltiples opciones de p\u00e1gina de inicio y post -dise\u00f1o, lo que le brinda un control completo sobre la apariencia de su sitio<\/li>\n<li>Botones integrados de intercambio en social, lo que facilita a sus visitantes compartir su contenido y aumentar su alcance<\/li>\n<li>Incluye potentes opciones de personalizaci\u00f3n, lo que le permite cambiar f\u00e1cilmente los colores, las fuentes y otros elementos de dise\u00f1o para que coincidan con su marca.<\/li>\n<li>Optimizado para SEO, asegurando que su contenido sea f\u00e1cilmente descubierto por motores de b\u00fasqueda y visitantes por igual<\/li>\n<li>Construido en la potente plataforma de WordPress, que le brinda acceso a innumerables complementos y extensiones para mejorar la funcionalidad de su sitio<\/li>\n<li>Opciones de tipograf\u00eda avanzada, permiti\u00e9ndole elegir entre una amplia variedad de fuentes para darle a su sitio una apariencia \u00fanica.<\/li>\n<li>Incluye m\u00faltiples \u00e1reas de widget, lo que le permite agregar f\u00e1cilmente contenido y funcionalidad personalizados a su sitio.<\/li>\n<li>Documentaci\u00f3n y soporte integral, asegurando que pueda poner en funcionamiento de manera r\u00e1pida y f\u00e1cil su sitio con problemas m\u00ednimos.<\/li>\n<\/ul>\n","protected":false},"excerpt":{"rendered":"<p>El tema de WordPress de Viralvideo Responsive WordPress cuenta con un dise\u00f1o de vanguardia que atiende espec\u00edficamente a las necesidades de bloggers, video bloggers y sitios web de revistas en l\u00ednea. Su dise\u00f1o altamente receptivo est\u00e1 dise\u00f1ado para adaptarse perfectamente a todos los dispositivos y tama\u00f1os de pantalla, incluidas las pantallas de retina de alta resoluci\u00f3n. Una de las caracter\u00edsticas destacadas de este tema es su potente constructor de p\u00e1ginas de arrastrar y soltar, que le permite crear dise\u00f1os \u00fanicos y visualmente impresionantes. Gracias a los formatos de publicaci\u00f3n personalizables y las opciones intuitivas de temas, administrar y organizar su contenido se convierte en una tarea sin problemas. Adem\u00e1s, el tema integra perfectamente las plataformas de redes sociales al proporcionar botones de intercambio social \u00fatiles, facilitando as\u00ed una mayor participaci\u00f3n del usuario y conduciendo m\u00e1s tr\u00e1fico a su sitio web. Adem\u00e1s, el tema ofrece una multitud de plantillas predise\u00f1adas, incluido un dise\u00f1o de p\u00e1gina de la tienda y un dise\u00f1o de lista de reproducci\u00f3n de video, para ayudarlo a expandir su presencia en l\u00ednea y alcanzar efectivamente su p\u00fablico objetivo. Si est\u00e1 en busca de un tema de WordPress que no solo sea flexible sino tambi\u00e9n altamente vers\u00e1til, capaz de llevar su sitio web al siguiente nivel, entonces Viralvideo es sin duda la opci\u00f3n perfecta para usted.<\/p>\n","protected":false},"featured_media":167958,"comment_status":"open","ping_status":"open","template":"","meta":[],"product_brand":[2337],"product_cat":[1267,1237,1238],"product_tag":[1391],"class_list":{"0":"post-126436","1":"product","2":"type-product","3":"status-publish","4":"has-post-thumbnail","6":"product_brand-themeforest","7":"product_cat-creativo","8":"product_cat-temas","9":"product_cat-wordpress-temas","10":"product_tag-themeforest","11":"member-discount","12":"discount-restricted","14":"first","15":"instock","16":"sale","17":"downloadable","18":"virtual","19":"sold-individually","20":"purchasable","21":"product-type-simple"},"_links":{"self":[{"href":"https:\/\/gpl-love.com\/es\/wp-json\/wp\/v2\/product\/126436","targetHints":{"allow":["GET"]}}],"collection":[{"href":"https:\/\/gpl-love.com\/es\/wp-json\/wp\/v2\/product"}],"about":[{"href":"https:\/\/gpl-love.com\/es\/wp-json\/wp\/v2\/types\/product"}],"replies":[{"embeddable":true,"href":"https:\/\/gpl-love.com\/es\/wp-json\/wp\/v2\/comments?post=126436"}],"wp:featuredmedia":[{"embeddable":true,"href":"https:\/\/gpl-love.com\/es\/wp-json\/wp\/v2\/media\/167958"}],"wp:attachment":[{"href":"https:\/\/gpl-love.com\/es\/wp-json\/wp\/v2\/media?parent=126436"}],"wp:term":[{"taxonomy":"product_brand","embeddable":true,"href":"https:\/\/gpl-love.com\/es\/wp-json\/wp\/v2\/product_brand?post=126436"},{"taxonomy":"product_cat","embeddable":true,"href":"https:\/\/gpl-love.com\/es\/wp-json\/wp\/v2\/product_cat?post=126436"},{"taxonomy":"product_tag","embeddable":true,"href":"https:\/\/gpl-love.com\/es\/wp-json\/wp\/v2\/product_tag?post=126436"}],"curies":[{"name":"wp","href":"https:\/\/api.w.org\/{rel}","templated":true}]}}