{"id":126435,"date":"2021-06-30T00:00:00","date_gmt":"2021-06-30T05:00:00","guid":{"rendered":"https:\/\/gpl-love.com\/es\/producto\/viral-magazine-wordpress-tema-king\/"},"modified":"2026-04-10T11:30:19","modified_gmt":"2026-04-10T16:30:19","slug":"viral-magazine-wordpress-tema-king","status":"publish","type":"product","link":"https:\/\/gpl-love.com\/es\/producto\/viral-magazine-wordpress-tema-king\/","title":{"rendered":"Viral Magazine WordPress Tema King 7.0.2"},"content":{"rendered":"<h3>Viral Magazine WordPress Tema King Caracteristicas<\/h3>\n<p>La revista Viral WordPress Theme King es una herramienta extremadamente poderosa que le otorga la capacidad de generar sitios web din\u00e1micos y visualmente fascinantes. Con su extensa gama de caracter\u00edsticas e interfaz f\u00e1cil de usar, este notable tema demuestra ser \u00f3ptimo para las personas que buscan construir una presencia en l\u00ednea animada y cautivadora. Aunque dise\u00f1ado con la intenci\u00f3n espec\u00edfica de atender revistas y sitios web de noticias, posee la versatilidad para servir a una multitud de otros prop\u00f3sitos. Est\u00e1 equipado con una variedad de opciones personalizables, como varios dise\u00f1os de la p\u00e1gina de inicio, la capacidad de personalizar las fuentes y una selecci\u00f3n diversa de esquemas de color. Adem\u00e1s, su total capacidad de respuesta garantiza que su sitio web exude excelencia en cualquier dispositivo determinado. Al utilizar las capacidades notables del rey del tema de WordPress de la revista viral, estar\u00e1 equipado con todas las herramientas necesarias para fabricar una plataforma en l\u00ednea sorprendente y cautivadora que atraiga constantemente a los usuarios a regresar por m\u00e1s.<\/p>\n<ul>\n<li>Tema de WordPress totalmente personalizable dise\u00f1ado espec\u00edficamente para revistas en l\u00ednea y sitios web de noticias<\/li>\n<li>Construido con un dise\u00f1o receptivo que se ve muy bien en todos los dispositivos, incluidos los dispositivos m\u00f3viles y las tabletas.<\/li>\n<li>Incluye potentes opciones de personalizaci\u00f3n, como esquemas de color, fuentes y estilos de dise\u00f1o.<\/li>\n<li>Cuenta con un constructor de p\u00e1ginas de arrastrar y soltar intuitivo para una f\u00e1cil personalizaci\u00f3n y dise\u00f1o<\/li>\n<li>Incluye m\u00faltiples dise\u00f1os de publicaci\u00f3n y p\u00e1gina, que incluyen opciones de ancho completo, cuadr\u00edcula y barra lateral<\/li>\n<li>Viene con integraci\u00f3n de redes sociales incorporadas, que permite a los lectores compartir f\u00e1cilmente art\u00edculos en plataformas populares<\/li>\n<li>Optimizado para SEO, ayudando a su sitio web a clasificarse m\u00e1s alto en las p\u00e1ginas de resultados del motor de b\u00fasqueda<\/li>\n<li>Incluye un s\u00f3lido sistema de gesti\u00f3n de anuncios, lo que le permite monetizar su sitio web a trav\u00e9s de la publicidad<\/li>\n<li>Proporciona un excelente soporte y documentaci\u00f3n para los usuarios, incluidos tutoriales de video detallados y una base de conocimiento.<\/li>\n<\/ul>\n","protected":false},"excerpt":{"rendered":"<p>Presentando la revista viral WordPress Theme King, una soluci\u00f3n integral y excepcional adaptada para las personas que buscan dise\u00f1ar una revista en l\u00ednea exquisita y cautivadora. Este tema abarca una gran cantidad de caracter\u00edsticas de vanguardia y tendencias de dise\u00f1o que impulsar\u00e1n su publicaci\u00f3n en l\u00ednea a nuevas alturas. Con su dise\u00f1o totalmente receptivo y personalizable, la elaboraci\u00f3n de una presencia en l\u00ednea distintiva y cautivadora se convierte en una brisa. Ya sea que te encuentres inmerso en el mundo de los blogs, la publicaci\u00f3n o la creaci\u00f3n de contenido, la revista viral WordPress Theme King est\u00e1 inequ\u00edvocamente adaptada a tus necesidades y aspiraciones.<\/p>\n","protected":false},"featured_media":167957,"comment_status":"open","ping_status":"open","template":"","meta":[],"product_brand":[2337],"product_cat":[1245,1237,1238],"product_tag":[1391],"class_list":{"0":"post-126435","1":"product","2":"type-product","3":"status-publish","4":"has-post-thumbnail","6":"product_brand-themeforest","7":"product_cat-blog-revista","8":"product_cat-temas","9":"product_cat-wordpress-temas","10":"product_tag-themeforest","11":"member-discount","12":"discount-restricted","14":"first","15":"instock","16":"sale","17":"downloadable","18":"virtual","19":"sold-individually","20":"purchasable","21":"product-type-simple"},"_links":{"self":[{"href":"https:\/\/gpl-love.com\/es\/wp-json\/wp\/v2\/product\/126435","targetHints":{"allow":["GET"]}}],"collection":[{"href":"https:\/\/gpl-love.com\/es\/wp-json\/wp\/v2\/product"}],"about":[{"href":"https:\/\/gpl-love.com\/es\/wp-json\/wp\/v2\/types\/product"}],"replies":[{"embeddable":true,"href":"https:\/\/gpl-love.com\/es\/wp-json\/wp\/v2\/comments?post=126435"}],"wp:featuredmedia":[{"embeddable":true,"href":"https:\/\/gpl-love.com\/es\/wp-json\/wp\/v2\/media\/167957"}],"wp:attachment":[{"href":"https:\/\/gpl-love.com\/es\/wp-json\/wp\/v2\/media?parent=126435"}],"wp:term":[{"taxonomy":"product_brand","embeddable":true,"href":"https:\/\/gpl-love.com\/es\/wp-json\/wp\/v2\/product_brand?post=126435"},{"taxonomy":"product_cat","embeddable":true,"href":"https:\/\/gpl-love.com\/es\/wp-json\/wp\/v2\/product_cat?post=126435"},{"taxonomy":"product_tag","embeddable":true,"href":"https:\/\/gpl-love.com\/es\/wp-json\/wp\/v2\/product_tag?post=126435"}],"curies":[{"name":"wp","href":"https:\/\/api.w.org\/{rel}","templated":true}]}}