{"id":126434,"date":"2021-03-31T00:00:00","date_gmt":"2021-03-31T05:00:00","guid":{"rendered":"https:\/\/gpl-love.com\/es\/producto\/vip-restaurant-cafe-wordpress-theme\/"},"modified":"2026-04-10T11:30:18","modified_gmt":"2026-04-10T16:30:18","slug":"vip-restaurant-cafe-wordpress-theme","status":"publish","type":"product","link":"https:\/\/gpl-love.com\/es\/producto\/vip-restaurant-cafe-wordpress-theme\/","title":{"rendered":"VIP Restaurant Cafe WordPress Theme 14"},"content":{"rendered":"<h3>VIP Restaurant Cafe WordPress Theme Caracteristicas<\/h3>\n<p>El tema VIP Restaurant Cafe WordPress es una opci\u00f3n muy recomendable para las personas que buscan establecer un sitio web exquisito para su empresa de alimentos y bebidas. Este tema excepcional proporciona una gran cantidad de caracter\u00edsticas que permiten a los usuarios exhibir eficazmente su men\u00fa, servicios y promociones de manera refinada y profesional. Con un dise\u00f1o elegante y contempor\u00e1neo, este tema est\u00e1 garantizado para cautivar a su clientela y distinguir su sitio web de los competidores. Adem\u00e1s, el tema VIP Restaurant Cafe WordPress es notablemente f\u00e1cil de usar y personalizable, incluso para aquellos desprovistos de experiencia en codificaci\u00f3n. Su dise\u00f1o receptivo garantiza una presentaci\u00f3n \u00f3ptima en cualquier dispositivo, mientras que su optimizaci\u00f3n de SEO mejora la visibilidad de su sitio web en los resultados del motor de b\u00fasqueda. En conclusi\u00f3n, el tema VIP Restaurant Cafe WordPress es una opci\u00f3n excepcional para cualquier persona que aspire a forjar un sitio web superior para su restaurante o caf\u00e9.<\/p>\n<ul>\n<li>Dise\u00f1o de tema elegante y moderno perfectamente adecuado para restaurantes y caf\u00e9s<\/li>\n<li>El dise\u00f1o totalmente receptivo y amigable para los dispositivos m\u00f3viles garantiza un rendimiento \u00f3ptimo en todos los dispositivos<\/li>\n<li>Opciones de personalizaci\u00f3n flexible que incluyen fondos personalizados, colores y opciones de fuentes<\/li>\n<li>\u00c1reas personalizables de encabezado y pie de p\u00e1gina con m\u00faltiples opciones de dise\u00f1o<\/li>\n<li>Interfaz de arrastrar y soltar f\u00e1ciles de usar con soporte de constructor de p\u00e1ginas para una creaci\u00f3n de sitios web r\u00e1pida y f\u00e1cil<\/li>\n<li>Optimizado para motores de b\u00fasqueda con caracter\u00edsticas de SEO incorporadas<\/li>\n<li>Integraci\u00f3n de WooCommerce para pedidos f\u00e1ciles y ventas en l\u00ednea<\/li>\n<li>Sistema de reserva incorporado con configuraciones personalizables<\/li>\n<li>Galer\u00eda y caracter\u00edsticas de cartera para exhibir el men\u00fa y los platos de su restaurante<\/li>\n<li>Integraci\u00f3n de las redes sociales para f\u00e1cil compartir y promoci\u00f3n de su sitio web y restaurante.<\/li>\n<\/ul>\n","protected":false},"excerpt":{"rendered":"<p>El tema VIP Restaurant Cafe WordPress se presenta como una soluci\u00f3n impecable y abarcadora para la creaci\u00f3n de un sitio web extraordinario que combina sin esfuerzo la est\u00e9tica con funcionalidad para su estimado restaurante o cafeter\u00eda. Sus caracter\u00edsticas extraordinarias incluyen un dise\u00f1o elegante y contempor\u00e1neo, que le ofrece una gran cantidad de dise\u00f1os personalizables que seguramente dejar\u00e1n una impresi\u00f3n duradera en sus visitantes. Adem\u00e1s, este notable tema cuenta con funcionalidades avanzadas, como la integraci\u00f3n perfecta de las reservas y la gesti\u00f3n eficiente del men\u00fa. Adem\u00e1s, su capacidad de respuesta garantiza que su sitio web exude excelencia y mantenga su atractivo visual en todos los dispositivos, mientras que las opciones de personalizaci\u00f3n f\u00e1ciles de usar facilitan la elaboraci\u00f3n de un sitio web que encarna sin problemas la esencia de su marca. Ya sea que aspira a cautivar a nuevos clientes o proporcionar una experiencia notable para sus fieles seguidores, el tema VIP Restaurant Cafe WordPress se establece firmemente como la opci\u00f3n por excelencia para sus necesidades \u00fanicas.<\/p>\n","protected":false},"featured_media":167956,"comment_status":"open","ping_status":"open","template":"","meta":[],"product_brand":[2337],"product_cat":[1646,1237,1238],"product_tag":[1391],"class_list":{"0":"post-126434","1":"product","2":"type-product","3":"status-publish","4":"has-post-thumbnail","6":"product_brand-themeforest","7":"product_cat-alimentacion-y-restaurante","8":"product_cat-temas","9":"product_cat-wordpress-temas","10":"product_tag-themeforest","11":"member-discount","12":"discount-restricted","14":"first","15":"instock","16":"sale","17":"downloadable","18":"virtual","19":"sold-individually","20":"purchasable","21":"product-type-simple"},"_links":{"self":[{"href":"https:\/\/gpl-love.com\/es\/wp-json\/wp\/v2\/product\/126434","targetHints":{"allow":["GET"]}}],"collection":[{"href":"https:\/\/gpl-love.com\/es\/wp-json\/wp\/v2\/product"}],"about":[{"href":"https:\/\/gpl-love.com\/es\/wp-json\/wp\/v2\/types\/product"}],"replies":[{"embeddable":true,"href":"https:\/\/gpl-love.com\/es\/wp-json\/wp\/v2\/comments?post=126434"}],"wp:featuredmedia":[{"embeddable":true,"href":"https:\/\/gpl-love.com\/es\/wp-json\/wp\/v2\/media\/167956"}],"wp:attachment":[{"href":"https:\/\/gpl-love.com\/es\/wp-json\/wp\/v2\/media?parent=126434"}],"wp:term":[{"taxonomy":"product_brand","embeddable":true,"href":"https:\/\/gpl-love.com\/es\/wp-json\/wp\/v2\/product_brand?post=126434"},{"taxonomy":"product_cat","embeddable":true,"href":"https:\/\/gpl-love.com\/es\/wp-json\/wp\/v2\/product_cat?post=126434"},{"taxonomy":"product_tag","embeddable":true,"href":"https:\/\/gpl-love.com\/es\/wp-json\/wp\/v2\/product_tag?post=126434"}],"curies":[{"name":"wp","href":"https:\/\/api.w.org\/{rel}","templated":true}]}}