{"id":126433,"date":"2025-08-12T00:00:00","date_gmt":"2025-08-12T05:00:00","guid":{"rendered":"https:\/\/gpl-love.com\/es\/producto\/vintwood-a-vintage-retro-wordpress-theme\/"},"modified":"2026-04-10T11:30:17","modified_gmt":"2026-04-10T16:30:17","slug":"vintwood-a-vintage-retro-wordpress-theme","status":"publish","type":"product","link":"https:\/\/gpl-love.com\/es\/producto\/vintwood-a-vintage-retro-wordpress-theme\/","title":{"rendered":"VintWood a Vintage Retro WordPress Theme 1.1.7"},"content":{"rendered":"<h3>VintWood a Vintage Retro WordPress Theme Caracteristicas<\/h3>\n<p>Vintwood, un tema de WordPress impresionante, posee la capacidad de exhibir su contenido de una manera que recuerda a una era pasada. Con una variedad de opciones personalizables a su disposici\u00f3n, posee la capacidad de construir sin esfuerzo un sitio web distintivo y cautivador que se distingue de las masas. Este tema muestra un dise\u00f1o visualmente atractivo y f\u00e1cil de usar que facilita la navegaci\u00f3n perfecta, lo que la hace ideal para personas dedicadas a blogs, fotograf\u00eda y empresas de comercio electr\u00f3nico. Adem\u00e1s, Vintwood es totalmente receptivo, garantizando que su sitio web exude la magnificencia en todos los dispositivos. Ya sea que sus aspiraciones implicen la creaci\u00f3n de un sitio web nost\u00e1lgico y acogedor o uno con un dise\u00f1o m\u00e1s contempor\u00e1neo y elegante, Vintwood le brinda todas las herramientas necesarias para dar vida a su visi\u00f3n.<\/p>\n<ul>\n<li>Hermoso y aut\u00e9ntico dise\u00f1o vintage que le dar\u00e1 a su sitio web un aspecto \u00fanico y elegante.<\/li>\n<li>Totalmente receptivo y amigable con los dispositivos m\u00f3viles, asegurando que su sitio se vea perfecto en todos los dispositivos.<\/li>\n<li>Caracter\u00edsticas personalizables, lo que le permite crear un sitio web \u00fanico que refleje su marca y personalidad.<\/li>\n<li>Soporte incorporado para caracter\u00edsticas de WordPress, incluidos men\u00fas personalizados, widgets y formatos de publicaci\u00f3n.<\/li>\n<li>Viene con una gama de plantillas de p\u00e1gina preconstruidas, que incluyen dise\u00f1os de blog, formularios de contacto y m\u00e1s.<\/li>\n<li>SEO optimizado, asegurando que el contenido de su sitio se mostrar\u00e1 adecuadamente en los resultados de b\u00fasqueda.<\/li>\n<li>Facilitable y f\u00e1cil de navegar, dando a sus visitantes una experiencia positiva mientras navegan por su contenido.<\/li>\n<li>Compatible con una gama de complementos de terceros, lo que le permite extender la funcionalidad de su sitio seg\u00fan sea necesario.<\/li>\n<li>Regularmente actualizado y respaldado por un equipo de desarrolladores experimentados, asegurando que su sitio permanezca seguro y actualizado.<\/li>\n<li>Asequible y f\u00e1cil de usar, lo que lo convierte en la soluci\u00f3n perfecta para bloggers, due\u00f1os de negocios y cualquier persona que busque crear un impresionante sitio web con temas antiguos.<\/li>\n<\/ul>\n","protected":false},"excerpt":{"rendered":"<p>Vintwood es un tema de WordPress exquisitamente elaborado, meticulosamente dise\u00f1ado para imbuir su sitio web con un aura de est\u00e9tica vintage y retro. A trav\u00e9s de su tipograf\u00eda cl\u00e1sica curada con buen gusto, las texturas meticulosamente angustiadas y el esquema de color evocador que exuda nostalgia, Vintwood posee la capacidad excepcional para llevar a sus estimados visitantes en un viaje v\u00edvido a las \u00e9pocas pasadas. Combinando sin problemas el encanto de anta\u00f1o con funcionalidades contempor\u00e1neas, este tema extraordinario cumple con todos los requisitos de su sitio web modernos. Independientemente de si se identifica como un blogger melanc\u00f3lico que anhela los tiempos m\u00e1s simples, una apasionada coleccionista que aprecia las reliquias del pasado, o un propietario emprendedor de una empresa vintage que busca distinguir a las masas, Vantwood emerge como la elecci\u00f3n por excelencia para mostrar su esfuerzo sin esfuerzo su estilo distintivo y afirmar su individualidad en un paisaje digital cada vez m\u00e1s homog\u00e9neo.<\/p>\n","protected":false},"featured_media":167955,"comment_status":"open","ping_status":"open","template":"","meta":[],"product_brand":[2337],"product_cat":[1267,1237,1238],"product_tag":[1391],"class_list":{"0":"post-126433","1":"product","2":"type-product","3":"status-publish","4":"has-post-thumbnail","6":"product_brand-themeforest","7":"product_cat-creativo","8":"product_cat-temas","9":"product_cat-wordpress-temas","10":"product_tag-themeforest","11":"member-discount","12":"discount-restricted","14":"first","15":"instock","16":"sale","17":"downloadable","18":"virtual","19":"sold-individually","20":"purchasable","21":"product-type-simple"},"_links":{"self":[{"href":"https:\/\/gpl-love.com\/es\/wp-json\/wp\/v2\/product\/126433","targetHints":{"allow":["GET"]}}],"collection":[{"href":"https:\/\/gpl-love.com\/es\/wp-json\/wp\/v2\/product"}],"about":[{"href":"https:\/\/gpl-love.com\/es\/wp-json\/wp\/v2\/types\/product"}],"replies":[{"embeddable":true,"href":"https:\/\/gpl-love.com\/es\/wp-json\/wp\/v2\/comments?post=126433"}],"wp:featuredmedia":[{"embeddable":true,"href":"https:\/\/gpl-love.com\/es\/wp-json\/wp\/v2\/media\/167955"}],"wp:attachment":[{"href":"https:\/\/gpl-love.com\/es\/wp-json\/wp\/v2\/media?parent=126433"}],"wp:term":[{"taxonomy":"product_brand","embeddable":true,"href":"https:\/\/gpl-love.com\/es\/wp-json\/wp\/v2\/product_brand?post=126433"},{"taxonomy":"product_cat","embeddable":true,"href":"https:\/\/gpl-love.com\/es\/wp-json\/wp\/v2\/product_cat?post=126433"},{"taxonomy":"product_tag","embeddable":true,"href":"https:\/\/gpl-love.com\/es\/wp-json\/wp\/v2\/product_tag?post=126433"}],"curies":[{"name":"wp","href":"https:\/\/api.w.org\/{rel}","templated":true}]}}