{"id":126432,"date":"2022-03-13T00:00:00","date_gmt":"2022-03-13T05:00:00","guid":{"rendered":"https:\/\/gpl-love.com\/es\/producto\/vinkmag-multiconcept-news-magazine-wordpress-theme\/"},"modified":"2026-04-10T11:30:17","modified_gmt":"2026-04-10T16:30:17","slug":"vinkmag-multiconcept-news-magazine-wordpress-theme","status":"publish","type":"product","link":"https:\/\/gpl-love.com\/es\/producto\/vinkmag-multiconcept-news-magazine-wordpress-theme\/","title":{"rendered":"Vinkmag Multiconcept News Magazine WordPress Theme 4.3"},"content":{"rendered":"<h3>Vinkmag Multiconcept News Magazine WordPress Theme Caracteristicas<\/h3>\n<p>El tema de WordPress de WordPress de Vinkmag Multiconcept News es una soluci\u00f3n que lo abarca todo que atiende a la creaci\u00f3n de sitios web de revistas en l\u00ednea cautivadores y profesionales. Su amplia gama de caracter\u00edsticas y opciones de personalizaci\u00f3n lo hace ideal para bloggers, periodistas, agencias de noticias y otras empresas orientadas a los medios. Este tema ofrece m\u00faltiples demostraciones prefabricadas, cada una con su propio dise\u00f1o y dise\u00f1o distintivos, todos los cuales pueden ser completamente personalizados. Adem\u00e1s, incorpora la optimizaci\u00f3n de SEO incorporada, mejorando as\u00ed la probabilidad de que su sitio web alcance una mayor clasificaci\u00f3n en los resultados del motor de b\u00fasqueda. Vinkmag te permite generar y publicar diversas formas de contenido, art\u00edculos que abarcan, videos, galer\u00edas y m\u00e1s. Adem\u00e1s, su capacidad de respuesta asegura que su sitio web se vea espl\u00e9ndido en todo tipo de dispositivos. Adem\u00e1s, con su interfaz f\u00e1cil de usar, no necesita poseer un conjunto de habilidades avanzadas en el dise\u00f1o web para utilizar este tema de manera efectiva. Para resumir, Vinkmag surge como una opci\u00f3n excepcional para las personas que buscan establecer un sitio web profesional de noticias o revistas en l\u00ednea.<\/p>\n<ul>\n<li>Un tema vers\u00e1til de WordPress Multipurpose<\/li>\n<li>Ideal para sitios web de noticias y revistas, as\u00ed como blogs y sitios corporativos.<\/li>\n<li>Dise\u00f1o totalmente personalizable con opciones ilimitadas de color y fuente<\/li>\n<li>Cuenta con un importador de demostraci\u00f3n de un solo clic para una f\u00e1cil configuraci\u00f3n y un flujo de trabajo optimizado<\/li>\n<li>Incluye m\u00e1s de 10 dise\u00f1os de demostraci\u00f3n previamente construidos para elegir<\/li>\n<li>Ofrece una variedad de plantillas de p\u00e1gina de inicio y p\u00e1gina interna para satisfacer sus necesidades<\/li>\n<li>Construido con las \u00faltimas tecnolog\u00edas web que incluyen HTML5, CSS3 y JQuery<\/li>\n<li>Admite todos los principales navegadores y es totalmente receptivo y amigable para los dispositivos m\u00f3viles<\/li>\n<li>SEO optimizado para la m\u00e1xima visibilidad del motor de b\u00fasqueda<\/li>\n<li>Incluye un poderoso panel de opciones de tema con una variedad de configuraciones para personalizar su sitio.<\/li>\n<li>Compatible con complementos populares de WordPress como el Formulario de contacto 7, WooCommerce y WPML<\/li>\n<li>Viene con una amplia documentaci\u00f3n y soporte para garantizar una experiencia sin problemas y sin problemas para los usuarios.<\/li>\n<\/ul>\n","protected":false},"excerpt":{"rendered":"<p>Vinkmag, un tema de WordPress extremadamente vers\u00e1til y contempor\u00e1neo, ha sido meticulosamente elaborado para satisfacer las necesidades de las revistas de noticias en l\u00ednea. Su enfoque multifac\u00e9tico se ejemplifica con una amplia gama de dise\u00f1os predise\u00f1ados y opciones de dise\u00f1o, lo que hace que el proceso de elaboraci\u00f3n de un sitio web sofisticado y cautivador sea un esfuerzo sin esfuerzo. Este tema est\u00e1 cuidadosamente dise\u00f1ado para priorizar la velocidad y la optimizaci\u00f3n de los motores de b\u00fasqueda, garantizando as\u00ed que su valioso contenido trasciende los l\u00edmites y resuena con un lector m\u00e1s amplio. Adem\u00e1s, Vinkmag cuenta con una capacidad de respuesta completa y una compatibilidad perfecta con todos los dispositivos y navegadores, posicion\u00e1ndolo como la soluci\u00f3n definitiva para bloggers de noticias, periodistas y editores por igual.<\/p>\n","protected":false},"featured_media":167954,"comment_status":"open","ping_status":"open","template":"","meta":[],"product_brand":[2337],"product_cat":[1245,1237,1238],"product_tag":[1391],"class_list":{"0":"post-126432","1":"product","2":"type-product","3":"status-publish","4":"has-post-thumbnail","6":"product_brand-themeforest","7":"product_cat-blog-revista","8":"product_cat-temas","9":"product_cat-wordpress-temas","10":"product_tag-themeforest","11":"member-discount","12":"discount-restricted","14":"first","15":"instock","16":"sale","17":"downloadable","18":"virtual","19":"sold-individually","20":"purchasable","21":"product-type-simple"},"_links":{"self":[{"href":"https:\/\/gpl-love.com\/es\/wp-json\/wp\/v2\/product\/126432","targetHints":{"allow":["GET"]}}],"collection":[{"href":"https:\/\/gpl-love.com\/es\/wp-json\/wp\/v2\/product"}],"about":[{"href":"https:\/\/gpl-love.com\/es\/wp-json\/wp\/v2\/types\/product"}],"replies":[{"embeddable":true,"href":"https:\/\/gpl-love.com\/es\/wp-json\/wp\/v2\/comments?post=126432"}],"wp:featuredmedia":[{"embeddable":true,"href":"https:\/\/gpl-love.com\/es\/wp-json\/wp\/v2\/media\/167954"}],"wp:attachment":[{"href":"https:\/\/gpl-love.com\/es\/wp-json\/wp\/v2\/media?parent=126432"}],"wp:term":[{"taxonomy":"product_brand","embeddable":true,"href":"https:\/\/gpl-love.com\/es\/wp-json\/wp\/v2\/product_brand?post=126432"},{"taxonomy":"product_cat","embeddable":true,"href":"https:\/\/gpl-love.com\/es\/wp-json\/wp\/v2\/product_cat?post=126432"},{"taxonomy":"product_tag","embeddable":true,"href":"https:\/\/gpl-love.com\/es\/wp-json\/wp\/v2\/product_tag?post=126432"}],"curies":[{"name":"wp","href":"https:\/\/api.w.org\/{rel}","templated":true}]}}