{"id":126431,"date":"2025-08-30T00:00:00","date_gmt":"2025-08-30T05:00:00","guid":{"rendered":"https:\/\/gpl-love.com\/es\/producto\/vikinger-buddypress-y-gamipress-social-community\/"},"modified":"2026-04-10T11:30:16","modified_gmt":"2026-04-10T16:30:16","slug":"vikinger-buddypress-y-gamipress-social-community","status":"publish","type":"product","link":"https:\/\/gpl-love.com\/es\/producto\/vikinger-buddypress-y-gamipress-social-community\/","title":{"rendered":"Vikinger BuddyPress y GamiPress Social Community 1.9.40"},"content":{"rendered":"<h3>Vikinger BuddyPress y GamiPress Social Community Caracteristicas<\/h3>\n<p>Vikinger BuddyPress y Gamipress Social Community es una plataforma incre\u00edblemente innovadora que revoluciona el \u00e1mbito de las redes sociales. Al integrar a la perfecci\u00f3n BuddyPress, un complemento de redes sociales altamente estimado para WordPress, con Gamipress, una soluci\u00f3n de gamificaci\u00f3n vers\u00e1til que inyecta emoci\u00f3n e interacci\u00f3n en su comunidad, esta plataforma lleva su red social a alturas sin precedentes. Con Vikinger, tiene la capacidad de elaborar una comunidad social distintiva que abarque todas las caracter\u00edsticas esenciales de una red social, desde perfiles y grupos hasta mensajes y notificaciones, y mucho m\u00e1s. Sin embargo, lo que realmente distingue a Vikinger de sus contrapartes son sus notables caracter\u00edsticas de gamificaci\u00f3n, que otorgan a los usuarios puntos, insignias y clasifica en reconocimiento de sus actividades y logros en su sitio. Este sistema alimenta efectivamente la participaci\u00f3n y cultiva un sentido palpable de competencia, infundiendo efectivamente a su comunidad con un nivel incomparable de actividad y vitalidad. En esencia, Vikinger BuddyPress y la comunidad social de Gamipress sirven como una herramienta extraordinaria para construir comunidades en l\u00ednea que son entretenidas y cautivadoras simult\u00e1neamente.<\/p>\n<ul>\n<li>Crear una comunidad social pr\u00f3spera con la integraci\u00f3n de BuddyPress<\/li>\n<li>Agregue elementos de gamificaci\u00f3n para involucrar y recompensar a los usuarios con la integraci\u00f3n de Gamipress<\/li>\n<li>Perfiles de usuario personalizables con insignias y puntos<\/li>\n<li>Ofrecer concursos y tablas de clasificaci\u00f3n para alentar la participaci\u00f3n<\/li>\n<li>Fomentar el contenido generado por el usuario con publicaciones y discusiones enviadas por el usuario<\/li>\n<li>Ofrezca recompensas del usuario para completar la informaci\u00f3n del perfil o participar en eventos comunitarios<\/li>\n<li>Las notificaciones en tiempo real mantienen a los usuarios comprometidos con actualizaciones de la comunidad<\/li>\n<li>La integraci\u00f3n con WooCommerce permite vender productos dentro de la comunidad<\/li>\n<li>Utilice an\u00e1lisis potentes para rastrear la participaci\u00f3n y los comportamientos del usuario<\/li>\n<li>Dise\u00f1o receptivo m\u00f3vil para una experiencia de usuario perfecta en cualquier dispositivo.<\/li>\n<\/ul>\n","protected":false},"excerpt":{"rendered":"<p>Vikinger BuddyPress y Gamipress Social Community es un complemento muy robusto y din\u00e1mico que amalgamia a la perfecci\u00f3n las ventajas que ofrecen dos complementos de WordPress conocidos, a saber, BuddyPress y Gamipress. Con la implementaci\u00f3n de Vikinger, las personas que poseen sitios web pueden establecer sin esfuerzo una comunidad social interactiva en la que los usuarios pueden comprometerse activamente entre s\u00ed, fomentar conexiones sociales y forjar relaciones gratificantes. Al incorporar ingeniosamente los principios de gamificaci\u00f3n, Vikinger inyecta efectivamente un componente de juegos cautivador y emocionante en su comunidad, elevando as\u00ed su nivel de diversi\u00f3n y participaci\u00f3n del usuario. Adem\u00e1s, este notable complemento abarca una gran cantidad de caracter\u00edsticas personalizables, lo que le permite adaptar meticulosamente su comunidad para que se adapte a sus requisitos y preferencias \u00fanicas. Independientemente de si est\u00e1 en el proceso de construir una red de empleados, una comunidad de cursos en l\u00ednea o un foro, Vikinger BuddyPress y Gamipress Social Community, sin duda, representa la soluci\u00f3n ideal y \u00f3ptima para cumplir sus objetivos.<\/p>\n","protected":false},"featured_media":167953,"comment_status":"open","ping_status":"open","template":"","meta":[],"product_brand":[2337],"product_cat":[1267,1237,1238],"product_tag":[1391],"class_list":{"0":"post-126431","1":"product","2":"type-product","3":"status-publish","4":"has-post-thumbnail","6":"product_brand-themeforest","7":"product_cat-creativo","8":"product_cat-temas","9":"product_cat-wordpress-temas","10":"product_tag-themeforest","11":"member-discount","12":"discount-restricted","14":"first","15":"instock","16":"sale","17":"downloadable","18":"virtual","19":"sold-individually","20":"purchasable","21":"product-type-simple"},"_links":{"self":[{"href":"https:\/\/gpl-love.com\/es\/wp-json\/wp\/v2\/product\/126431","targetHints":{"allow":["GET"]}}],"collection":[{"href":"https:\/\/gpl-love.com\/es\/wp-json\/wp\/v2\/product"}],"about":[{"href":"https:\/\/gpl-love.com\/es\/wp-json\/wp\/v2\/types\/product"}],"replies":[{"embeddable":true,"href":"https:\/\/gpl-love.com\/es\/wp-json\/wp\/v2\/comments?post=126431"}],"wp:featuredmedia":[{"embeddable":true,"href":"https:\/\/gpl-love.com\/es\/wp-json\/wp\/v2\/media\/167953"}],"wp:attachment":[{"href":"https:\/\/gpl-love.com\/es\/wp-json\/wp\/v2\/media?parent=126431"}],"wp:term":[{"taxonomy":"product_brand","embeddable":true,"href":"https:\/\/gpl-love.com\/es\/wp-json\/wp\/v2\/product_brand?post=126431"},{"taxonomy":"product_cat","embeddable":true,"href":"https:\/\/gpl-love.com\/es\/wp-json\/wp\/v2\/product_cat?post=126431"},{"taxonomy":"product_tag","embeddable":true,"href":"https:\/\/gpl-love.com\/es\/wp-json\/wp\/v2\/product_tag?post=126431"}],"curies":[{"name":"wp","href":"https:\/\/api.w.org\/{rel}","templated":true}]}}