{"id":126430,"date":"2022-02-26T00:00:00","date_gmt":"2022-02-26T05:00:00","guid":{"rendered":"https:\/\/gpl-love.com\/es\/producto\/vidorev-video-wordpress-theme\/"},"modified":"2026-04-10T11:30:15","modified_gmt":"2026-04-10T16:30:15","slug":"vidorev-video-wordpress-theme","status":"publish","type":"product","link":"https:\/\/gpl-love.com\/es\/producto\/vidorev-video-wordpress-theme\/","title":{"rendered":"VidoRev Video WordPress Theme 2.9.9.9.9.2"},"content":{"rendered":"<h3>VidoRev Video WordPress Theme Caracteristicas<\/h3>\n<p>El tema Vidorev Video WordPress ofrece una soluci\u00f3n que abarca todo a las personas que buscan establecer un sitio web de video profesional y visualmente llamativo. Con un dise\u00f1o contempor\u00e1neo y una interfaz que sea f\u00e1cil de usar, este tema facilita la exhibici\u00f3n sin esfuerzo de videos en una variedad de formatos, desde listas de reproducci\u00f3n hasta galer\u00edas. Adem\u00e1s, cuenta con un formidable sistema de env\u00edo de video front-end, lo que permite a los usuarios cargar directamente su propio contenido en su sitio. Sin lugar a dudas, este tema es totalmente receptivo y ha sido meticulosamente optimizado para SEO, asegurando as\u00ed que su sitio web deslumbra todos los dispositivos concebibles y obtenga una clasificaci\u00f3n impresionante en varios motores de b\u00fasqueda. Ya sea que sea un blogger de video, un cineasta o simplemente una persona que busca exhibir su contenido de video, el tema Vidorev Video WordPress surge como una opci\u00f3n ideal.<\/p>\n<ul>\n<li>Un tema de WordPress totalmente receptivo dise\u00f1ado para sitios web relacionados con videos<\/li>\n<li>Disponible en versiones claras y oscuras<\/li>\n<li>Reproductor de video incorporado con pieles personalizables<\/li>\n<li>M\u00faltiples dise\u00f1os y dise\u00f1os de la p\u00e1gina de inicio para elegir<\/li>\n<li>Integraci\u00f3n con plataformas de alojamiento de video populares como YouTube, Vimeo y Dailymotion<\/li>\n<li>Categor\u00edas y etiquetas de video personalizables para organizaci\u00f3n y navegaci\u00f3n f\u00e1cil<\/li>\n<li>Widgets personalizados para mostrar contenido de video y enlaces de redes sociales<\/li>\n<li>Soporte para m\u00faltiples formatos de video que incluyen MP4, MPEG y AVI<\/li>\n<li>SEO optimizado para una mejor clasificaci\u00f3n de motores de b\u00fasqueda<\/li>\n<li>Compatible con complementos populares de WordPress como WooCommerce y BBPress<\/li>\n<li>Actualizaciones regulares y atenci\u00f3n al cliente incluyen una experiencia confiable y duradera.<\/li>\n<\/ul>\n","protected":false},"excerpt":{"rendered":"<p>El tema de Vidorev Video WordPress, una herramienta incre\u00edblemente potente y f\u00e1cil de usar, sirve como una soluci\u00f3n ideal para elaborar sitios web de videos visualmente cautivadores. Este tema cuenta con un dise\u00f1o de vanguardia y adaptable que se adapta meticulosamente para satisfacer todo tipo de videos, ya sea pel\u00edculas, programas de televisi\u00f3n, vlogs y una variedad de otros g\u00e9neros. Con un extenso repertorio de opciones personalizables a su disposici\u00f3n, como numerosas alternativas de dise\u00f1o, una gama infinita de colores para elegir y un constructor de p\u00e1ginas de arrastrar y soltar notablemente intuitivo, este tema realmente le permite darle vida a su visi\u00f3n creativa a la vida. . Adem\u00e1s, este paquete excepcional viene incluido con una variedad de bloques de contenido predise\u00f1ados, asegurando que pueda reunir sin esfuerzo p\u00e1ginas din\u00e1micas y fascinantes en cuesti\u00f3n de minutos. Independientemente de si usted es una figura influyente, un cineasta visionario o simplemente un individuo que busca construir una plataforma para mostrar el contenido de su video, el tema Vidorev Video WordPress demostrar\u00e1 ser la soluci\u00f3n definitiva que satisface todas sus necesidades.<\/p>\n","protected":false},"featured_media":167952,"comment_status":"open","ping_status":"open","template":"","meta":[],"product_brand":[2337],"product_cat":[1267,1237,1238],"product_tag":[1391],"class_list":{"0":"post-126430","1":"product","2":"type-product","3":"status-publish","4":"has-post-thumbnail","6":"product_brand-themeforest","7":"product_cat-creativo","8":"product_cat-temas","9":"product_cat-wordpress-temas","10":"product_tag-themeforest","11":"member-discount","12":"discount-restricted","14":"first","15":"instock","16":"sale","17":"downloadable","18":"virtual","19":"sold-individually","20":"purchasable","21":"product-type-simple"},"_links":{"self":[{"href":"https:\/\/gpl-love.com\/es\/wp-json\/wp\/v2\/product\/126430","targetHints":{"allow":["GET"]}}],"collection":[{"href":"https:\/\/gpl-love.com\/es\/wp-json\/wp\/v2\/product"}],"about":[{"href":"https:\/\/gpl-love.com\/es\/wp-json\/wp\/v2\/types\/product"}],"replies":[{"embeddable":true,"href":"https:\/\/gpl-love.com\/es\/wp-json\/wp\/v2\/comments?post=126430"}],"wp:featuredmedia":[{"embeddable":true,"href":"https:\/\/gpl-love.com\/es\/wp-json\/wp\/v2\/media\/167952"}],"wp:attachment":[{"href":"https:\/\/gpl-love.com\/es\/wp-json\/wp\/v2\/media?parent=126430"}],"wp:term":[{"taxonomy":"product_brand","embeddable":true,"href":"https:\/\/gpl-love.com\/es\/wp-json\/wp\/v2\/product_brand?post=126430"},{"taxonomy":"product_cat","embeddable":true,"href":"https:\/\/gpl-love.com\/es\/wp-json\/wp\/v2\/product_cat?post=126430"},{"taxonomy":"product_tag","embeddable":true,"href":"https:\/\/gpl-love.com\/es\/wp-json\/wp\/v2\/product_tag?post=126430"}],"curies":[{"name":"wp","href":"https:\/\/api.w.org\/{rel}","templated":true}]}}