{"id":126429,"date":"2022-02-26T00:00:00","date_gmt":"2022-02-26T05:00:00","guid":{"rendered":"https:\/\/gpl-love.com\/es\/producto\/videotube-a-responsive-video-wordpress-theme\/"},"modified":"2026-04-10T11:30:14","modified_gmt":"2026-04-10T16:30:14","slug":"videotube-a-responsive-video-wordpress-theme","status":"publish","type":"product","link":"https:\/\/gpl-love.com\/es\/producto\/videotube-a-responsive-video-wordpress-theme\/","title":{"rendered":"VideoTube A Responsive Video WordPress Theme 3.4.4"},"content":{"rendered":"<h3>VideoTube A Responsive Video WordPress Theme Caracteristicas<\/h3>\n<p>Videotube es un tema de WordPress notablemente receptivo y visualmente cautivador que ha sido meticulosamente elaborado espec\u00edficamente para los creadores de contenido de video. Con su dise\u00f1o elegante y contempor\u00e1neo, Videotube permite a los usuarios exhibir sin esfuerzo sus videos de una manera meticulosamente organizada y completamente profesional. Este tema excepcional est\u00e1 enriquecido con una variedad de caracter\u00edsticas incomparables que permiten a los usuarios personalizar su sitio web de acuerdo con su marca y estilo \u00fanicos, que abarca la capacidad de personalizar esquemas de color y dise\u00f1os. Adem\u00e1s de estos atributos notables, Videotube est\u00e1 meticulosamente optimizado para la optimizaci\u00f3n de motores de b\u00fasqueda (SEO) e incorpora exclusivamente la integraci\u00f3n de redes sociales incorporadas, facilitando as\u00ed el intercambio de contenido sin problemas y la atracci\u00f3n de visores sin igual. Independientemente de si eres un YouTuber experimentado, un vlogger entusiasta o simplemente aspira a establecer un sitio web que gira en torno a videos, VideOtube indudablemente surge como una elecci\u00f3n ejemplar.<\/p>\n<ul>\n<li>El tema est\u00e1 dise\u00f1ado espec\u00edficamente para mostrar videos de manera elegante y profesional.<\/li>\n<li>El dise\u00f1o totalmente receptivo y amigable para los dispositivos m\u00f3viles asegura que sus videos se vean muy bien en cualquier dispositivo<\/li>\n<li>Cuenta con una p\u00e1gina de inicio personalizable con m\u00faltiples opciones de dise\u00f1o para mostrar su contenido de video<\/li>\n<li>Incluye un poderoso reproductor de video que admite m\u00faltiples formatos de video y permite una f\u00e1cil reproducci\u00f3n y compartir<\/li>\n<li>SEO optimizado para asegurarse de que sus videos sean f\u00e1cilmente descubiertos por los motores de b\u00fasqueda<\/li>\n<li>F\u00e1cil de personalizar con un constructor de p\u00e1ginas de arrastrar y soltar f\u00e1cilmente de uso de usuarios y varias opciones de c\u00f3digo corto<\/li>\n<li>Compatible con una variedad de complementos populares de WordPress, incluido WooCommerce para oportunidades de monetizaci\u00f3n<\/li>\n<li>Documentaci\u00f3n integral y equipo de apoyo dedicado disponible para asistencia<\/li>\n<\/ul>\n","protected":false},"excerpt":{"rendered":"<p>Estamos encantados de presentar VideOtube, una soluci\u00f3n excepcional dise\u00f1ada espec\u00edficamente para WordPress, que le permite crear sin esfuerzo un sitio web de video de vanguardia y adaptable. Con su dise\u00f1o pulido y f\u00e1cilmente adaptable, Videotube le permite exhibir su contenido de video de una manera excepcionalmente profesional y cautivadora. Esta plataforma fenomenal abarca una variedad de caracter\u00edsticas avanzadas que incluyen un reproductor de video que abarca todo, una multitud de dise\u00f1os de p\u00e1gina de inicio y una variedad de herramientas de gesti\u00f3n de video robustas. Ya sea que sea un camar\u00f3grafo experto, un cineasta visionario o un creador de contenido innovador, Videotube le proporciona una gama completa de herramientas y caracter\u00edsticas para fabricar un sitio web de video notable y f\u00e1cil de usar que se distingue sin esfuerzo de las masas. \u00a1No dude en experimentar las capacidades transformadoras de VideoToTube hoy y elevar su contenido de video a alturas sin precedentes!<\/p>\n","protected":false},"featured_media":167951,"comment_status":"open","ping_status":"open","template":"","meta":[],"product_brand":[2337],"product_cat":[1267,1237,1238],"product_tag":[1391],"class_list":{"0":"post-126429","1":"product","2":"type-product","3":"status-publish","4":"has-post-thumbnail","6":"product_brand-themeforest","7":"product_cat-creativo","8":"product_cat-temas","9":"product_cat-wordpress-temas","10":"product_tag-themeforest","11":"member-discount","12":"discount-restricted","14":"first","15":"instock","16":"sale","17":"downloadable","18":"virtual","19":"sold-individually","20":"purchasable","21":"product-type-simple"},"_links":{"self":[{"href":"https:\/\/gpl-love.com\/es\/wp-json\/wp\/v2\/product\/126429","targetHints":{"allow":["GET"]}}],"collection":[{"href":"https:\/\/gpl-love.com\/es\/wp-json\/wp\/v2\/product"}],"about":[{"href":"https:\/\/gpl-love.com\/es\/wp-json\/wp\/v2\/types\/product"}],"replies":[{"embeddable":true,"href":"https:\/\/gpl-love.com\/es\/wp-json\/wp\/v2\/comments?post=126429"}],"wp:featuredmedia":[{"embeddable":true,"href":"https:\/\/gpl-love.com\/es\/wp-json\/wp\/v2\/media\/167951"}],"wp:attachment":[{"href":"https:\/\/gpl-love.com\/es\/wp-json\/wp\/v2\/media?parent=126429"}],"wp:term":[{"taxonomy":"product_brand","embeddable":true,"href":"https:\/\/gpl-love.com\/es\/wp-json\/wp\/v2\/product_brand?post=126429"},{"taxonomy":"product_cat","embeddable":true,"href":"https:\/\/gpl-love.com\/es\/wp-json\/wp\/v2\/product_cat?post=126429"},{"taxonomy":"product_tag","embeddable":true,"href":"https:\/\/gpl-love.com\/es\/wp-json\/wp\/v2\/product_tag?post=126429"}],"curies":[{"name":"wp","href":"https:\/\/api.w.org\/{rel}","templated":true}]}}