{"id":126428,"date":"2022-02-08T00:00:00","date_gmt":"2022-02-08T05:00:00","guid":{"rendered":"https:\/\/gpl-love.com\/es\/producto\/videopro-video-wordpress-theme\/"},"modified":"2026-04-10T11:30:13","modified_gmt":"2026-04-10T16:30:13","slug":"videopro-video-wordpress-theme","status":"publish","type":"product","link":"https:\/\/gpl-love.com\/es\/producto\/videopro-video-wordpress-theme\/","title":{"rendered":"VideoPro Video WordPress Theme 2.3.7.6"},"content":{"rendered":"<h3>VideoPro Video WordPress Theme Caracteristicas<\/h3>\n<p>El tema VideoPro Video WordPress se presenta como la soluci\u00f3n ideal para las personas en posesi\u00f3n de un sitio web que buscan establecer una plataforma cautivadora y visualmente deslumbrante orientada a video. Este tema en particular ofrece una extensa variedad de caracter\u00edsticas robustas que facilitan enormemente el proceso de mostrar efectivamente los videos. En virtud de VideoPro, los usuarios pueden generar f\u00e1cilmente listas de reproducci\u00f3n de video personalizadas, incorporar antecedentes de video en su sitio web e incluso integrar pancartas de video y anuncios para monetizar de manera efectiva su contenido. Adem\u00e1s, este tema posee una capacidad de respuesta completa, garantizando as\u00ed la apariencia \u00f3ptima de contenido de video en cualquier dispositivo. Equipado con una interfaz intuitiva de arrastrar y soltar y una variedad impresionante de opciones de personalizaci\u00f3n, el tema de VideoPro Video WordPress surge como la mejor selecci\u00f3n para las personas que desean construir un sitio web de videos sin igual y cautivador.<\/p>\n<ul>\n<li>Reproductor de video personalizable para reproducci\u00f3n perfecta<\/li>\n<li>Constructor de p\u00e1gina de arrastre y ca\u00edda intuitiva<\/li>\n<li>Dise\u00f1o receptivo para una visualizaci\u00f3n \u00f3ptima en cualquier dispositivo<\/li>\n<li>M\u00faltiples p\u00e1ginas de inicio y dise\u00f1os de blog para elegir<\/li>\n<li>Integraci\u00f3n con plataformas de video populares como YouTube y Vimeo<\/li>\n<li>Opciones avanzadas de b\u00fasqueda de videos y filtrado<\/li>\n<li>Herramientas incorporadas para monetizar contenido de video<\/li>\n<li>Integraci\u00f3n con plataformas de redes sociales para compartir f\u00e1cilmente<\/li>\n<li>Soporte para m\u00faltiples idiomas y complementos de traducci\u00f3n<\/li>\n<li>Documentaci\u00f3n de soporte robusta y atenci\u00f3n al cliente 24\/7<\/li>\n<\/ul>\n","protected":false},"excerpt":{"rendered":"<p>El tema VideoPro Video WordPress, reconocido por su poder excepcional y naturaleza f\u00e1cil de usar, est\u00e1 meticulosamente elaborado para sitios web que priorizan contenido centrado en video. Su dise\u00f1o de vanguardia y altamente adaptable permite sin esfuerzo la exposici\u00f3n perfecta de su material de video, cautivando a un p\u00fablico m\u00e1s amplio. Con una extensa variedad de atributos, como la capacidad de obtener videos de m\u00faltiples plataformas, un reproductor de video totalmente personalizable y la inclusi\u00f3n de anuncios de video, este tema est\u00e1 hecho a medida para elevar su contenido de video a alturas sin precedentes. Con su dise\u00f1o inmaculado y contempor\u00e1neo, VideoPro emerge como la selecci\u00f3n por excelencia para creadores de videos, blogueros e individuos en l\u00ednea que anhelan distinguir su contenido de video de la multitud.<\/p>\n","protected":false},"featured_media":167950,"comment_status":"open","ping_status":"open","template":"","meta":[],"product_brand":[2337],"product_cat":[1267,1237,1238],"product_tag":[1391],"class_list":{"0":"post-126428","1":"product","2":"type-product","3":"status-publish","4":"has-post-thumbnail","6":"product_brand-themeforest","7":"product_cat-creativo","8":"product_cat-temas","9":"product_cat-wordpress-temas","10":"product_tag-themeforest","11":"member-discount","12":"discount-restricted","14":"first","15":"instock","16":"sale","17":"downloadable","18":"virtual","19":"sold-individually","20":"purchasable","21":"product-type-simple"},"_links":{"self":[{"href":"https:\/\/gpl-love.com\/es\/wp-json\/wp\/v2\/product\/126428","targetHints":{"allow":["GET"]}}],"collection":[{"href":"https:\/\/gpl-love.com\/es\/wp-json\/wp\/v2\/product"}],"about":[{"href":"https:\/\/gpl-love.com\/es\/wp-json\/wp\/v2\/types\/product"}],"replies":[{"embeddable":true,"href":"https:\/\/gpl-love.com\/es\/wp-json\/wp\/v2\/comments?post=126428"}],"wp:featuredmedia":[{"embeddable":true,"href":"https:\/\/gpl-love.com\/es\/wp-json\/wp\/v2\/media\/167950"}],"wp:attachment":[{"href":"https:\/\/gpl-love.com\/es\/wp-json\/wp\/v2\/media?parent=126428"}],"wp:term":[{"taxonomy":"product_brand","embeddable":true,"href":"https:\/\/gpl-love.com\/es\/wp-json\/wp\/v2\/product_brand?post=126428"},{"taxonomy":"product_cat","embeddable":true,"href":"https:\/\/gpl-love.com\/es\/wp-json\/wp\/v2\/product_cat?post=126428"},{"taxonomy":"product_tag","embeddable":true,"href":"https:\/\/gpl-love.com\/es\/wp-json\/wp\/v2\/product_tag?post=126428"}],"curies":[{"name":"wp","href":"https:\/\/api.w.org\/{rel}","templated":true}]}}