{"id":126427,"date":"2021-05-26T00:00:00","date_gmt":"2021-05-26T05:00:00","guid":{"rendered":"https:\/\/gpl-love.com\/es\/producto\/verve-high-style-wordpress-theme\/"},"modified":"2026-03-13T17:32:28","modified_gmt":"2026-03-13T22:32:28","slug":"verve-high-style-wordpress-theme","status":"publish","type":"product","link":"https:\/\/gpl-love.com\/es\/producto\/verve-high-style-wordpress-theme\/","title":{"rendered":"Verve High-Style WordPress Theme 5.3"},"content":{"rendered":"<h3>Verve High-Style WordPress Theme Caracteristicas<\/h3>\n<p>El tema de WordPress de alto estilo es un tema excepcional y de primer nivel que ha sido meticulosamente elaborado para empoderarlo en elaboraci\u00f3n de un sitio web notable y distintivo que se distingue sin esfuerzo de la multitud. Con un dise\u00f1o de vanguardia y sofisticado, este tema se adapta espec\u00edficamente a empresas, blogueros y creativos que poseen un ardiente deseo de exhibir su magn\u00edfico trabajo de la manera m\u00e1s espl\u00e9ndida y notable posible. Este tema extraordinario est\u00e1 fortificado con un dise\u00f1o completamente receptivo, asegurando as\u00ed que su sitio web exude una apariencia cautivadora y visualmente atractiva en cada dispositivo. Adem\u00e1s, proporciona una amplia gama de opciones de personalizaci\u00f3n, lo que le otorga la libertad de moldear y refinar el dise\u00f1o para alinearse sin problemas con la identidad de su marca. Adem\u00e1s, el estilo de alto estilo abarca un espectro extenso de caracter\u00edsticas indispensables que seguramente elevar\u00e1n su presencia en l\u00ednea a alturas de gloria sin precedentes. Estos incluyen un constructor de p\u00e1ginas de arrastrar y soltar a la perfecci\u00f3n, botones de redes sociales integrados sin problemas y una variedad diversa de plantillas y dise\u00f1os perfectamente elaborados que expeditan la creaci\u00f3n de un sitio web profesional e inmaculado. Ya sea que sus aspiraciones implicen establecer un sitio web de cartera impresionante, un blog cautivador o una tienda en l\u00ednea inmensamente pr\u00f3spera, tenga la seguridad de que el estilo de alto estilo es el ep\u00edtome del tema ideal que est\u00e1 destinado a facilitar la realizaci\u00f3n de sus sue\u00f1os y ambiciones.<\/p>\n<ul>\n<li>Dise\u00f1o limpio y moderno con un borde elegante<\/li>\n<li>Dise\u00f1o totalmente receptivo y amigable para m\u00f3viles<\/li>\n<li>P\u00e1gina de inicio personalizable con m\u00faltiples \u00e1reas de widgets<\/li>\n<li>Plantillas de cartera y blog incorporadas<\/li>\n<li>Panel de opciones de temas f\u00e1ciles de usar para la personalizaci\u00f3n<\/li>\n<li>Compatible con complementos populares como WooCommerce y Forms de gravedad<\/li>\n<li>M\u00faltiples opciones de color y fuente para elegir<\/li>\n<li>SEO listo con c\u00f3digo y estructura optimizados<\/li>\n<li>Velocidad optimizada para tiempos de carga r\u00e1pidas<\/li>\n<li>Soporte dedicado y actualizaciones regulares proporcionadas<\/li>\n<\/ul>\n","protected":false},"excerpt":{"rendered":"<p>El tema de WordPress de alto estilo es un tema notablemente elegante y contempor\u00e1neo que satisface las necesidades de los profesionales que buscan dejar una impresi\u00f3n duradera en el \u00e1mbito en l\u00ednea. Con un dise\u00f1o minimalista que efectivamente interviene en elementos visualmente llamativos, este tema es simplemente ideal para fot\u00f3grafos, artistas, dise\u00f1adores y cualquier otra persona imaginativa que anhele exhibir sus obras maestras con un aire de sofisticaci\u00f3n. Lo que distingue a este tema del resto es su amplia gama de opciones y caracter\u00edsticas personalizables, incluidos widgets personalizados, formatos de publicaci\u00f3n y esquemas de color, lo que le brinda la oportunidad incomparable de dise\u00f1ar un sitio web que genuinamente encapsula su marca y su estilo \u00fanico. Independientemente de si aspira a forjar una cartera, blog o sitio web orientado a los negocios, el tema de WordPress de alto estilo se destaca inequ\u00edvocamente como el ep\u00edtome de la excelencia para cualquier persona celosa de hacer una declaraci\u00f3n indeleble en la esfera en l\u00ednea.<\/p>\n","protected":false},"featured_media":167949,"comment_status":"open","ping_status":"open","template":"","meta":[],"product_brand":[2337],"product_cat":[1267,1237,1238],"product_tag":[1391],"class_list":{"0":"post-126427","1":"product","2":"type-product","3":"status-publish","4":"has-post-thumbnail","6":"product_brand-themeforest","7":"product_cat-creativo","8":"product_cat-temas","9":"product_cat-wordpress-temas","10":"product_tag-themeforest","11":"member-discount","12":"discount-restricted","14":"first","15":"instock","16":"sale","17":"downloadable","18":"virtual","19":"sold-individually","20":"purchasable","21":"product-type-simple"},"_links":{"self":[{"href":"https:\/\/gpl-love.com\/es\/wp-json\/wp\/v2\/product\/126427","targetHints":{"allow":["GET"]}}],"collection":[{"href":"https:\/\/gpl-love.com\/es\/wp-json\/wp\/v2\/product"}],"about":[{"href":"https:\/\/gpl-love.com\/es\/wp-json\/wp\/v2\/types\/product"}],"replies":[{"embeddable":true,"href":"https:\/\/gpl-love.com\/es\/wp-json\/wp\/v2\/comments?post=126427"}],"wp:featuredmedia":[{"embeddable":true,"href":"https:\/\/gpl-love.com\/es\/wp-json\/wp\/v2\/media\/167949"}],"wp:attachment":[{"href":"https:\/\/gpl-love.com\/es\/wp-json\/wp\/v2\/media?parent=126427"}],"wp:term":[{"taxonomy":"product_brand","embeddable":true,"href":"https:\/\/gpl-love.com\/es\/wp-json\/wp\/v2\/product_brand?post=126427"},{"taxonomy":"product_cat","embeddable":true,"href":"https:\/\/gpl-love.com\/es\/wp-json\/wp\/v2\/product_cat?post=126427"},{"taxonomy":"product_tag","embeddable":true,"href":"https:\/\/gpl-love.com\/es\/wp-json\/wp\/v2\/product_tag?post=126427"}],"curies":[{"name":"wp","href":"https:\/\/api.w.org\/{rel}","templated":true}]}}