{"id":126426,"date":"2025-10-23T00:00:00","date_gmt":"2025-10-23T05:00:00","guid":{"rendered":"https:\/\/gpl-love.com\/es\/producto\/versatile-responsive-multi-purpose-wp-theme\/"},"modified":"2026-03-13T17:32:27","modified_gmt":"2026-03-13T22:32:27","slug":"versatile-responsive-multi-purpose-wp-theme","status":"publish","type":"product","link":"https:\/\/gpl-love.com\/es\/producto\/versatile-responsive-multi-purpose-wp-theme\/","title":{"rendered":"Versatile Responsive Multi-Purpose WP Theme 2.6"},"content":{"rendered":"<h3>Versatile Responsive Multi-Purpose WP Theme Caracteristicas<\/h3>\n<p>El tema WP multiprop\u00f3sito vers\u00e1til es un tema de WordPress incre\u00edblemente flexible y adaptable que ofrece una gran cantidad de opciones de personalizaci\u00f3n y una gran cantidad de caracter\u00edsticas. Su versatilidad permite que se utilice para varios fines, lo que lo convierte en un activo valioso para cualquier propietario del sitio web. Adem\u00e1s, cuenta con una amplia gama de demostraciones y plantillas preconstruidas que se pueden personalizar sin esfuerzo para satisfacer sus requisitos espec\u00edficos. Este tema est\u00e1 dise\u00f1ado para ser completamente receptivo y optimizado para una visualizaci\u00f3n perfecta en todos los dispositivos, incluidos computadoras de escritorio, computadoras port\u00e1tiles, tabletas y tel\u00e9fonos inteligentes. Su impresionante panel de opciones de tema le permite modificar f\u00e1cilmente el dise\u00f1o, el estilo, los colores y las fuentes, lo que le permite establecer una apariencia distintiva y cautivadora para su sitio web. Independientemente de si est\u00e1 creando un blog, un sitio web de negocios, una tienda en l\u00ednea o una cartera, el tema WP multiprop\u00f3sito vers\u00e1til que recompensa los visitantes en clientes abarca todas .<\/p>\n<ul>\n<li>Un tema para todos los prop\u00f3sitos<\/li>\n<li>Dise\u00f1o receptivo para diferentes tama\u00f1os de pantalla<\/li>\n<li>Opciones de personalizaci\u00f3n f\u00e1cil para no codificadores<\/li>\n<li>Admite m\u00faltiples idiomas<\/li>\n<li>Caracter\u00edsticas de optimizaci\u00f3n de SEO incorporadas<\/li>\n<li>Compatibilidad con complementos populares y constructores de p\u00e1ginas<\/li>\n<li>Documentaci\u00f3n extensa y soporte 24\/7<\/li>\n<li>Actualizaciones regulares con funcionalidad mejorada y correcciones de errores<\/li>\n<li>C\u00f3digo limpio y optimizado para un rendimiento m\u00e1s r\u00e1pido del sitio web<\/li>\n<li>Opciones para varios dise\u00f1os de encabezado y pie de p\u00e1gina<\/li>\n<li>M\u00faltiples dise\u00f1os de cartera y blog disponibles<\/li>\n<li>Demos de p\u00e1gina de inicio m\u00faltiples para elegir.<\/li>\n<\/ul>\n","protected":false},"excerpt":{"rendered":"<p>\u00a1Bienvenido a la gran presentaci\u00f3n de la entrada, un tema de WordPress excepcional y que lo abarca todo lo que es adaptable y altamente receptivo! Con un dise\u00f1o elegante y sofisticado, as\u00ed como una gran cantidad de opciones de personalizaci\u00f3n, la entrada posee la capacidad de ser moldeado y dise\u00f1ado para adaptarse a los requisitos \u00fanicos de cualquier sitio web. Ya sea que sus aspiraciones impliquen lanzar un blog cautivador, establecer una tienda en l\u00ednea pr\u00f3spera o elaboraci\u00f3n de una exquisita cartera profesional, la interfaz notablemente f\u00e1cil de usar de Input y su garant\u00eda de la p\u00e1gina de arrastre sin problemas que puede generar sin esfuerzo para generar sin esfuerzo y altamente funcional y altamente funcional y altamente funcional y altamente funcional y altamente funcional. dise\u00f1os en cuesti\u00f3n de minutos. Adem\u00e1s de estos atributos impresionantes, la entrada tambi\u00e9n ofrece una variedad de otras caracter\u00edsticas invaluables que incluyen sus capacidades de optimizaci\u00f3n de motores de b\u00fasqueda inherentes, capacidad de respuesta m\u00f3vil incomparable y una multitud de otras herramientas poderosas para garantizar que su sitio web realmente se distingue de las masas. \u00a1No pierda el tiempo y eleve su presencia en l\u00ednea a alturas incomparables al adoptar las notables ofertas de entrada sin demora!<\/p>\n","protected":false},"featured_media":167948,"comment_status":"open","ping_status":"open","template":"","meta":[],"product_brand":[2337],"product_cat":[1239,1237,1238],"product_tag":[1391],"class_list":{"0":"post-126426","1":"product","2":"type-product","3":"status-publish","4":"has-post-thumbnail","6":"product_brand-themeforest","7":"product_cat-de-multiples-fines","8":"product_cat-temas","9":"product_cat-wordpress-temas","10":"product_tag-themeforest","11":"member-discount","12":"discount-restricted","14":"first","15":"instock","16":"sale","17":"downloadable","18":"virtual","19":"sold-individually","20":"purchasable","21":"product-type-simple"},"_links":{"self":[{"href":"https:\/\/gpl-love.com\/es\/wp-json\/wp\/v2\/product\/126426","targetHints":{"allow":["GET"]}}],"collection":[{"href":"https:\/\/gpl-love.com\/es\/wp-json\/wp\/v2\/product"}],"about":[{"href":"https:\/\/gpl-love.com\/es\/wp-json\/wp\/v2\/types\/product"}],"replies":[{"embeddable":true,"href":"https:\/\/gpl-love.com\/es\/wp-json\/wp\/v2\/comments?post=126426"}],"wp:featuredmedia":[{"embeddable":true,"href":"https:\/\/gpl-love.com\/es\/wp-json\/wp\/v2\/media\/167948"}],"wp:attachment":[{"href":"https:\/\/gpl-love.com\/es\/wp-json\/wp\/v2\/media?parent=126426"}],"wp:term":[{"taxonomy":"product_brand","embeddable":true,"href":"https:\/\/gpl-love.com\/es\/wp-json\/wp\/v2\/product_brand?post=126426"},{"taxonomy":"product_cat","embeddable":true,"href":"https:\/\/gpl-love.com\/es\/wp-json\/wp\/v2\/product_cat?post=126426"},{"taxonomy":"product_tag","embeddable":true,"href":"https:\/\/gpl-love.com\/es\/wp-json\/wp\/v2\/product_tag?post=126426"}],"curies":[{"name":"wp","href":"https:\/\/api.w.org\/{rel}","templated":true}]}}