{"id":126425,"date":"2021-05-06T00:00:00","date_gmt":"2021-05-06T05:00:00","guid":{"rendered":"https:\/\/gpl-love.com\/es\/producto\/veneno-coronavirus-information-wordpress-theme\/"},"modified":"2026-04-10T11:30:11","modified_gmt":"2026-04-10T16:30:11","slug":"veneno-coronavirus-information-wordpress-theme","status":"publish","type":"product","link":"https:\/\/gpl-love.com\/es\/producto\/veneno-coronavirus-information-wordpress-theme\/","title":{"rendered":"Veneno Coronavirus Information WordPress Theme 1.6"},"content":{"rendered":"<h3>Veneno Coronavirus Information WordPress Theme Caracteristicas<\/h3>\n<p>El tema de WordPress de la informaci\u00f3n de Veneno Coronavirus se presenta como una resoluci\u00f3n altamente adecuada para los sitios web de noticias que buscan proporcionar a sus lectores las \u00faltimas y m\u00e1s relevantes actualizaciones sobre la pandemia en curso. Este tema cuenta con una extensa gama de caracter\u00edsticas, que abarca dise\u00f1os personalizables, una gran cantidad de opciones de encabezado y una funci\u00f3n de b\u00fasqueda en vivo avanzada que facilita efectivamente a los usuarios en su b\u00fasqueda para adquirir la informaci\u00f3n deseada. Adem\u00e1s, incorpora secciones meticulosamente construidas espec\u00edficamente dise\u00f1adas para mostrar estad\u00edsticas pertinentes, mapas interactivos y una variedad de art\u00edculos de noticias relacionados con Covid-19. Con su interfaz intuitivamente navegable y su dise\u00f1o excepcionalmente adaptable, el tema de WordPress de la informaci\u00f3n de Veneno Coronavirus surge como una opci\u00f3n excepcional para cualquier sitio web que se esfuerce no solo para mantener a sus visitantes bien informados, sino tambi\u00e9n comprometidos activamente en medio de las dificultades de los tiempos actuales.<\/p>\n<ul>\n<li>Tema profesional de WordPress dise\u00f1ado para sitios web de informaci\u00f3n de coronavirus<\/li>\n<li>Dise\u00f1o moderno y elegante, con un enfoque en la usabilidad y la funcionalidad<\/li>\n<li>M\u00faltiples dise\u00f1os de la p\u00e1gina de inicio que incluyen control deslizante, mapa interactivo, red de noticias y m\u00e1s<\/li>\n<li>Totalmente personalizable con paneles de opciones f\u00e1ciles de usar, esquemas de color y configuraciones de tipograf\u00eda<\/li>\n<li>Estad\u00edsticas integradas de CoVID-19 y widgets de datos, actualizados en tiempo real<\/li>\n<li>P\u00e1ginas dedicadas para la informaci\u00f3n de s\u00edntomas, prevenci\u00f3n e tratamiento de Covid-19<\/li>\n<li>Secci\u00f3n de noticias de Coronavirus con categor\u00edas predefinidas y opciones de filtrado<\/li>\n<li>Funcionalidad de navegaci\u00f3n y b\u00fasqueda f\u00e1cil de usar para una f\u00e1cil exploraci\u00f3n del sitio<\/li>\n<li>Integraci\u00f3n perfecta con complementos populares que incluyen WooCommerce, Formulario de contacto 7 y m\u00e1s<\/li>\n<li>Ligero y carga r\u00e1pida, optimizada para la velocidad y el rendimiento<\/li>\n<\/ul>\n","protected":false},"excerpt":{"rendered":"<p>El tema de WordPress de WordPress de Veneno Coronavirus, que ha sido ingeniosamente dise\u00f1ado y cuidadosamente desarrollado, atiende a las necesidades de los sitios web dedicados a difundir informaci\u00f3n relacionada con la pandemia de Covid-19 en constante evoluci\u00f3n. Con un dise\u00f1o inmaculado y contempor\u00e1neo, este tema otorga a los usuarios acceso a una amplia gama de atributos personalizables, que abarca una variedad de dise\u00f1os de p\u00e1gina de inicio, encabezados y pies de p\u00e1gina que pueden adaptarse para adaptarse Mejore la experiencia general del usuario. Ya sea un profesional de la salud o una organizaci\u00f3n de medios, ambos que buscan impartir informaci\u00f3n actualizada y precisa sobre el virus, el tema de WordPress de la informaci\u00f3n del coronavirus Veneno se considera una elecci\u00f3n inigualable, superando todas las expectativas.<\/p>\n","protected":false},"featured_media":167947,"comment_status":"open","ping_status":"open","template":"","meta":[],"product_brand":[2337],"product_cat":[1267,1237,1238],"product_tag":[1391],"class_list":{"0":"post-126425","1":"product","2":"type-product","3":"status-publish","4":"has-post-thumbnail","6":"product_brand-themeforest","7":"product_cat-creativo","8":"product_cat-temas","9":"product_cat-wordpress-temas","10":"product_tag-themeforest","11":"member-discount","12":"discount-restricted","14":"first","15":"instock","16":"sale","17":"downloadable","18":"virtual","19":"sold-individually","20":"purchasable","21":"product-type-simple"},"_links":{"self":[{"href":"https:\/\/gpl-love.com\/es\/wp-json\/wp\/v2\/product\/126425","targetHints":{"allow":["GET"]}}],"collection":[{"href":"https:\/\/gpl-love.com\/es\/wp-json\/wp\/v2\/product"}],"about":[{"href":"https:\/\/gpl-love.com\/es\/wp-json\/wp\/v2\/types\/product"}],"replies":[{"embeddable":true,"href":"https:\/\/gpl-love.com\/es\/wp-json\/wp\/v2\/comments?post=126425"}],"wp:featuredmedia":[{"embeddable":true,"href":"https:\/\/gpl-love.com\/es\/wp-json\/wp\/v2\/media\/167947"}],"wp:attachment":[{"href":"https:\/\/gpl-love.com\/es\/wp-json\/wp\/v2\/media?parent=126425"}],"wp:term":[{"taxonomy":"product_brand","embeddable":true,"href":"https:\/\/gpl-love.com\/es\/wp-json\/wp\/v2\/product_brand?post=126425"},{"taxonomy":"product_cat","embeddable":true,"href":"https:\/\/gpl-love.com\/es\/wp-json\/wp\/v2\/product_cat?post=126425"},{"taxonomy":"product_tag","embeddable":true,"href":"https:\/\/gpl-love.com\/es\/wp-json\/wp\/v2\/product_tag?post=126425"}],"curies":[{"name":"wp","href":"https:\/\/api.w.org\/{rel}","templated":true}]}}