{"id":126424,"date":"2025-10-23T00:00:00","date_gmt":"2025-10-23T05:00:00","guid":{"rendered":"https:\/\/gpl-love.com\/es\/producto\/vehica-car-dealer-y-automotive-directory\/"},"modified":"2026-03-13T17:32:26","modified_gmt":"2026-03-13T22:32:26","slug":"vehica-car-dealer-y-automotive-directory","status":"publish","type":"product","link":"https:\/\/gpl-love.com\/es\/producto\/vehica-car-dealer-y-automotive-directory\/","title":{"rendered":"Vehica Car Dealer y Automotive Directory 1.0.103"},"content":{"rendered":"<h3>Vehica Car Dealer y Automotive Directory Caracteristicas<\/h3>\n<p>El concesionario de autom\u00f3viles de Vehica y el directorio automotriz es una soluci\u00f3n de software integral e integral dise\u00f1ada espec\u00edficamente para satisfacer las necesidades de los concesionarios de autom\u00f3viles y las empresas automotrices. Esta plataforma innovadora y de vanguardia optimiza y simplifica de manera efectiva el proceso complejo e intensivo de la mano de obra de gesti\u00f3n y muestra de inventario, programaci\u00f3n de citas y se dedica a una comunicaci\u00f3n perfecta con los clientes. La naturaleza f\u00e1cil de usar de Vehica garantiza que los concesionarios puedan enumerar y comercializar sin esfuerzo sus veh\u00edculos, manejar y supervisar eficientemente las clientes potenciales y las interacciones del cliente, as\u00ed como monitorear y analizar de cerca las m\u00e9tricas vitales de rendimiento. Adem\u00e1s, Vehica se integra perfectamente con sistemas de pago reconocidos y ampliamente utilizados, facilitando as\u00ed transacciones financieras sin problemas. Como si eso no fuera suficiente, esta plataforma excepcional tambi\u00e9n ofrece opciones de marca altamente personalizadas e implementa t\u00e9cnicas de optimizaci\u00f3n de SEO de \u00faltima generaci\u00f3n, lo que garantiza la m\u00e1xima visibilidad y presencia en l\u00ednea para las empresas. Es evidente que Vehica es la mejor tienda \u00fanica, que proporciona a las empresas automotrices un conjunto de herramientas integral que mejore efectivamente la eficiencia operativa, estimula las ventas y, en \u00faltima instancia, crea una experiencia del cliente incomparable y excepcional.<\/p>\n<ul>\n<li>Director de autom\u00f3vil y directorio automotriz integral con una amplia gama de listados<\/li>\n<li>Interfaz f\u00e1cil de usar para f\u00e1cil navegaci\u00f3n y b\u00fasqueda<\/li>\n<li>Informaci\u00f3n detallada sobre cada listado, incluida la ubicaci\u00f3n, la informaci\u00f3n de contacto, el inventario y las calificaciones\/revisiones de clientes anteriores<\/li>\n<li>Filtros de b\u00fasqueda avanzados para ayudar a los usuarios a encontrar exactamente lo que est\u00e1n buscando, como la marca\/modelo, el rango de precios y la ubicaci\u00f3n<\/li>\n<li>Capacidad para guardar listados favoritos y recibir alertas por correo electr\u00f3nico para nuevos listados o cambios en los existentes<\/li>\n<li>Integraci\u00f3n con las redes sociales y otras plataformas en l\u00ednea para compartir y promoci\u00f3n<\/li>\n<li>Opci\u00f3n para que los distribuidores actualicen su listado con caracter\u00edsticas adicionales y oportunidades de publicidad<\/li>\n<li>Base de datos actualizada regularmente para garantizar la precisi\u00f3n y relevancia de los listados<\/li>\n<li>Accesible a trav\u00e9s de dispositivos de escritorio o m\u00f3viles para un uso conveniente sobre la marcha.<\/li>\n<\/ul>\n","protected":false},"excerpt":{"rendered":"<p>El concesionario de autom\u00f3viles de Vehica y el directorio automotriz se destacan como una plataforma integral, con el objetivo de apoyar a los concesionarios de autom\u00f3viles para promover sus veh\u00edculos y establecer conexiones con posibles compradores. Este directorio posee una interfaz inmensamente f\u00e1cil de usar, lo que permite a los distribuidores cargar perfectamente detalles cruciales del veh\u00edculo, cautivar fotograf\u00edas y especificaciones intrincadas. Adem\u00e1s, sirve como una herramienta beneficiosa para los compradores de autom\u00f3viles, lo que les permite buscar sin esfuerzo sus veh\u00edculos de fabricaci\u00f3n y modelo deseados, comparar los precios de manera competente y acceder a una variedad de informaci\u00f3n pertinente, incluidas las revisiones y calificaciones de los distribuidores. Vehica, en esencia, no solo ayuda a los distribuidores a acentuar su inventario, sino que tambi\u00e9n asegura que los consumidores est\u00e9n equipados con la capacidad de descubrir el autom\u00f3vil ideal que se alinea armoniosamente con su conjunto \u00fanico de requisitos.<\/p>\n","protected":false},"featured_media":167946,"comment_status":"open","ping_status":"open","template":"","meta":[],"product_brand":[2337],"product_cat":[1307,1237,1238],"product_tag":[1391],"class_list":{"0":"post-126424","1":"product","2":"type-product","3":"status-publish","4":"has-post-thumbnail","6":"product_brand-themeforest","7":"product_cat-negocio-wordpress-temas","8":"product_cat-temas","9":"product_cat-wordpress-temas","10":"product_tag-themeforest","11":"member-discount","12":"discount-restricted","14":"first","15":"instock","16":"sale","17":"downloadable","18":"virtual","19":"sold-individually","20":"purchasable","21":"product-type-simple"},"_links":{"self":[{"href":"https:\/\/gpl-love.com\/es\/wp-json\/wp\/v2\/product\/126424","targetHints":{"allow":["GET"]}}],"collection":[{"href":"https:\/\/gpl-love.com\/es\/wp-json\/wp\/v2\/product"}],"about":[{"href":"https:\/\/gpl-love.com\/es\/wp-json\/wp\/v2\/types\/product"}],"replies":[{"embeddable":true,"href":"https:\/\/gpl-love.com\/es\/wp-json\/wp\/v2\/comments?post=126424"}],"wp:featuredmedia":[{"embeddable":true,"href":"https:\/\/gpl-love.com\/es\/wp-json\/wp\/v2\/media\/167946"}],"wp:attachment":[{"href":"https:\/\/gpl-love.com\/es\/wp-json\/wp\/v2\/media?parent=126424"}],"wp:term":[{"taxonomy":"product_brand","embeddable":true,"href":"https:\/\/gpl-love.com\/es\/wp-json\/wp\/v2\/product_brand?post=126424"},{"taxonomy":"product_cat","embeddable":true,"href":"https:\/\/gpl-love.com\/es\/wp-json\/wp\/v2\/product_cat?post=126424"},{"taxonomy":"product_tag","embeddable":true,"href":"https:\/\/gpl-love.com\/es\/wp-json\/wp\/v2\/product_tag?post=126424"}],"curies":[{"name":"wp","href":"https:\/\/api.w.org\/{rel}","templated":true}]}}