{"id":126423,"date":"2024-02-05T00:00:00","date_gmt":"2024-02-05T05:00:00","guid":{"rendered":"https:\/\/gpl-love.com\/es\/producto\/vegan-food-organic-store-farm-responsive-woocommerce-wordpress-theme\/"},"modified":"2026-04-10T11:30:10","modified_gmt":"2026-04-10T16:30:10","slug":"vegan-food-organic-store-farm-responsive-woocommerce-wordpress-theme","status":"publish","type":"product","link":"https:\/\/gpl-love.com\/es\/producto\/vegan-food-organic-store-farm-responsive-woocommerce-wordpress-theme\/","title":{"rendered":"Vegan Food Organic Store Farm Responsive Woocommerce WordPress Theme 5.2.32"},"content":{"rendered":"<h3>Vegan Food Organic Store Farm Responsive Woocommerce WordPress Theme Caracteristicas<\/h3>\n<p>El tema de WordPress de WordPress de Vegan Food Store Farm Farm que se presenta como una herramienta incre\u00edblemente vers\u00e1til y poderosa que satisface las necesidades de las empresas que buscan establecer una presencia en l\u00ednea prominente para su tienda de alimentos org\u00e1nicos. Aprovechando la plataforma de WordPress siempre popular, este tema se ha creado meticulosamente para garantizar una capacidad de respuesta completa, garantizando as\u00ed un sitio web visualmente atractivo y sin problemas en todos los dispositivos. Con un dise\u00f1o pr\u00edstino y contempor\u00e1neo, el tema tambi\u00e9n ofrece una extensa gama de opciones de personalizaci\u00f3n, que abarca una amplia gama de esquemas de color y opciones de fuentes. Adem\u00e1s, el tema se integra perfectamente con WooCommerce, que le brinda la conveniencia de configurar sin esfuerzo una tienda en l\u00ednea y administrar efectivamente su inventario. Al centrar su enfoque en la sostenibilidad y abogar por las pr\u00e1cticas agr\u00edcolas responsables, el tema de WordPress de WordPress de la tienda org\u00e1nica vegana de Food Store Surge como la soluci\u00f3n por excelencia para cualquier negocio que tenga como objetivo efectuar un cambio positivo en el escenario global, todo al tiempo que aumenta las ventas y la generaci\u00f3n de ganancias sustanciales. .<\/p>\n<ul>\n<li>Tema de WordPress dise\u00f1ado a medida para tiendas y granjas de alimentos veganos y granjas<\/li>\n<li>Totalmente receptivo y optimizado para todos los dispositivos<\/li>\n<li>Construido con WooCommerce para una f\u00e1cil venta en l\u00ednea de productos<\/li>\n<li>7 dise\u00f1os de p\u00e1gina de inicio prefabricados para elegir<\/li>\n<li>M\u00e1s de 15 plantillas de p\u00e1gina interna para varias secciones del sitio web<\/li>\n<li>Colores, fuentes y dise\u00f1os personalizables<\/li>\n<li>Builder de p\u00e1gina f\u00e1cil de usar para crear sus propios dise\u00f1os \u00fanicos<\/li>\n<li>Integraci\u00f3n con complementos populares como MailChimp y Yoast SEO<\/li>\n<li>Soporte multiling\u00fce para llegar a un p\u00fablico m\u00e1s amplio<\/li>\n<li>Actualizaciones regulares y soporte dedicado para garantizar un funcionamiento sin problemas de su sitio web.<\/li>\n<\/ul>\n","protected":false},"excerpt":{"rendered":"<p>El tema de WordPress de WordPress de Vegan Food Store Boolic Store RESSIVSIVE ofrece una soluci\u00f3n \u00f3ptima tanto para las personas como para las empresas que buscan establecer una tienda en l\u00ednea con el fin de vender sus productos org\u00e1nicos y veganos. Este tema en particular ha sido meticulosamente elaborado para atender efectivamente a los clientes que acceden al sitio web a trav\u00e9s de una variedad de dispositivos, ya que cuenta con una impresionante capacidad de respuesta m\u00f3vil. Adem\u00e1s, los usuarios reciben amplias oportunidades de personalizaci\u00f3n, lo que les permite adaptar su sitio web de acuerdo con su identidad de marca y los requisitos comerciales individuales. Al incorporar el complemento eficiente de WooCommerce, la gesti\u00f3n del inventario, el seguimiento de los pedidos y facilitar el procesamiento de pagos sin problemas se han vuelto notablemente sin esfuerzo. En \u00faltima instancia, el tema de WordPress de WordPress de WordPress de Vegan Food Store BooCommerce ofrece a los empresarios una soluci\u00f3n que lo abarca todo que les permite establecer sin esfuerzo una tienda en l\u00ednea altamente profesional y expandir efectivamente su base de clientes.<\/p>\n","protected":false},"featured_media":167945,"comment_status":"open","ping_status":"open","template":"","meta":[],"product_brand":[2337],"product_cat":[1646,1237,1238],"product_tag":[1391],"class_list":{"0":"post-126423","1":"product","2":"type-product","3":"status-publish","4":"has-post-thumbnail","6":"product_brand-themeforest","7":"product_cat-alimentacion-y-restaurante","8":"product_cat-temas","9":"product_cat-wordpress-temas","10":"product_tag-themeforest","11":"member-discount","12":"discount-restricted","14":"first","15":"instock","16":"sale","17":"downloadable","18":"virtual","19":"sold-individually","20":"purchasable","21":"product-type-simple"},"_links":{"self":[{"href":"https:\/\/gpl-love.com\/es\/wp-json\/wp\/v2\/product\/126423","targetHints":{"allow":["GET"]}}],"collection":[{"href":"https:\/\/gpl-love.com\/es\/wp-json\/wp\/v2\/product"}],"about":[{"href":"https:\/\/gpl-love.com\/es\/wp-json\/wp\/v2\/types\/product"}],"replies":[{"embeddable":true,"href":"https:\/\/gpl-love.com\/es\/wp-json\/wp\/v2\/comments?post=126423"}],"wp:featuredmedia":[{"embeddable":true,"href":"https:\/\/gpl-love.com\/es\/wp-json\/wp\/v2\/media\/167945"}],"wp:attachment":[{"href":"https:\/\/gpl-love.com\/es\/wp-json\/wp\/v2\/media?parent=126423"}],"wp:term":[{"taxonomy":"product_brand","embeddable":true,"href":"https:\/\/gpl-love.com\/es\/wp-json\/wp\/v2\/product_brand?post=126423"},{"taxonomy":"product_cat","embeddable":true,"href":"https:\/\/gpl-love.com\/es\/wp-json\/wp\/v2\/product_cat?post=126423"},{"taxonomy":"product_tag","embeddable":true,"href":"https:\/\/gpl-love.com\/es\/wp-json\/wp\/v2\/product_tag?post=126423"}],"curies":[{"name":"wp","href":"https:\/\/api.w.org\/{rel}","templated":true}]}}