{"id":126422,"date":"2023-06-09T00:00:00","date_gmt":"2023-06-09T05:00:00","guid":{"rendered":"https:\/\/gpl-love.com\/es\/producto\/veera-multipurpose-woocommerce-theme\/"},"modified":"2026-04-10T11:30:10","modified_gmt":"2026-04-10T16:30:10","slug":"veera-multipurpose-woocommerce-theme","status":"publish","type":"product","link":"https:\/\/gpl-love.com\/es\/producto\/veera-multipurpose-woocommerce-theme\/","title":{"rendered":"Veera Multipurpose WooCommerce Theme 1.3.1"},"content":{"rendered":"<h3>Veera Multipurpose WooCommerce Theme Caracteristicas<\/h3>\n<p>El tema de WooCommerce de Veera MultipUrpose se presenta como un tema de WordPress extremadamente adaptable y contempor\u00e1neo, meticulosamente elaborado para satisfacer las necesidades de las tiendas en l\u00ednea. Abarca una amplia gama de caracter\u00edsticas que capacitan a los usuarios para modificar tiendas virtuales exclusivas y est\u00e9ticamente agradables. Gracias a su dise\u00f1o receptivo, el tema est\u00e1 impecablemente optimizado para dispositivos m\u00f3viles, garantizando una experiencia de compra perfecta y gratificante para los usuarios. Adem\u00e1s, el tema cuenta con atributos amigables con SEO, facilitando una clasificaci\u00f3n m\u00e1s alta en los resultados del motor de b\u00fasqueda. Su interfaz intuitiva garantiza la personalizaci\u00f3n sin esfuerzo de colores, fuentes y dise\u00f1os. Adem\u00e1s, el tema extiende generosamente una multitud de opciones de personalizaci\u00f3n para encabezados, pies de p\u00e1gina y p\u00e1ginas de productos. En resumen, el tema de WooCommerce multiprop\u00f3sito Veera demuestra ser una opci\u00f3n impecable para las personas que aspiran a lanzar una tienda en l\u00ednea profesional y contempor\u00e1nea.<\/p>\n<ul>\n<li>Opciones de dise\u00f1o personalizables para adaptarse a una variedad de necesidades de comercio electr\u00f3nico<\/li>\n<li>Compatibilidad incorporada de WooCommerce para la creaci\u00f3n de tiendas en l\u00ednea sin interrupciones<\/li>\n<li>Dise\u00f1o de respuesta m\u00f3vil para una visualizaci\u00f3n \u00f3ptima en todos los dispositivos<\/li>\n<li>M\u00faltiples opciones de dise\u00f1o de la p\u00e1gina de inicio para exhibir sus productos y marca<\/li>\n<li>Constructor de p\u00e1gina de arrastre y soltar f\u00e1cil de usar para personalizaci\u00f3n sin esfuerzo<\/li>\n<li>Una amplia gama de p\u00e1ginas predise\u00f1adas para acelerar la creaci\u00f3n de su tienda en l\u00ednea<\/li>\n<li>Gesti\u00f3n de descuento y promoci\u00f3n para aumentar la conversi\u00f3n de los clientes<\/li>\n<li>Opciones de vista r\u00e1pida para una experiencia de cliente simplificada<\/li>\n<li>Proceso de pago simplificado para mejorar la satisfacci\u00f3n del cliente<\/li>\n<li>Multiling\u00fce y listo para la traducci\u00f3n para el alcance de comercio electr\u00f3nico global<\/li>\n<li>Documentaci\u00f3n integral y atenci\u00f3n al cliente para garantizar una implementaci\u00f3n de temas sin problemas.<\/li>\n<\/ul>\n","protected":false},"excerpt":{"rendered":"<p>El tema de WooCommerce de Veera Multipurpose es un tema incre\u00edblemente vers\u00e1til e innegablemente moderno que ha sido elaborado por expertos para atender a empresas de todas las formas y tama\u00f1os, particularmente aquellos que buscan establecer una fuerte presencia en l\u00ednea y vender efectivamente sus productos a trav\u00e9s del reino digital. Con una amplia gama de caracter\u00edsticas impresionantes y opciones de personalizaci\u00f3n, este tema puede adaptarse sin esfuerzo para adaptarse a las necesidades espec\u00edficas y \u00fanicas de su negocio, lo que le permite destacar realmente dentro de la industria elegida. Adem\u00e1s, este tema es totalmente receptivo y sorprendentemente f\u00e1cil de usar, asegurando que navegar y utilizar sus diversas funciones y herramientas es una brisa absoluta. Con su dise\u00f1o elegante, pulido e innegablemente profesional, este tema sirve como tel\u00f3n de fondo ideal para exhibir sus productos excepcionales y alentar a los clientes a hacer una compra. Adem\u00e1s, el tema Veera MultipUrpose WooCommerce es totalmente compatible con WooCommerce, el complemento de comercio electr\u00f3nico l\u00edder para WordPress, lo que significa que configurar su propia tienda en l\u00ednea nunca ha sido m\u00e1s f\u00e1cil. Diga adi\u00f3s a los largos y complicados procesos de instalaci\u00f3n; Con este tema a su disposici\u00f3n, puede sumergirse de cabeza en el emocionante mundo del comercio minorista en l\u00ednea en muy poco tiempo. En esencia, el tema de WooCommerce de Veera Multipurpose le ofrece la oportunidad \u00fanica de crear una tienda en l\u00ednea excepcionalmente hermosa y notablemente efectiva, una que sin duda contribuir\u00e1 al crecimiento y la prosperidad de su negocio en los pr\u00f3ximos a\u00f1os.<\/p>\n","protected":false},"featured_media":167944,"comment_status":"open","ping_status":"open","template":"","meta":[],"product_brand":[2337],"product_cat":[1263,1397,1237],"product_tag":[1391],"class_list":{"0":"post-126422","1":"product","2":"type-product","3":"status-publish","4":"has-post-thumbnail","6":"product_brand-themeforest","7":"product_cat-comercio-electronico-temas","8":"product_cat-de-multiples-fines-comercio-electronico-temas","9":"product_cat-temas","10":"product_tag-themeforest","11":"member-discount","12":"discount-restricted","14":"first","15":"instock","16":"sale","17":"downloadable","18":"virtual","19":"sold-individually","20":"purchasable","21":"product-type-simple"},"_links":{"self":[{"href":"https:\/\/gpl-love.com\/es\/wp-json\/wp\/v2\/product\/126422","targetHints":{"allow":["GET"]}}],"collection":[{"href":"https:\/\/gpl-love.com\/es\/wp-json\/wp\/v2\/product"}],"about":[{"href":"https:\/\/gpl-love.com\/es\/wp-json\/wp\/v2\/types\/product"}],"replies":[{"embeddable":true,"href":"https:\/\/gpl-love.com\/es\/wp-json\/wp\/v2\/comments?post=126422"}],"wp:featuredmedia":[{"embeddable":true,"href":"https:\/\/gpl-love.com\/es\/wp-json\/wp\/v2\/media\/167944"}],"wp:attachment":[{"href":"https:\/\/gpl-love.com\/es\/wp-json\/wp\/v2\/media?parent=126422"}],"wp:term":[{"taxonomy":"product_brand","embeddable":true,"href":"https:\/\/gpl-love.com\/es\/wp-json\/wp\/v2\/product_brand?post=126422"},{"taxonomy":"product_cat","embeddable":true,"href":"https:\/\/gpl-love.com\/es\/wp-json\/wp\/v2\/product_cat?post=126422"},{"taxonomy":"product_tag","embeddable":true,"href":"https:\/\/gpl-love.com\/es\/wp-json\/wp\/v2\/product_tag?post=126422"}],"curies":[{"name":"wp","href":"https:\/\/api.w.org\/{rel}","templated":true}]}}